{"id":35721,"date":"2025-08-29T12:58:37","date_gmt":"2025-08-29T12:58:37","guid":{"rendered":"https:\/\/alfaomega.tv\/librarie\/?post_type=product&#038;p=35721"},"modified":"2026-03-13T14:11:25","modified_gmt":"2026-03-13T14:11:25","slug":"david-a-inteles-ca-este-imparat","status":"publish","type":"product","link":"https:\/\/alfaomega.tv\/librarie\/produse\/identitate-crestere-spirituala-revelatie\/david-a-inteles-ca-este-imparat\/","title":{"rendered":"David a \u00een\u021beles c\u0103 este \u00eemp\u0103rat"},"content":{"rendered":"<p>Dumnezeu l-a luat pe David de pe c\u00e2mp, unde urm\u0103rea oile, ca s\u0103 devin\u0103 conduc\u0103torul lui Israel. El a fost trecut cu vederea de tat\u0103l s\u0103u, \u00eens\u0103 ales de Dumnezeu. El a purtat visul de a fi \u00eemp\u0103rat din ziua \u00een care a fost uns de Samuel, \u00eens\u0103 nu s-a sim\u021bit demn s\u0103 se c\u0103s\u0103toreasc\u0103 cu fiica \u00eemp\u0103ratului dup\u0103 ce l-a \u00eenvins pe Goliat. David a trecut prin multe momente uimitoare \u00een via\u021ba sa, \u00eens\u0103 a \u00eendurat \u0219i multe traume. El a fost eroul Israelului \u0219i apoi a devenit r\u0103uf\u0103c\u0103torul v\u00e2nat. A trecut de la a conduce armatele lui Israel, la a fi urm\u0103rit de acestea. C\u00e2nd David a fost uns \u00eemp\u0103rat \u00een Iuda, a izbucnit un r\u0103zboi civil. La fiecare pas pe care Dumnezeu \u00eel f\u0103cea pentru a stabili identitatea lui David, vr\u0103jma\u0219ul \u00eencerca s\u0103 i-o fure. Pentru \u00eenfr\u00e2ngerea lui Goliat a fost nevoie de credin\u021b\u0103, \u00eens\u0103 pentru preluarea tronului a fost nevoie de identitate. Este nevoie de un Goliat pentru a dezv\u0103lui un David, \u0219i de c\u0103l\u0103toria sa pentru a produce un rege. Credin\u021ba crede \u00een ceea ce poate face Dumnezeu. Identitatea crede \u00een ceea ce poate face Dumnezeu prin tine. Las\u0103 c\u0103l\u0103toria lui David s\u0103 aib\u0103 impact asupra c\u0103l\u0103toriei tale.<\/p>\n<p>&nbsp;<\/p>\n","protected":false},"excerpt":{"rendered":"<p>Identitatea &#8211; cheia spre destinul t\u0103u<\/p>\n","protected":false},"featured_media":7385,"template":"","meta":{"_acf_changed":false},"product_brand":[],"product_cat":[21],"product_tag":[],"class_list":{"0":"post-35721","1":"product","2":"type-product","3":"status-publish","4":"has-post-thumbnail","6":"product_cat-identitate-crestere-spirituala-revelatie","7":"pa_autori-dale-l-mast","8":"pa_format-carte-tiparita","9":"pa_format-carte-electronica","11":"first","12":"outofstock","13":"shipping-taxable","14":"purchasable","15":"product-type-variable"},"acf":[],"_links":{"self":[{"href":"https:\/\/alfaomega.tv\/librarie\/wp-json\/wp\/v2\/product\/35721","targetHints":{"allow":["GET"]}}],"collection":[{"href":"https:\/\/alfaomega.tv\/librarie\/wp-json\/wp\/v2\/product"}],"about":[{"href":"https:\/\/alfaomega.tv\/librarie\/wp-json\/wp\/v2\/types\/product"}],"wp:featuredmedia":[{"embeddable":true,"href":"https:\/\/alfaomega.tv\/librarie\/wp-json\/wp\/v2\/media\/7385"}],"wp:attachment":[{"href":"https:\/\/alfaomega.tv\/librarie\/wp-json\/wp\/v2\/media?parent=35721"}],"wp:term":[{"taxonomy":"product_brand","embeddable":true,"href":"https:\/\/alfaomega.tv\/librarie\/wp-json\/wp\/v2\/product_brand?post=35721"},{"taxonomy":"product_cat","embeddable":true,"href":"https:\/\/alfaomega.tv\/librarie\/wp-json\/wp\/v2\/product_cat?post=35721"},{"taxonomy":"product_tag","embeddable":true,"href":"https:\/\/alfaomega.tv\/librarie\/wp-json\/wp\/v2\/product_tag?post=35721"}],"curies":[{"name":"wp","href":"https:\/\/api.w.org\/{rel}","templated":true}]}}