{"id":35723,"date":"2025-08-29T12:58:37","date_gmt":"2025-08-29T12:58:37","guid":{"rendered":"https:\/\/alfaomega.tv\/librarie\/?post_type=product&#038;p=35723"},"modified":"2025-11-03T13:12:16","modified_gmt":"2025-11-03T13:12:16","slug":"conversatiile-mentorarii","status":"publish","type":"product","link":"https:\/\/alfaomega.tv\/librarie\/produse\/slujind-trupul-lui-hristos\/conversatiile-mentorarii\/","title":{"rendered":"Conversatiile mentorarii"},"content":{"rendered":"<p>Aceasta este mai mult dec\u00e2t o carte&#8230;. este inima lui Isus care vorbe\u0219te. Nu este doar o alt\u0103 lectur\u0103, ci o introspec\u021bie \u00een stilul de via\u021b\u0103 ca cel al lui Isus \u0219i \u00een ucenicizarea plin\u0103 de road\u0103 pe care mul\u021bi pastori o neglijeaz\u0103. Recomand aceast\u0103 carte tuturor ucenicilor lui Isus Hristos, \u00een numele comunit\u0103\u021bii Hope of Glory \u0219i a partenerilor no\u0219tri Philippine Ministrerial Fellowship Network.<br \/>Bishop Jonel Milan, Hope of Glory Community, Community of Independent Churches in the Philippines<\/p>\n<p>Dr Moldez prezint\u0103 aceste concepte explic\u00e2nd \u00eentr-un mod practic, care ne ad\u00e2nce\u0219te \u0219i ne \u00eemprosp\u0103teaz\u0103 comuniunea cu Dumnezeu \u0219i ne ajut\u0103 s\u0103 ne ocup\u0103m de anumite realit\u0103\u021bi din via\u021b\u0103. Aceasta ne \u00eencurajeaz\u0103 la timpul de calitate absolut necesar petrecut cu El \u0219i reitereaz\u0103 rolul lui Isus \u00een absolut fiecare aspect al vie\u021bilor noastre. Aceasta ajut\u0103 la mentorare \u0219i ucenicizare, \u00een grupuri mici de discu\u021bie sau devo\u021bionalul personal. <br \/>Biship Ef Tendero, director na\u021bional Philippine Council of Evangelical Churches<\/p>\n<p>Mentorii sunt catalizatori. Ei scot ce e mai bun din noi, f\u0103c\u00e2ndu-ne s\u0103 ne ridic\u0103m chiar \u0219i deasupra lor a\u0219a cum Freddie Roach i-a f\u0103cut lui Manny Pacquiao. Kuya Herman Moldez, unul dintre catalizatorii din via\u021ba mea, \u00ee\u0219i \u00eemp\u0103rt\u0103\u0219e\u0219te inima de mentor prin Conversa\u021biile mentor\u0103rii. <br \/>Pastor Etriche Cortez, Radio Bible Teacher, Tanglaw sa landas ng Buhay (Back to the Bible Philippines), Pastor asociat, Makati Gospel Church<\/p>\n<\/p>\n<p>HERMAN A. MOLDEZ (Mdiv., DD) este pastorul senior al Faith Baptist Church din ora\u0219ul Quezon. El sluje\u0219te, antreneaz\u0103 \u0219i mentoreaz\u0103 pastori \u00een cadrul International Care Ministries.  Din 2002 este voluntar la PCEC \u00een ce prive\u0219te dezvoltarea  conducerii pastorale \u0219i coordoneaz\u0103 Pastoral Care Commission pentru pastori prin MentorLink International \u2013 Philippines.  De asemenea, sluje\u0219te la General Secretary of Inter &#8211; Varsity Christian Fellowship. Herman \u0219i so\u021bia sa, Mercedita, au doi fii \u0219i locuiesc \u00een Caloocan.<\/p>\n<\/p>\n<p>Nr. pagini: 326<\/p>\n","protected":false},"excerpt":{"rendered":"<p>Ghid pentru mentorarea spiritual\u0103<\/p>\n","protected":false},"featured_media":7387,"template":"","meta":{"_acf_changed":false},"product_brand":[],"product_cat":[19],"product_tag":[],"class_list":{"0":"post-35723","1":"product","2":"type-product","3":"status-publish","4":"has-post-thumbnail","6":"product_cat-slujind-trupul-lui-hristos","7":"pa_autori-herman-a-moldez","8":"pa_format-carte-tiparita","9":"pa_format-carte-electronica","11":"first","12":"instock","13":"shipping-taxable","14":"purchasable","15":"product-type-variable"},"acf":[],"_links":{"self":[{"href":"https:\/\/alfaomega.tv\/librarie\/wp-json\/wp\/v2\/product\/35723","targetHints":{"allow":["GET"]}}],"collection":[{"href":"https:\/\/alfaomega.tv\/librarie\/wp-json\/wp\/v2\/product"}],"about":[{"href":"https:\/\/alfaomega.tv\/librarie\/wp-json\/wp\/v2\/types\/product"}],"wp:featuredmedia":[{"embeddable":true,"href":"https:\/\/alfaomega.tv\/librarie\/wp-json\/wp\/v2\/media\/7387"}],"wp:attachment":[{"href":"https:\/\/alfaomega.tv\/librarie\/wp-json\/wp\/v2\/media?parent=35723"}],"wp:term":[{"taxonomy":"product_brand","embeddable":true,"href":"https:\/\/alfaomega.tv\/librarie\/wp-json\/wp\/v2\/product_brand?post=35723"},{"taxonomy":"product_cat","embeddable":true,"href":"https:\/\/alfaomega.tv\/librarie\/wp-json\/wp\/v2\/product_cat?post=35723"},{"taxonomy":"product_tag","embeddable":true,"href":"https:\/\/alfaomega.tv\/librarie\/wp-json\/wp\/v2\/product_tag?post=35723"}],"curies":[{"name":"wp","href":"https:\/\/api.w.org\/{rel}","templated":true}]}}