{"id":35725,"date":"2025-08-29T12:58:37","date_gmt":"2025-08-29T12:58:37","guid":{"rendered":"https:\/\/alfaomega.tv\/librarie\/?post_type=product&#038;p=35725"},"modified":"2025-11-06T12:16:32","modified_gmt":"2025-11-06T12:16:32","slug":"de-ce-salvatorul-lumii-este-evreu","status":"publish","type":"product","link":"https:\/\/alfaomega.tv\/librarie\/produse\/intelegerea-vremurilor-israel\/de-ce-salvatorul-lumii-este-evreu\/","title":{"rendered":"De ce salvatorul lumii este evreu?"},"content":{"rendered":"<p>C\u00e2nd prive\u0219ti tablourile care \u00cel \u00eenf\u0103\u021bi\u0219eaz\u0103 pe Isus, El seam\u0103n\u0103 mai mult cu Apollo al grecilor dec\u00e2t cu un evreu. De ce este Salvatorul lumii evreu? Sau este aceasta doar o alt\u0103 coinciden\u021b\u0103? Nu ar fi putut El s\u0103 fie la fel de bine chinez, olandez, african sau sud-american pentru lucrarea Sa de isp\u0103\u0219ire \u0219i r\u0103scump\u0103rare? Din dragoste profund\u0103 pentru Israel, precum \u0219i pentru Biseric\u0103, reverendul Willem Glashouwer te duce \u00eentr-o c\u0103utare a r\u0103spunsului la aceast\u0103 \u00eentrebare tentant\u0103.<br \/>\nDescoperi\u021bi cum, secole la r\u00e2nd, cre\u0219tinismul s-a considerat noul Israel \u0219i cum a influen\u021bat asta credin\u021ba noastr\u0103. Nu era vorba despre Ierusalimul p\u0103m\u00e2ntesc, ci despre Ierusalimul ceresc. De asemenea, acest lucru a zugr\u0103vit imaginea cre\u0219tinilor despre Mesia. Noi perspective au ap\u0103rut numai dup\u0103 ce statul Israel a luat fiin\u021b\u0103 \u00een 1948 \u0219i evreii au \u00eenceput s\u0103 se \u00eentoarc\u0103 \u00een \u021bara pe care le-a promis-o Dumnezeu. Cel Prea\u00eenalt are \u00eenc\u0103 o leg\u0103tur\u0103 profund\u0103 cu acest popor, acest p\u0103m\u00e2nt \u0219i acest Ierusalim p\u0103m\u00e2ntesc.<\/p>\n<p>&nbsp;<\/p>\n","protected":false},"excerpt":{"rendered":"<p>De ce este Salvatorul lumii evreu? Sau este aceasta doar o alt\u0103 coinciden\u021b\u0103?<\/p>\n","protected":false},"featured_media":7389,"template":"","meta":{"_acf_changed":false},"product_brand":[],"product_cat":[24],"product_tag":[],"class_list":{"0":"post-35725","1":"product","2":"type-product","3":"status-publish","4":"has-post-thumbnail","6":"product_cat-intelegerea-vremurilor-israel","7":"pa_autori-willem-j-j-glashouwer","8":"pa_format-carte-tiparita","9":"pa_format-carte-electronica","11":"first","12":"instock","13":"shipping-taxable","14":"purchasable","15":"product-type-variable"},"acf":[],"_links":{"self":[{"href":"https:\/\/alfaomega.tv\/librarie\/wp-json\/wp\/v2\/product\/35725","targetHints":{"allow":["GET"]}}],"collection":[{"href":"https:\/\/alfaomega.tv\/librarie\/wp-json\/wp\/v2\/product"}],"about":[{"href":"https:\/\/alfaomega.tv\/librarie\/wp-json\/wp\/v2\/types\/product"}],"wp:featuredmedia":[{"embeddable":true,"href":"https:\/\/alfaomega.tv\/librarie\/wp-json\/wp\/v2\/media\/7389"}],"wp:attachment":[{"href":"https:\/\/alfaomega.tv\/librarie\/wp-json\/wp\/v2\/media?parent=35725"}],"wp:term":[{"taxonomy":"product_brand","embeddable":true,"href":"https:\/\/alfaomega.tv\/librarie\/wp-json\/wp\/v2\/product_brand?post=35725"},{"taxonomy":"product_cat","embeddable":true,"href":"https:\/\/alfaomega.tv\/librarie\/wp-json\/wp\/v2\/product_cat?post=35725"},{"taxonomy":"product_tag","embeddable":true,"href":"https:\/\/alfaomega.tv\/librarie\/wp-json\/wp\/v2\/product_tag?post=35725"}],"curies":[{"name":"wp","href":"https:\/\/api.w.org\/{rel}","templated":true}]}}