{"id":35729,"date":"2025-08-29T12:58:38","date_gmt":"2025-08-29T12:58:38","guid":{"rendered":"https:\/\/alfaomega.tv\/librarie\/?post_type=product&#038;p=35729"},"modified":"2025-10-30T14:40:02","modified_gmt":"2025-10-30T14:40:02","slug":"gazduind-prezenta-sa","status":"publish","type":"product","link":"https:\/\/alfaomega.tv\/librarie\/produse\/identitate-crestere-spirituala-revelatie\/gazduind-prezenta-sa\/","title":{"rendered":"G\u0103zduind prezen\u021ba Sa"},"content":{"rendered":"<p>De-a lungul istoriei omenirii, Dumnezeu a c\u0103utat oameni a c\u0103ror inim\u0103 este dup\u0103 voia Lui. El ridic\u0103 o r\u0103m\u0103\u0219i\u021b\u0103 de oameni pentru a-\u0218i g\u0103zdui prezen\u021ba \u0219i a face cunoscut\u0103 puterea m\u00e2ntuirii Sale prin puterea Evangheliei. Ai o pasiune pentru a \u00eemplini scopul S\u0103u \u00een via\u021ba ta prin puterea \u0219i ungerea Duhului Sf\u00e2nt? Aceast\u0103 carte este pentru tine! \u201eG\u0103zduind prezen\u021ba Sa\u201d, scris\u0103 de Dr. Alemu Beeftu, este una dintre cele mai strategice \u0219i actuale c\u0103r\u021bi, care abordeaz\u0103 nu doar subiectul despre g\u0103zduirea prezen\u021bei Sale, ci \u0219i modul \u00een care ne putem preg\u0103ti ca s\u0103-L g\u0103zduim pe El.  &#8211; Don Crum, Leadership International<\/p>\n<p>Dup\u0103 ce ve\u021bi citi \u201eG\u0103zduind prezen\u021ba Sa\u201d, ve\u021bi descoperi c\u0103 revela\u021bia \u0219i puterea din aceste pagini au poten\u021bialul de a v\u0103 schimba via\u021ba \u00een bine \u0219i de a v\u0103 pozi\u021biona astfel \u00eenc\u00e2t s\u0103 tr\u0103i\u021bi acolo unde a\u021bi fost meni\u021bi s\u0103 tr\u0103i\u021bi, \u00een prezen\u021ba Sa! &#8211; Dr. Greg Hood, Pre\u0219edinte Kingdom University<\/p>\n<p>Adev\u0103rul \u0219i profunzimea spiritual\u0103 a mesajului transmis de Dr. Beeftu \u00een cartea \u201eG\u0103zduind prezen\u021ba Sa\u201d sunt \u00eencurajatoare, \u00een\u0103l\u021b\u0103toare \u0219i chiar provocatoare. &#8211; Polly Harder, Pre\u0219edinte RH Publishing, autor\/conferen\u021biar<\/p>\n<\/p>\n<p>Nr. pagini: 198<\/p>\n","protected":false},"excerpt":{"rendered":"<p>Pozi\u021bion\u00e2nd r\u0103m\u0103\u0219i\u021ba pentru a-I declara slava.<\/p>\n","protected":false},"featured_media":7393,"template":"","meta":{"_acf_changed":false},"product_brand":[],"product_cat":[21],"product_tag":[],"class_list":{"0":"post-35729","1":"product","2":"type-product","3":"status-publish","4":"has-post-thumbnail","6":"product_cat-identitate-crestere-spirituala-revelatie","7":"pa_autori-alemu-beeftu","8":"pa_format-carte-tiparita","9":"pa_format-carte-electronica","11":"first","12":"instock","13":"shipping-taxable","14":"purchasable","15":"product-type-variable"},"acf":[],"_links":{"self":[{"href":"https:\/\/alfaomega.tv\/librarie\/wp-json\/wp\/v2\/product\/35729","targetHints":{"allow":["GET"]}}],"collection":[{"href":"https:\/\/alfaomega.tv\/librarie\/wp-json\/wp\/v2\/product"}],"about":[{"href":"https:\/\/alfaomega.tv\/librarie\/wp-json\/wp\/v2\/types\/product"}],"wp:featuredmedia":[{"embeddable":true,"href":"https:\/\/alfaomega.tv\/librarie\/wp-json\/wp\/v2\/media\/7393"}],"wp:attachment":[{"href":"https:\/\/alfaomega.tv\/librarie\/wp-json\/wp\/v2\/media?parent=35729"}],"wp:term":[{"taxonomy":"product_brand","embeddable":true,"href":"https:\/\/alfaomega.tv\/librarie\/wp-json\/wp\/v2\/product_brand?post=35729"},{"taxonomy":"product_cat","embeddable":true,"href":"https:\/\/alfaomega.tv\/librarie\/wp-json\/wp\/v2\/product_cat?post=35729"},{"taxonomy":"product_tag","embeddable":true,"href":"https:\/\/alfaomega.tv\/librarie\/wp-json\/wp\/v2\/product_tag?post=35729"}],"curies":[{"name":"wp","href":"https:\/\/api.w.org\/{rel}","templated":true}]}}