{"id":35731,"date":"2025-08-29T12:58:38","date_gmt":"2025-08-29T12:58:38","guid":{"rendered":"https:\/\/alfaomega.tv\/librarie\/?post_type=product&#038;p=35731"},"modified":"2025-10-30T13:22:18","modified_gmt":"2025-10-30T13:22:18","slug":"doi-fii-si-un-tata","status":"publish","type":"product","link":"https:\/\/alfaomega.tv\/librarie\/produse\/identitate-crestere-spirituala-revelatie\/doi-fii-si-un-tata\/","title":{"rendered":"Doi fii \u0219i un tat\u0103"},"content":{"rendered":"<p>Fiul risipitor nu a vrut s\u0103 tr\u0103iasc\u0103 \u00een prezen\u021ba tat\u0103lui s\u0103u. Fiul cel mare nu a \u0219tiut cum s\u0103 tr\u0103iasc\u0103 \u00een prezen\u021ba tat\u0103lui s\u0103u. Am\u00e2ndoi aveau aceea\u0219i problem\u0103 \u2013 \u00ee\u0219i doreau petreceri f\u0103r\u0103 tat\u0103l lor. Fiul cel mic \u0219i-a irosit partea de mo\u0219tenire, \u00een timp ce fiul cel mare a muncit ca un sclav \u00een mijlocul ei \u2013 \u00eencerc\u00e2nd s\u0103 dob\u00e2ndeasc\u0103 ceea ce a refuzat s\u0103 primeasc\u0103. Cererea este un privilegiu al fiilor, o autoritate ascuns\u0103 orfanilor.<\/p>\n<p>Dumnezeu, Creatorul \u00eentregii omeniri, \u00ce\u0219i dore\u0219te s\u0103 \u00ee\u021bi fie Tat\u0103. C\u00e2nd ucenicii I-au cerut lui Isus s\u0103-i \u00eenve\u021be s\u0103 se roage, primele dou\u0103 cuvinte pe care le-a spus El, \u201eTat\u0103l nostru\u201d, au dat tonul \u0219i au stabilit realitatea \u00eentregii rug\u0103ciuni. Dac\u0103 aceste dou\u0103 cuvinte nu ne cuprind inima, celelalte cuvinte \u00ee\u0219i pierd contextul, precum \u0219i favoarea implicit\u0103 care vine din acea rela\u021bie personal\u0103 dinamic\u0103.<\/p>\n<p>Exist\u0103 anumite chei pentru a ne primi mo\u0219tenirea care sunt absolut necesare \u00eemplinirii destinului nostru. Fiul risipitor a fost restaurat prin dragostea \u0219i mila tat\u0103lui s\u0103u, \u00eens\u0103 ceea ce i-a completat \u0219i \u00eemputernicit via\u021ba a fost celebrarea tat\u0103lui s\u0103u. Haina ta cea mai bun\u0103 se afl\u0103 \u00een dulapul S\u0103u. Este timpul s\u0103 intri \u00een celebrarea Tat\u0103lui!<\/p>\n<p>&nbsp;<\/p>\n","protected":false},"excerpt":{"rendered":"<p>Dumnezeu, Creatorul \u00eentregii omeniri, \u00ce\u0219i dore\u0219te s\u0103 \u00ee\u021bi fie Tat\u0103.<\/p>\n","protected":false},"featured_media":7395,"template":"","meta":{"_acf_changed":false},"product_brand":[],"product_cat":[21],"product_tag":[],"class_list":{"0":"post-35731","1":"product","2":"type-product","3":"status-publish","4":"has-post-thumbnail","6":"product_cat-identitate-crestere-spirituala-revelatie","7":"pa_autori-dale-l-mast","8":"pa_format-carte-tiparita","9":"pa_format-carte-electronica","11":"first","12":"instock","13":"shipping-taxable","14":"purchasable","15":"product-type-variable"},"acf":[],"_links":{"self":[{"href":"https:\/\/alfaomega.tv\/librarie\/wp-json\/wp\/v2\/product\/35731","targetHints":{"allow":["GET"]}}],"collection":[{"href":"https:\/\/alfaomega.tv\/librarie\/wp-json\/wp\/v2\/product"}],"about":[{"href":"https:\/\/alfaomega.tv\/librarie\/wp-json\/wp\/v2\/types\/product"}],"wp:featuredmedia":[{"embeddable":true,"href":"https:\/\/alfaomega.tv\/librarie\/wp-json\/wp\/v2\/media\/7395"}],"wp:attachment":[{"href":"https:\/\/alfaomega.tv\/librarie\/wp-json\/wp\/v2\/media?parent=35731"}],"wp:term":[{"taxonomy":"product_brand","embeddable":true,"href":"https:\/\/alfaomega.tv\/librarie\/wp-json\/wp\/v2\/product_brand?post=35731"},{"taxonomy":"product_cat","embeddable":true,"href":"https:\/\/alfaomega.tv\/librarie\/wp-json\/wp\/v2\/product_cat?post=35731"},{"taxonomy":"product_tag","embeddable":true,"href":"https:\/\/alfaomega.tv\/librarie\/wp-json\/wp\/v2\/product_tag?post=35731"}],"curies":[{"name":"wp","href":"https:\/\/api.w.org\/{rel}","templated":true}]}}