{"id":35739,"date":"2025-08-29T12:58:47","date_gmt":"2025-08-29T12:58:47","guid":{"rendered":"https:\/\/alfaomega.tv\/librarie\/?post_type=product&#038;p=35739"},"modified":"2025-10-24T13:23:23","modified_gmt":"2025-10-24T13:23:23","slug":"tara-fara-frontiere","status":"publish","type":"product","link":"https:\/\/alfaomega.tv\/librarie\/produse\/intelegerea-vremurilor-israel\/tara-fara-frontiere\/","title":{"rendered":"Tara fara frontiere"},"content":{"rendered":"<p class=\"p1\">Secole \u00eentregi, poporul evreu s-a rugat pentru posibilitatea de a se \u00eentoarce \u00een Sion, inima Israelului, \u021aara Promis\u0103. Acest dor ad\u00e2nc al poporului evreu a devenit o realitate la \u00eenceputul secolului al XIX-lea. De atunci, milioane de evrei \u201es-au \u00eentors acas\u0103\u201d, iar Israelul a reu\u0219it s\u0103 adauge istoriei sale numeroase capitole deosebite. \u00cenfiin\u021barea Statului Israel \u00een 1948 este considerat\u0103 cea mai semnificativ\u0103 dovad\u0103. De atunci, Israelul a evoluat \u00eentr-o democra\u021bie modern\u0103 \u00eentr-un Orient Mijlociu divizat. Mul\u021bi insist\u0103 asupra unei diviz\u0103ri (re\u00eennoite) a \u021b\u0103rii, \u00een care Israelul ar trebui s\u0103 cedeze p\u0103r\u021bi extinse ale teritoriului de drept palestinienilor sub presiunea \u201elegii interna\u021bionale\u201d.<\/p>\n<p class=\"p1\">\u00cen aceast\u0103 carte, autorii folosesc h\u0103r\u021bi pentru a ghida cititorii prin cea mai recent\u0103 istorie a teritoriilor disputate \u00eentre R\u00e2ul Iordan \u0219i Marea Mediteran\u0103; de la c\u0103derea Imperiului Otoman la \u00eenceputul secolului al XX-lea p\u00e2n\u0103 \u00een contextual actual. Aceasta este o unealt\u0103 indispensabil\u0103, de baz\u0103 pentru o mai bun\u0103 \u00een\u021belegere a conflictelor actuale \u00een jurul Statului evreiesc al Israelului.<\/p>\n<p>&nbsp;<\/p>\n","protected":false},"excerpt":{"rendered":"<p>Israelul dezbinat<\/p>\n","protected":false},"featured_media":7403,"template":"","meta":{"_acf_changed":false},"product_brand":[],"product_cat":[24],"product_tag":[],"class_list":{"0":"post-35739","1":"product","2":"type-product","3":"status-publish","4":"has-post-thumbnail","6":"product_cat-intelegerea-vremurilor-israel","7":"pa_autori-johannes-gerloff","8":"pa_format-carte-tiparita","9":"pa_format-carte-electronica","11":"first","12":"instock","13":"shipping-taxable","14":"purchasable","15":"product-type-variable"},"acf":[],"_links":{"self":[{"href":"https:\/\/alfaomega.tv\/librarie\/wp-json\/wp\/v2\/product\/35739","targetHints":{"allow":["GET"]}}],"collection":[{"href":"https:\/\/alfaomega.tv\/librarie\/wp-json\/wp\/v2\/product"}],"about":[{"href":"https:\/\/alfaomega.tv\/librarie\/wp-json\/wp\/v2\/types\/product"}],"wp:featuredmedia":[{"embeddable":true,"href":"https:\/\/alfaomega.tv\/librarie\/wp-json\/wp\/v2\/media\/7403"}],"wp:attachment":[{"href":"https:\/\/alfaomega.tv\/librarie\/wp-json\/wp\/v2\/media?parent=35739"}],"wp:term":[{"taxonomy":"product_brand","embeddable":true,"href":"https:\/\/alfaomega.tv\/librarie\/wp-json\/wp\/v2\/product_brand?post=35739"},{"taxonomy":"product_cat","embeddable":true,"href":"https:\/\/alfaomega.tv\/librarie\/wp-json\/wp\/v2\/product_cat?post=35739"},{"taxonomy":"product_tag","embeddable":true,"href":"https:\/\/alfaomega.tv\/librarie\/wp-json\/wp\/v2\/product_tag?post=35739"}],"curies":[{"name":"wp","href":"https:\/\/api.w.org\/{rel}","templated":true}]}}