{"id":35741,"date":"2025-08-29T12:58:48","date_gmt":"2025-08-29T12:58:48","guid":{"rendered":"https:\/\/alfaomega.tv\/librarie\/?post_type=product&#038;p=35741"},"modified":"2025-10-24T07:44:59","modified_gmt":"2025-10-24T07:44:59","slug":"razboiul-adorarii","status":"publish","type":"product","link":"https:\/\/alfaomega.tv\/librarie\/produse\/slujind-trupul-lui-hristos\/razboiul-adorarii\/","title":{"rendered":"R\u0103zboiul ador\u0103rii"},"content":{"rendered":"<p>\u00cenchinarea nu este doar o c\u00e2ntare, o muzic\u0103, un dans sau un aspect particular, este, \u00eenainte de toate, un mod de via\u021b\u0103 care se tr\u0103ie\u0219te cu pasiu\u00adne, conform modelului pe care Domnul l-a dat lui David. Una din practicile din Biseric\u0103 este punerea lucrurilor \u00een cutii, pe care ne-am asigurat c\u0103 le-am \u00eenchis de dou\u0103 ori, p\u0103str\u00e2nd asupra noastr\u0103 cheile. Iar dac\u0103 lu\u0103m exemplul din domeniul \u00eenchin\u0103rii, noi am impus \u0219i limite.<\/p>\n<p>Noi am impus un stil \u0219i chiar \u0219i un ritm c\u00e2nd am declarat: noi credem c\u0103 \u00eenchinarea trebuie s\u0103 se asemene cu ceea ce se g\u0103se\u0219te \u00een aceast\u0103 cutie. Noi avem tendin\u021ba de a \u00eenchide multe domenii \u00een cutii, de team\u0103 s\u0103 nu pierdem controlul \u0219i siguran\u021ba valorilor pe care le pre\u021buim mai mult dec\u00e2t orice. Totu\u0219i, Domnul de\u021bine controlul tuturor lucrurilor. S\u0103-L l\u0103s\u0103m pe El s\u0103 bulverseze tot ce credem \u0219i tr\u0103im. El este Dumnezeul cel Prea\u00eenalt, cu un chip cu mai multe fa\u021bete. El este adev\u0103rul pe care \u00eel descoper\u0103, o viziune l\u0103rgit\u0103 pentru Biserica Sa \u00een scopul de a-\u0218i stabili \u00cemp\u0103r\u0103\u021bia pe p\u0103m\u00e2nt.<\/p>\n<p>Indiferent dac\u0103 sunte\u021bi slujitor, v\u00e2rstnic, diacon, muzician, psalmist, cantor sau simplu m\u0103dular al Trupului lui Hristos, aceast\u0103 carte este pentru voi. Tat\u0103l caut\u0103 \u00eenchin\u0103tori, b\u0103rba\u021bi \u0219i femevi care doresc s\u0103 \u00cei iubeasc\u0103 prezen\u021ba cu pasiune \u0219i mai presus de orice. V\u0103 \u00eentreba\u021bi care este chemarea voastr\u0103? Sunte\u021bi chema\u021bi la un mod de via\u021b\u0103 care se nume\u0219te \u00eenchinare.<\/p>\n<p>Prin urmare, Eric Pechin ne antreneaz\u0103 pe calea sacr\u0103 a \u00eenchin\u0103torilor: laud\u0103, \u00eenchinare, consacrare, disciplin\u0103, intimitate \u0219i pasiune pentru Isus. Ve\u021bi descoperi cum pute\u021bi cuceri noi teritorii pentru \u00cemp\u0103r\u0103\u021bia lui Dumnezeu. Alain Caron Re\u021beaua Hodos \u2013 Gatineau, QC, Canada<\/p>\n<p>&nbsp;<\/p>\n","protected":false},"excerpt":{"rendered":"<p>Creat pentru pasiune, preg\u0103tit pentru r\u0103zboi.<\/p>\n","protected":false},"featured_media":7405,"template":"","meta":{"_acf_changed":false},"product_brand":[],"product_cat":[19],"product_tag":[],"class_list":{"0":"post-35741","1":"product","2":"type-product","3":"status-publish","4":"has-post-thumbnail","6":"product_cat-slujind-trupul-lui-hristos","7":"pa_autori-eric-pechin","8":"pa_format-carte-tiparita","9":"pa_format-carte-electronica","11":"first","12":"instock","13":"shipping-taxable","14":"purchasable","15":"product-type-variable"},"acf":[],"_links":{"self":[{"href":"https:\/\/alfaomega.tv\/librarie\/wp-json\/wp\/v2\/product\/35741","targetHints":{"allow":["GET"]}}],"collection":[{"href":"https:\/\/alfaomega.tv\/librarie\/wp-json\/wp\/v2\/product"}],"about":[{"href":"https:\/\/alfaomega.tv\/librarie\/wp-json\/wp\/v2\/types\/product"}],"wp:featuredmedia":[{"embeddable":true,"href":"https:\/\/alfaomega.tv\/librarie\/wp-json\/wp\/v2\/media\/7405"}],"wp:attachment":[{"href":"https:\/\/alfaomega.tv\/librarie\/wp-json\/wp\/v2\/media?parent=35741"}],"wp:term":[{"taxonomy":"product_brand","embeddable":true,"href":"https:\/\/alfaomega.tv\/librarie\/wp-json\/wp\/v2\/product_brand?post=35741"},{"taxonomy":"product_cat","embeddable":true,"href":"https:\/\/alfaomega.tv\/librarie\/wp-json\/wp\/v2\/product_cat?post=35741"},{"taxonomy":"product_tag","embeddable":true,"href":"https:\/\/alfaomega.tv\/librarie\/wp-json\/wp\/v2\/product_tag?post=35741"}],"curies":[{"name":"wp","href":"https:\/\/api.w.org\/{rel}","templated":true}]}}