{"id":35745,"date":"2025-08-29T12:58:48","date_gmt":"2025-08-29T12:58:48","guid":{"rendered":"https:\/\/alfaomega.tv\/librarie\/?post_type=product&#038;p=35745"},"modified":"2025-10-20T13:54:48","modified_gmt":"2025-10-20T13:54:48","slug":"reformatorii-se-ridica","status":"publish","type":"product","link":"https:\/\/alfaomega.tv\/librarie\/produse\/identitate-crestere-spirituala-revelatie\/reformatorii-se-ridica\/","title":{"rendered":"Reformatorii se ridic\u0103"},"content":{"rendered":"<p>\u00cen aceste zile din urm\u0103, profe\u021bii prev\u0103d o mare rev\u0103rsare a Duhului Sf\u00e2nt \u2014 o trezire care nu va fi constr\u00e2ns\u0103 de cele patru ziduri ale unei institu\u021bii, ci care va zgudui \u00eentregul p\u0103m\u00e2nt, schimb\u00e2nd chiar peisajul na\u021biunilor. Aceast\u0103 carte este misiunea ta profetic\u0103 de a-\u021bi lua locul \u00een planul iminent al lui Dumnezeu pentru o trezire m\u0103rea\u021b\u0103!<\/p>\n<p>Cindy Jacobs este o prooroci\u021b\u0103 pentru na\u021biuni renumit\u0103, cu o inim\u0103 care arde pentru trezire \u0219i reform\u0103. \u00cen aceast\u0103 lucrare oportun\u0103, ea p\u0103\u0219e\u0219te \u00een func\u021bia ei de general profetic, chem\u00e2nd credincio\u0219ii re\u00eenvia\u021bi s\u0103-\u0219i ia locul ca agen\u021bi cu \u00eemputernicire supranatural\u0103 pentru schimbarea societ\u0103\u021bii.<\/p>\n<p>\u00cen aceast\u0103 edi\u021bie recent actualizat\u0103 a c\u0103r\u021bii sale de referin\u021b\u0103, Manifestul Reformei, Cindy ofer\u0103 dou\u0103 capitole noi, care ofer\u0103 o perspectiv\u0103 profetic\u0103 asupra trezirii actuale, a de\u0219tept\u0103rii viitoare \u0219i a marii reforme, care va vedea mi\u0219c\u0103rile lui Dumnezeu devenind transform\u0103ri sociale.<\/p>\n<p>Cartea ,,Reformatorii se ridic\u0103\u201d te va ajuta:<\/p>\n<p>S\u0103 descoperi unde te \u00eencadrezi \u00een linia temporal\u0103 a trezirii lui Dumnezeu \u0219i cum s\u0103 te pozi\u021bionezi pentru cea mai mare mi\u0219care a Duhului din istorie.<br \/>S\u0103 \u00eembr\u0103\u021bi\u0219ezi chemarea ca reformator \u00een orice sfer\u0103 de influen\u021b\u0103 pe care Dumnezeu \u021bi-a atribuit-o.<br \/>S\u0103 legiferezi \u00een ceruri prin mijlocirea guvernamental\u0103, folosind strategii de rug\u0103ciune care demonteaz\u0103 puterile demonice \u00een fiecare domeniu al societ\u0103\u021bii.<br \/>S\u0103 inversezi \u201eblestemul Genezei\u201d, eliber\u00e2nd economia Cerului peste lume.<br \/>S\u0103 accesezi solu\u021bii supranaturale pentru problemele aparent de nerezolvat, care afecteaz\u0103 societatea.<\/p>\n<p>Ridic\u0103-te! Este timpul s\u0103-\u021bi ocupi locul \u00een planul Raiului pentru lume!<\/p>\n<\/p>\n<p>Nr. pagini: 280<\/p>\n","protected":false},"excerpt":{"rendered":"<p>Aceasta este misiunea ta profetic\u0103!<\/p>\n","protected":false},"featured_media":7409,"template":"","meta":{"_acf_changed":false},"product_brand":[],"product_cat":[21],"product_tag":[],"class_list":{"0":"post-35745","1":"product","2":"type-product","3":"status-publish","4":"has-post-thumbnail","6":"product_cat-identitate-crestere-spirituala-revelatie","7":"pa_autori-cindy-jacobs","8":"pa_format-carte-tiparita","9":"pa_format-carte-electronica","11":"first","12":"instock","13":"shipping-taxable","14":"purchasable","15":"product-type-variable"},"acf":[],"_links":{"self":[{"href":"https:\/\/alfaomega.tv\/librarie\/wp-json\/wp\/v2\/product\/35745","targetHints":{"allow":["GET"]}}],"collection":[{"href":"https:\/\/alfaomega.tv\/librarie\/wp-json\/wp\/v2\/product"}],"about":[{"href":"https:\/\/alfaomega.tv\/librarie\/wp-json\/wp\/v2\/types\/product"}],"wp:featuredmedia":[{"embeddable":true,"href":"https:\/\/alfaomega.tv\/librarie\/wp-json\/wp\/v2\/media\/7409"}],"wp:attachment":[{"href":"https:\/\/alfaomega.tv\/librarie\/wp-json\/wp\/v2\/media?parent=35745"}],"wp:term":[{"taxonomy":"product_brand","embeddable":true,"href":"https:\/\/alfaomega.tv\/librarie\/wp-json\/wp\/v2\/product_brand?post=35745"},{"taxonomy":"product_cat","embeddable":true,"href":"https:\/\/alfaomega.tv\/librarie\/wp-json\/wp\/v2\/product_cat?post=35745"},{"taxonomy":"product_tag","embeddable":true,"href":"https:\/\/alfaomega.tv\/librarie\/wp-json\/wp\/v2\/product_tag?post=35745"}],"curies":[{"name":"wp","href":"https:\/\/api.w.org\/{rel}","templated":true}]}}