{"id":35747,"date":"2025-08-29T12:58:48","date_gmt":"2025-08-29T12:58:48","guid":{"rendered":"https:\/\/alfaomega.tv\/librarie\/?post_type=product&#038;p=35747"},"modified":"2026-01-28T08:46:14","modified_gmt":"2026-01-28T08:46:14","slug":"operand-in-instantele-cerului","status":"publish","type":"product","link":"https:\/\/alfaomega.tv\/librarie\/produse\/identitate-crestere-spirituala-revelatie\/operand-in-instantele-cerului\/","title":{"rendered":"Oper\u00e2nd \u00een instan\u021bele cerului"},"content":{"rendered":"<p>Cartea \u201eOper\u00e2nd \u00een instan\u021bele Cerului\u201d a devenit un bestseller interna\u021bional care a transformat \u00een mod supranatural vie\u021bi din \u00eentreaga lume. Nu este doar o alt\u0103 strategie de rug\u0103ciune: este un plan pentru a te angaja \u00eentr-o dimensiune spiritual\u0103 numit\u0103 \u201einstan\u021bele Cerului\u201d. Robert Henderson \u00eei \u00eenva\u021b\u0103 pe credincio\u0219i \u00een mod biblic cum s\u0103 se \u00eenf\u0103\u021bi\u0219eze \u00eenaintea instan\u021belor \u0219i s\u0103-\u0219i prezinte cazurile de rug\u0103ciuni la care nu au primit r\u0103spuns sau de str\u0103pungeri care nu au venit \u00eenc\u0103 \u00een fa\u021ba Judec\u0103torului Cel Drept.<\/p>\n<p>\u00cen aceast\u0103 edi\u021bie complet actualizat\u0103, care cuprinde materiale noi, Robert prezint\u0103 o abordare biblic\u0103 proasp\u0103t\u0103 \u0219i un cadru sistematic care le arat\u0103 tuturor credincio\u0219ilor cum s\u0103 intre \u00een instan\u021bele Cerului. \u00cen plus, Robert r\u0103spunde \u00eentreb\u0103rilor obi\u0219nuite despre instan\u021be \u0219i dezv\u0103luie modul \u00een care acest loc din lumea spiritual\u0103 este disponibil, prin s\u00e2ngele lui Isus, pentru to\u021bi credincio\u0219ii.<\/p>\n<p>Descoper\u0103 cum s\u0103:<\/p>\n<ul>\n<li>te angajezi \u00een cele trei dimensiuni ale rug\u0103ciunii, experiment\u00e2ndu-L pe Dumnezeu \u00een calitate de Tat\u0103, Prieten \u0219i Judec\u0103tor.<\/li>\n<li>treci de la rug\u0103ciunea de pe \u201ec\u00e2mpul de lupt\u0103\u201d la cea din \u201einstan\u021b\u0103\u201d.<\/li>\n<li>aplici verdictul lucr\u0103rii terminate de Isus pe cruce.<\/li>\n<li>\u00een\u021belegi cum pot cre\u0219tinii s\u0103 \u00eenl\u0103ture blestemele genera\u021bionale.<\/li>\n<li>\u00ee\u021bi recuno\u0219ti acuzatorul \u0219i s\u0103 anulezi cazurile lui \u00eempotriva ta.<\/li>\n<li>intri \u0219i s\u0103 operezi \u00een instan\u021bele Cerului prin credin\u021b\u0103.<\/li>\n<\/ul>\n<p>Dorin\u021ba lui Dumnezeu este s\u0103 \u00ee\u021bi r\u0103spund\u0103 la rug\u0103ciuni. C\u00e2nd \u00eenve\u021bi cum s\u0103 operezi \u00een instan\u021bele Cerului, po\u021bi anula legalit\u0103\u021bile spirituale care stau \u00een calea r\u0103spunsurilor la rug\u0103ciunile tale. Preg\u0103te\u0219te-te s\u0103 ai parte de rezultate miraculoase!<br \/>Caracteristici speciale: \u00eentreb\u0103ri \u0219i r\u0103spunsuri frecvente pe care le au credincio\u0219ii despre instan\u021bele Cerului.<\/p>\n<p>\u00a0<\/p>\n<p>Nr. pagini: 244<\/p>\n","protected":false},"excerpt":{"rendered":"<p>Cum s\u0103-I acord\u0103m lui Dumnezeu drepturile legale de a-\u0218i \u00eemplini dorin\u021bele \u0219i de a ne r\u0103spunde la rug\u0103ciuni!<\/p>\n","protected":false},"featured_media":7411,"template":"","meta":{"_acf_changed":false},"product_brand":[],"product_cat":[21],"product_tag":[],"class_list":{"0":"post-35747","1":"product","2":"type-product","3":"status-publish","4":"has-post-thumbnail","6":"product_cat-identitate-crestere-spirituala-revelatie","7":"pa_autori-robert-henderson","8":"pa_format-carte-tiparita","10":"first","11":"instock","12":"shipping-taxable","13":"purchasable","14":"product-type-variable","15":"has-default-attributes"},"acf":[],"_links":{"self":[{"href":"https:\/\/alfaomega.tv\/librarie\/wp-json\/wp\/v2\/product\/35747","targetHints":{"allow":["GET"]}}],"collection":[{"href":"https:\/\/alfaomega.tv\/librarie\/wp-json\/wp\/v2\/product"}],"about":[{"href":"https:\/\/alfaomega.tv\/librarie\/wp-json\/wp\/v2\/types\/product"}],"wp:featuredmedia":[{"embeddable":true,"href":"https:\/\/alfaomega.tv\/librarie\/wp-json\/wp\/v2\/media\/7411"}],"wp:attachment":[{"href":"https:\/\/alfaomega.tv\/librarie\/wp-json\/wp\/v2\/media?parent=35747"}],"wp:term":[{"taxonomy":"product_brand","embeddable":true,"href":"https:\/\/alfaomega.tv\/librarie\/wp-json\/wp\/v2\/product_brand?post=35747"},{"taxonomy":"product_cat","embeddable":true,"href":"https:\/\/alfaomega.tv\/librarie\/wp-json\/wp\/v2\/product_cat?post=35747"},{"taxonomy":"product_tag","embeddable":true,"href":"https:\/\/alfaomega.tv\/librarie\/wp-json\/wp\/v2\/product_tag?post=35747"}],"curies":[{"name":"wp","href":"https:\/\/api.w.org\/{rel}","templated":true}]}}