{"id":35749,"date":"2025-08-29T12:58:48","date_gmt":"2025-08-29T12:58:48","guid":{"rendered":"https:\/\/alfaomega.tv\/librarie\/?post_type=product&#038;p=35749"},"modified":"2025-11-06T13:11:40","modified_gmt":"2025-11-06T13:11:40","slug":"de-ce-pace-pe-pamant","status":"publish","type":"product","link":"https:\/\/alfaomega.tv\/librarie\/produse\/intelegerea-vremurilor-israel\/de-ce-pace-pe-pamant\/","title":{"rendered":"De ce pace pe p\u0103m\u00e2nt?"},"content":{"rendered":"<p>De ce pace pe p\u0103m\u00e2nt? Timp de secole, cre\u0219tinismul a \u00eenv\u0103\u021bat c\u0103 este vorba despre pacea din inima ta \u0219i mai t\u00e2rziu despre pacea din cer. Nu pe p\u0103m\u00e2nt. Acesta era considerat un ideal de neatins. Din ce \u00een ce mai mult, p\u0103m\u00e2ntul, aceast\u0103 lume, aceast\u0103 planet\u0103, a fost v\u0103zut\u0103 primordial ca ceva ce \u00een cele din urm\u0103 avea s\u0103 sf\u00e2r\u0219easc\u0103 \u00een fl\u0103c\u0103ri. Materialul, materia, conform acestei g\u00e2ndiri, era ceva de ordin inferior spiritului \u0219i sufletului. La urma urmei, acel suflet \u0219i spirit ar tr\u0103i mai departe, \u00een slava cereasc\u0103. Pentru totdeauna. Corpul nu avea viitor. Acesta ar putea disp\u0103rea \u00een p\u0103m\u00e2nt sau \u00een mare, sau \u00een focul inciner\u0103rii.<\/p>\n<p>Totu\u0219i, aceea\u0219i Biblie ne \u00eenva\u021b\u0103 c\u0103 \u00eentr-o zi, de la Ierusalim, pacea va acoperi \u00eentregul p\u0103m\u00e2nt \u0219i na\u021biunile nu vor mai \u00eenv\u0103\u021ba r\u0103zboiul. \u00ce\u0219i vor transforma armele \u00een unelte agricole. \u00centr-o zi, omenirea va tr\u0103i \u00eentr-o lume plin\u0103 de pace \u0219i dreptate. Da, \u00een sf\u00e2r\u0219it moartea nu va mai fi acolo, iar corpul uman va str\u0103luci \u00een ve\u0219nicie. Vis sau realitate? Ideal de neatins? Sau am ajuns acum la limita noului p\u0103m\u00e2nt? Suntem aproape acolo?<\/p>\n<p>&nbsp;<\/p>\n","protected":false},"excerpt":{"rendered":"<p>\u00cen noaptea de Cr\u0103ciun, \u00eengerii au c\u00e2ntat la Betleem \u00een Israel: \u201eSlav\u0103 lui Dumnezeu \u00een locurile prea\u00eenalte \u0219i pace pe p\u0103m\u00e2nt.\u201d<\/p>\n","protected":false},"featured_media":7413,"template":"","meta":{"_acf_changed":false},"product_brand":[],"product_cat":[24],"product_tag":[],"class_list":{"0":"post-35749","1":"product","2":"type-product","3":"status-publish","4":"has-post-thumbnail","6":"product_cat-intelegerea-vremurilor-israel","7":"pa_autori-willem-j-j-glashouwer","8":"pa_format-carte-tiparita","9":"pa_format-carte-electronica","11":"first","12":"instock","13":"shipping-taxable","14":"purchasable","15":"product-type-variable"},"acf":[],"_links":{"self":[{"href":"https:\/\/alfaomega.tv\/librarie\/wp-json\/wp\/v2\/product\/35749","targetHints":{"allow":["GET"]}}],"collection":[{"href":"https:\/\/alfaomega.tv\/librarie\/wp-json\/wp\/v2\/product"}],"about":[{"href":"https:\/\/alfaomega.tv\/librarie\/wp-json\/wp\/v2\/types\/product"}],"wp:featuredmedia":[{"embeddable":true,"href":"https:\/\/alfaomega.tv\/librarie\/wp-json\/wp\/v2\/media\/7413"}],"wp:attachment":[{"href":"https:\/\/alfaomega.tv\/librarie\/wp-json\/wp\/v2\/media?parent=35749"}],"wp:term":[{"taxonomy":"product_brand","embeddable":true,"href":"https:\/\/alfaomega.tv\/librarie\/wp-json\/wp\/v2\/product_brand?post=35749"},{"taxonomy":"product_cat","embeddable":true,"href":"https:\/\/alfaomega.tv\/librarie\/wp-json\/wp\/v2\/product_cat?post=35749"},{"taxonomy":"product_tag","embeddable":true,"href":"https:\/\/alfaomega.tv\/librarie\/wp-json\/wp\/v2\/product_tag?post=35749"}],"curies":[{"name":"wp","href":"https:\/\/api.w.org\/{rel}","templated":true}]}}