{"id":35751,"date":"2025-08-29T12:58:49","date_gmt":"2025-08-29T12:58:49","guid":{"rendered":"https:\/\/alfaomega.tv\/librarie\/?post_type=product&#038;p=35751"},"modified":"2025-12-17T11:03:47","modified_gmt":"2025-12-17T11:03:47","slug":"carte-de-activitati","status":"publish","type":"product","link":"https:\/\/alfaomega.tv\/librarie\/produse\/cartea-cartilor\/carte-de-activitati\/","title":{"rendered":"Carte de activit\u0103\u021bi"},"content":{"rendered":"<p>Cartea C\u0103r\u021bilor e o aventur\u0103, o poveste a descoperirilor, un univers care transform\u0103 personajele din Cartea C\u0103r\u021bilor, dar \u0219i copiii care urm\u0103resc aceste povestiri.<\/p>\n<p>Cartea C\u0103r\u021bilor revine cu noi aventuri pentru \u00eentreaga familie! C\u0103l\u0103tore\u0219te \u00een timp al\u0103turi de Cristi, Oana \u0219i Memo, pentru a retr\u0103i cele mai minunate povestiri \u0219i \u00eent\u00e2mpl\u0103ri din vremurile biblice! Bazat\u0103 pe seria clasic\u0103 difuzat\u0103 de TVR \u00een anii &#8217;90, Cartea C\u0103r\u021bilor a fost re\u00eenviat\u0103 pentru genera\u021bia t\u00e2n\u0103r\u0103 de ast\u0103zi. Un proiect <a href=\"http:\/\/www.cbn.com\/superbook\/\">CBN<\/a>, lansarea noii serii Cartea C\u0103r\u021bilor pentru copiii rom\u00e2ni a fost \u00een noiembrie 2016 la Alfa Omega TV.<\/p>\n<p>Printr-o grafic\u0103 modern\u0103, mult umor, Cuv\u00e2ntul lui Dumnezeu este prezentat pe \u00een\u021belesul copiilor din secolul XXI. Cartea C\u0103r\u021bilor \u00eei \u00eenva\u021b\u0103 pe copii principii morale perene \u0219i lec\u021bii de via\u021b\u0103 prin aventurile a doi copii \u0219i robotul lor prin lumea Bibliei. Via\u021ba contemporan\u0103 \u0219i elemente futuristice interac\u021bioneaz\u0103 cu popoare \u0219i locuri str\u0103vechi, pentru a crea o atmosfer\u0103 de anticipare \u0219i minunare, \u00een care copiii sunt martori ai interac\u021biunii lui Dumnezeu cu oamenii. Cartea C\u0103r\u021bilor e o aventur\u0103, o poveste a descoperirilor, un univers care transform\u0103 personajele din Cartea C\u0103r\u021bilor, dar \u0219i copiii care um\u0103resc aceste povestiri.<\/p>\n<\/p>\n<p>Nr. pagini: 24<\/p>\n","protected":false},"excerpt":{"rendered":"<p>Cartea de activit\u0103\u021bi Cartea C\u0103r\u021bilor se adreseaz\u0103 copiilor cu v\u00e2rsta peste 6 ani. Ea include 20 de pagini A4 super distractive cu imagini de colorat cu personajele biblice \u00eent\u00e2lnite \u00een episoadele desenelor Cartea C\u0103r\u021bilor. Copiii mai pot s\u0103 uneasc\u0103 punctele pentru a descoperi imaginea \u0219i s\u0103 descifreze un labirint.<\/p>\n","protected":false},"featured_media":7415,"template":"","meta":{"_acf_changed":false},"product_brand":[],"product_cat":[35,34],"product_tag":[],"class_list":{"0":"post-35751","1":"product","2":"type-product","3":"status-publish","4":"has-post-thumbnail","6":"product_cat-cartea-cartilor","7":"product_cat-resurse-pentru-copii","8":"pa_autori-alfa-omega-publishing","9":"pa_format-carte-tiparita","11":"first","12":"instock","13":"shipping-taxable","14":"purchasable","15":"product-type-variable","16":"has-default-attributes"},"acf":[],"_links":{"self":[{"href":"https:\/\/alfaomega.tv\/librarie\/wp-json\/wp\/v2\/product\/35751","targetHints":{"allow":["GET"]}}],"collection":[{"href":"https:\/\/alfaomega.tv\/librarie\/wp-json\/wp\/v2\/product"}],"about":[{"href":"https:\/\/alfaomega.tv\/librarie\/wp-json\/wp\/v2\/types\/product"}],"wp:featuredmedia":[{"embeddable":true,"href":"https:\/\/alfaomega.tv\/librarie\/wp-json\/wp\/v2\/media\/7415"}],"wp:attachment":[{"href":"https:\/\/alfaomega.tv\/librarie\/wp-json\/wp\/v2\/media?parent=35751"}],"wp:term":[{"taxonomy":"product_brand","embeddable":true,"href":"https:\/\/alfaomega.tv\/librarie\/wp-json\/wp\/v2\/product_brand?post=35751"},{"taxonomy":"product_cat","embeddable":true,"href":"https:\/\/alfaomega.tv\/librarie\/wp-json\/wp\/v2\/product_cat?post=35751"},{"taxonomy":"product_tag","embeddable":true,"href":"https:\/\/alfaomega.tv\/librarie\/wp-json\/wp\/v2\/product_tag?post=35751"}],"curies":[{"name":"wp","href":"https:\/\/api.w.org\/{rel}","templated":true}]}}