{"id":35753,"date":"2025-08-29T12:58:49","date_gmt":"2025-08-29T12:58:49","guid":{"rendered":"https:\/\/alfaomega.tv\/librarie\/?post_type=product&#038;p=35753"},"modified":"2025-08-29T12:58:59","modified_gmt":"2025-08-29T12:58:59","slug":"academia-cartea-cartilor-anul-2-pachet-educational-manuale-tiparite-card-stick-usb","status":"publish","type":"product","link":"https:\/\/alfaomega.tv\/librarie\/produse\/cartea-cartilor\/academia-cartea-cartilor-anul-2-pachet-educational-manuale-tiparite-card-stick-usb\/","title":{"rendered":"Academia Cartea C\u0103r\u021bilor Anul 2 &#8211; Pachet educa\u021bional &#8211; Manuale tip\u0103rite + card stick USB"},"content":{"rendered":"<p>Pachetul educa\u021bional pentru \u0219coala duminical\u0103 Cartea C\u0103r\u021bilor se adreseaz\u0103 bisericilor locale, pentru a le ajuta s\u0103 predea lec\u021bii biblice interesante copiilor de 6-12 ani, pentru un an (39 de lec\u021bii).<\/p>\n<p>Episoadele din sezonul 2 stau la baza lec\u021biilor biblice pentru copiii din clasele 1-6. Lec\u021biile sunt concepute pe module \u0219i permit bisericilor s\u0103 adapteze programa la nevoile lor individuale: \u0219coala duminical\u0103, \u0218coala biblic\u0103 de vacan\u021b\u0103, programe \u00een timpul s\u0103pt\u0103m\u00e2nii sau evenimente speciale. Este o program\u0103 pentru un \u00eentreg an \u0219i ofer\u0103 39 de lec\u021bii (13 module, c\u00e2te 3 lec\u021bii pe modul). Lec\u021biile sunt concepute pentru grup mare \u0219i studiu \u00een grupuri mici. Grupul mare reune\u0219te clasele 1-6, apoi acesta se \u00eemparte \u00een grupuri mici, clasele 1-3 \u0219i 4-6. Aceste lec\u021bii pot fi adaptate \u0219i pentru bisericile mici unde la \u0219coala duminical\u0103 este o singur\u0103 grup\u0103 cu copiii de v\u00e2rste diferite.<\/p>\n<p>Pachetul con\u021bine 13 manuale tip\u0103rite (varianta full color) \u0219i un card stick USB pe care se g\u0103se\u0219te suportul video pe care se bazeaz\u0103 lec\u021biile. Pachetul contine toate resursele de care ve\u021bi avea nevoie pentru a desf\u0103\u0219ura lec\u021biile biblice, dar nu con\u021bine episoadele \u00eentregi Cartea C\u0103r\u021bilor. Este nevoie de achizi\u021bionarea sezonului 2 pentru a putea urm\u0103ri episoadele \u00eentregi.<\/p>\n<p><strong>Pentru mai multe detalii acceseaz\u0103:\u00a0<span style=\"color: #333399;\"><a class=\"moz-txt-link-freetext\" style=\"color: #333399;\" href=\"https:\/\/alfaomega.tv\/carteacartilor\/academia\">https:\/\/alfaomega.tv\/carteacartilor\/academia<\/a><\/span><\/strong><\/p>\n<p><span style=\"color: #333399;\"><a class=\"uk-button uk-button-primary tm-text-large\" style=\"font-size: 20px; color: #333399;\" href=\"https:\/\/alfaomega.tv\/librarie\/wp-content\/uploads\/2025\/06\/2023_Pliant_Academie_Anul2_Programa_Scoala_Duminicala.pdf\" target=\"_blank\" rel=\"noopener noreferrer\"> Descarc\u0103 pliantul de prezentare.<\/a><\/span><\/p>\n","protected":false},"excerpt":{"rendered":"<p>Episoadele din sezonul 2 stau la baza lec\u021biilor biblice pentru copiii din clasele 1-6. Lec\u021biile sunt concepute pe module \u0219i permit bisericilor s\u0103 adapteze programa la nevoile lor individuale: \u0219coala duminical\u0103, \u0218coala biblic\u0103 de vacan\u021b\u0103, programe \u00een timpul s\u0103pt\u0103m\u00e2nii sau evenimente speciale.<\/p>\n","protected":false},"featured_media":7417,"template":"","meta":{"_acf_changed":false},"product_brand":[],"product_cat":[35,34],"product_tag":[],"class_list":{"0":"post-35753","1":"product","2":"type-product","3":"status-publish","4":"has-post-thumbnail","6":"product_cat-cartea-cartilor","7":"product_cat-resurse-pentru-copii","8":"pa_autori-cbn","9":"pa_format-manuale-tiparite-stick-usb","11":"first","12":"instock","13":"shipping-taxable","14":"purchasable","15":"product-type-variable","16":"has-default-attributes"},"acf":[],"_links":{"self":[{"href":"https:\/\/alfaomega.tv\/librarie\/wp-json\/wp\/v2\/product\/35753","targetHints":{"allow":["GET"]}}],"collection":[{"href":"https:\/\/alfaomega.tv\/librarie\/wp-json\/wp\/v2\/product"}],"about":[{"href":"https:\/\/alfaomega.tv\/librarie\/wp-json\/wp\/v2\/types\/product"}],"wp:featuredmedia":[{"embeddable":true,"href":"https:\/\/alfaomega.tv\/librarie\/wp-json\/wp\/v2\/media\/7417"}],"wp:attachment":[{"href":"https:\/\/alfaomega.tv\/librarie\/wp-json\/wp\/v2\/media?parent=35753"}],"wp:term":[{"taxonomy":"product_brand","embeddable":true,"href":"https:\/\/alfaomega.tv\/librarie\/wp-json\/wp\/v2\/product_brand?post=35753"},{"taxonomy":"product_cat","embeddable":true,"href":"https:\/\/alfaomega.tv\/librarie\/wp-json\/wp\/v2\/product_cat?post=35753"},{"taxonomy":"product_tag","embeddable":true,"href":"https:\/\/alfaomega.tv\/librarie\/wp-json\/wp\/v2\/product_tag?post=35753"}],"curies":[{"name":"wp","href":"https:\/\/api.w.org\/{rel}","templated":true}]}}