{"id":35757,"date":"2025-08-29T12:58:49","date_gmt":"2025-08-29T12:58:49","guid":{"rendered":"https:\/\/alfaomega.tv\/librarie\/?post_type=product&#038;p=35757"},"modified":"2025-09-03T10:43:44","modified_gmt":"2025-09-03T10:43:44","slug":"elementele-esentiale-ale-profetiilor-biblice","status":"publish","type":"product","link":"https:\/\/alfaomega.tv\/librarie\/produse\/intelegerea-vremurilor-israel\/elementele-esentiale-ale-profetiilor-biblice\/","title":{"rendered":"Elementele esen\u021biale ale profe\u021biilor biblice"},"content":{"rendered":"<p>\u00cen aceast\u0103 epoc\u0103 a incertitudinii, cre\u0219tinii doresc \u0219i au nevoie mai mult ca oric\u00e2nd s\u0103 \u00een\u021beleag\u0103 ce reveleaz\u0103 Biblia despre viitor. \u00cen lucrarea de \u00eenv\u0103\u021b\u0103tur\u0103 despre vremurile sf\u00e2r\u0219itului a autorilor Amir Tsarfati \u0219i Barry Stagner, sesiunile de \u00eentreb\u0103ri \u0219i r\u0103spunsuri r\u0103m\u00e2n o parte extrem de popular\u0103, demonstr\u00e2nd foamea profund\u0103 a oamenilor de a \u0219ti mai multe despre zilele de pe urm\u0103.<\/p>\n<p>\u00cen Elementele esen\u021biale ale profe\u021biilor biblice, Amir \u0219i Barry fac echip\u0103 pentru a r\u0103spunde la 70 dintre cele mai frecvente \u00eentreb\u0103ri. Prin \u00eenv\u0103\u021b\u0103turi succinte, bazate pe Scriptur\u0103, Amir \u0219i Barry abordeaz\u0103 \u0219apte teme fundamentale ale profe\u021biilor biblice:<\/p>\n<p>\u2022 Israelul<br \/>\n\u2022 Biserica<br \/>\n\u2022 R\u0103pirea<br \/>\n\u2022 Necazul cel Mare<br \/>\n\u2022 \u00cemp\u0103r\u0103\u021bia de 1000 de Ani<br \/>\n\u2022 Judecata de la Scaunul de Domnie cel Mare \u0219i Alb<br \/>\n\u2022 Cerul<\/p>\n<p>C\u00e2nd este studiat cu \u00een\u021belepciune \u0219i discern\u0103m\u00e2nt, Cuv\u00e2ntul lui Dumnezeu v\u0103 pune la dispozi\u021bie tot ce trebuie s\u0103 \u0219ti\u021bi despre ceea ce va urma. U\u0219or de utilizat \u0219i organizat\u0103 pe subiecte, cartea de \u00eentreb\u0103ri \u0219i r\u0103spunsuri a lui Amir \u0219i Barry, bine g\u00e2ndit\u0103 \u0219i deosebit de informativ\u0103, va deveni resursa de \u00eencredere la care ve\u021bi apela mereu, cresc\u00e2nd astfel, \u00eentr-un spirit de rug\u0103ciune, \u00een \u00een\u021belegerea profe\u021biilor biblice.<\/p>\n<p>Nr. pagini: 178<\/p>\n","protected":false},"excerpt":{"rendered":"<p>R\u0103spunsuri la cele mai frecvente \u00eentreb\u0103ri<\/p>\n","protected":false},"featured_media":7421,"template":"","meta":{"_acf_changed":false},"product_brand":[],"product_cat":[24],"product_tag":[],"class_list":{"0":"post-35757","1":"product","2":"type-product","3":"status-publish","4":"has-post-thumbnail","6":"product_cat-intelegerea-vremurilor-israel","7":"pa_autori-amir-tsarfati","8":"pa_format-carte-tiparita","10":"first","11":"instock","12":"shipping-taxable","13":"purchasable","14":"product-type-variable","15":"has-default-attributes"},"acf":[],"_links":{"self":[{"href":"https:\/\/alfaomega.tv\/librarie\/wp-json\/wp\/v2\/product\/35757","targetHints":{"allow":["GET"]}}],"collection":[{"href":"https:\/\/alfaomega.tv\/librarie\/wp-json\/wp\/v2\/product"}],"about":[{"href":"https:\/\/alfaomega.tv\/librarie\/wp-json\/wp\/v2\/types\/product"}],"wp:featuredmedia":[{"embeddable":true,"href":"https:\/\/alfaomega.tv\/librarie\/wp-json\/wp\/v2\/media\/7421"}],"wp:attachment":[{"href":"https:\/\/alfaomega.tv\/librarie\/wp-json\/wp\/v2\/media?parent=35757"}],"wp:term":[{"taxonomy":"product_brand","embeddable":true,"href":"https:\/\/alfaomega.tv\/librarie\/wp-json\/wp\/v2\/product_brand?post=35757"},{"taxonomy":"product_cat","embeddable":true,"href":"https:\/\/alfaomega.tv\/librarie\/wp-json\/wp\/v2\/product_cat?post=35757"},{"taxonomy":"product_tag","embeddable":true,"href":"https:\/\/alfaomega.tv\/librarie\/wp-json\/wp\/v2\/product_tag?post=35757"}],"curies":[{"name":"wp","href":"https:\/\/api.w.org\/{rel}","templated":true}]}}