{"id":35763,"date":"2025-08-29T12:58:50","date_gmt":"2025-08-29T12:58:50","guid":{"rendered":"https:\/\/alfaomega.tv\/librarie\/?post_type=product&#038;p=35763"},"modified":"2026-03-10T11:58:40","modified_gmt":"2026-03-10T11:58:40","slug":"set-13-manuale-studiu-biblic","status":"publish","type":"product","link":"https:\/\/alfaomega.tv\/librarie\/produse\/bazele-crestinismului-ucenicizare\/set-13-manuale-studiu-biblic\/","title":{"rendered":"Set 13 manuale studiu biblic"},"content":{"rendered":"<p>Pentru un nou nivel de aprofundare a adev\u0103rurilor teologice, Alfa Omega TV pune la dispozi\u021bie, spre v\u00e2nzare, seria STUDIU BIBLIC, consituit\u0103 din 13 volume produse de Christ For the Nations \u0219i promovate \u00een Rom\u00e2nia de c\u0103tre Alfa Omega TV.<\/p>\n<p>Aceast\u0103 serie este desemnat\u0103 s\u0103 ofere instruire practic\u0103, fundamental\u0103, pentru via\u021ba de zi cu zi \u0219i este dedicat\u0103 abord\u0103rii practice a adev\u0103rurilor teologice.<\/p>\n<p>Alfa Omega TV recomand\u0103 aceste c\u0103r\u021bi pentru studii \u00een grupe mici, biserici, \u0219coli duminicale \u0219i \u0219coli biblice.<\/p>\n<p>Titlurile manualelor:<\/p>\n<ol>\n<li>Biblia este Cuv\u00e2ntul lui Dumnezeu<\/li>\n<li>La \u00eenceput<\/li>\n<li>Intr\u00e2nd \u00een \u021aara Promis\u0103<\/li>\n<li>Lideri curajo\u0219i \u00een Vechiul Testament<\/li>\n<li>Isus este Fiul lui Dumnezeu<\/li>\n<li>Puterea rug\u0103ciunii<\/li>\n<li>\u00cemp\u0103ra\u021bi \u0219i profe\u021bi din Israel<\/li>\n<li>Principii de tr\u0103ire cre\u0219tin\u0103<\/li>\n<li>Darurile Duhului Sf\u00e2nt<\/li>\n<li>Cum po\u021bi fi vindecat<\/li>\n<li>Darul lui Dumnezeu este via\u021ba ve\u0219nic\u0103<\/li>\n<li>\u00cengeri \u0219i demoni<\/li>\n<li>A doua venire a lui Hristos<\/li>\n<\/ol>\n","protected":false},"excerpt":{"rendered":"<p>Acest set de manuale pune la dispozi\u021bie un studiu biblic detaliat al mai multor subiecte cre\u0219tine.<\/p>\n","protected":false},"featured_media":7427,"template":"","meta":{"_acf_changed":false},"product_brand":[],"product_cat":[31],"product_tag":[],"class_list":{"0":"post-35763","1":"product","2":"type-product","3":"status-publish","4":"has-post-thumbnail","6":"product_cat-bazele-crestinismului-ucenicizare","7":"pa_autori-gordon-lindsay","8":"pa_format-carte-tiparita","9":"pa_format-carte-electronica","11":"first","12":"instock","13":"shipping-taxable","14":"purchasable","15":"product-type-variable","16":"has-default-attributes"},"acf":[],"_links":{"self":[{"href":"https:\/\/alfaomega.tv\/librarie\/wp-json\/wp\/v2\/product\/35763","targetHints":{"allow":["GET"]}}],"collection":[{"href":"https:\/\/alfaomega.tv\/librarie\/wp-json\/wp\/v2\/product"}],"about":[{"href":"https:\/\/alfaomega.tv\/librarie\/wp-json\/wp\/v2\/types\/product"}],"wp:featuredmedia":[{"embeddable":true,"href":"https:\/\/alfaomega.tv\/librarie\/wp-json\/wp\/v2\/media\/7427"}],"wp:attachment":[{"href":"https:\/\/alfaomega.tv\/librarie\/wp-json\/wp\/v2\/media?parent=35763"}],"wp:term":[{"taxonomy":"product_brand","embeddable":true,"href":"https:\/\/alfaomega.tv\/librarie\/wp-json\/wp\/v2\/product_brand?post=35763"},{"taxonomy":"product_cat","embeddable":true,"href":"https:\/\/alfaomega.tv\/librarie\/wp-json\/wp\/v2\/product_cat?post=35763"},{"taxonomy":"product_tag","embeddable":true,"href":"https:\/\/alfaomega.tv\/librarie\/wp-json\/wp\/v2\/product_tag?post=35763"}],"curies":[{"name":"wp","href":"https:\/\/api.w.org\/{rel}","templated":true}]}}