{"id":35777,"date":"2025-08-29T12:59:02","date_gmt":"2025-08-29T12:59:02","guid":{"rendered":"https:\/\/alfaomega.tv\/librarie\/?post_type=product&#038;p=35777"},"modified":"2025-08-29T12:59:12","modified_gmt":"2025-08-29T12:59:12","slug":"prorocia-autentica","status":"publish","type":"product","link":"https:\/\/alfaomega.tv\/librarie\/produse\/derek-prince\/prorocia-autentica\/","title":{"rendered":"Prorocia autentic\u0103"},"content":{"rendered":"<p>\u00cen bisericile contemporane exist\u0103 dou\u0103 extreme cu privire la prorocii: una respinge prorocia cu totul, iar alta o accept\u0103 f\u0103r\u0103 rezerve, f\u0103r\u0103 a o supune unei analize atente. Aceast\u0103 carte trateaz\u0103 diferen\u021bele dintre prorociile din Vechiul \u0219i din Noul Testament \u0219i stabile\u0219te 9 principii de baz\u0103 pentru analizarea prin prisma Sfintei Scripturi a prorociilor din contextul actual al secolului XXI.<\/p>\n<p>\u00a0<\/p>\n<p>Nr. pagini: 46<\/p>\n","protected":false},"excerpt":{"rendered":"<p>Analizarea prorociilor \u00een lumina Scripturii<\/p>\n","protected":false},"featured_media":7441,"template":"","meta":{"_acf_changed":false},"product_brand":[],"product_cat":[42],"product_tag":[],"class_list":{"0":"post-35777","1":"product","2":"type-product","3":"status-publish","4":"has-post-thumbnail","6":"product_cat-derek-prince","7":"pa_autori-derek-prince","8":"pa_format-carte-tiparita","10":"first","11":"outofstock","12":"shipping-taxable","13":"purchasable","14":"product-type-variable","15":"has-default-attributes"},"acf":[],"_links":{"self":[{"href":"https:\/\/alfaomega.tv\/librarie\/wp-json\/wp\/v2\/product\/35777","targetHints":{"allow":["GET"]}}],"collection":[{"href":"https:\/\/alfaomega.tv\/librarie\/wp-json\/wp\/v2\/product"}],"about":[{"href":"https:\/\/alfaomega.tv\/librarie\/wp-json\/wp\/v2\/types\/product"}],"wp:featuredmedia":[{"embeddable":true,"href":"https:\/\/alfaomega.tv\/librarie\/wp-json\/wp\/v2\/media\/7441"}],"wp:attachment":[{"href":"https:\/\/alfaomega.tv\/librarie\/wp-json\/wp\/v2\/media?parent=35777"}],"wp:term":[{"taxonomy":"product_brand","embeddable":true,"href":"https:\/\/alfaomega.tv\/librarie\/wp-json\/wp\/v2\/product_brand?post=35777"},{"taxonomy":"product_cat","embeddable":true,"href":"https:\/\/alfaomega.tv\/librarie\/wp-json\/wp\/v2\/product_cat?post=35777"},{"taxonomy":"product_tag","embeddable":true,"href":"https:\/\/alfaomega.tv\/librarie\/wp-json\/wp\/v2\/product_tag?post=35777"}],"curies":[{"name":"wp","href":"https:\/\/api.w.org\/{rel}","templated":true}]}}