{"id":35781,"date":"2025-08-29T12:59:02","date_gmt":"2025-08-29T12:59:02","guid":{"rendered":"https:\/\/alfaomega.tv\/librarie\/?post_type=product&#038;p=35781"},"modified":"2025-10-30T13:38:37","modified_gmt":"2025-10-30T13:38:37","slug":"tronul-lui-david","status":"publish","type":"product","link":"https:\/\/alfaomega.tv\/librarie\/produse\/identitate-crestere-spirituala-revelatie\/tronul-lui-david\/","title":{"rendered":"Tronul lui David"},"content":{"rendered":"<p>Schimbarea nu vine pe p\u0103m\u00e2nt doar pentru c\u0103 noi credem \u2013 trebuie s\u0103 fim \u0219i dispu\u0219i s\u0103 conducem. Pe p\u0103m\u00e2nt, totul at\u00e2rn\u0103 de conducere. \u00cenv\u0103\u021b\u0103m s\u0103 tr\u0103im \u0219i s\u0103 conducem de pe tronul lui David, care reprezint\u0103 inima \u0219i autoritatea lui Dumnezeu. Scopul acestei c\u0103r\u021bi este s\u0103 avanseze conducerea s\u0103n\u0103toas\u0103 prin \u00een\u021belegerea valorii \u0219i scopului ei. Tot ceea ce nu pre\u021buim vom l\u0103sa la o parte sau vom folosi gre\u0219it. F\u0103r\u0103 conducere, marile viziuni nu vor supravie\u021bui. Oricine conduce, \u00eei sluje\u0219te pe ceilal\u021bi \u0219i oricine sluje\u0219te, conduce pe cineva. Vie\u021bile noastre au fost create pentru a avansa ceea ce exist\u0103 deja, precum \u0219i pentru a urm\u0103ri ceea ce \u00eenc\u0103 nu a fost \u00eemplinit. \u00cenchinarea plin\u0103 de ungere a lui David pe c\u00e2nd era un t\u00e2n\u0103r p\u0103stor nu a produs schimbare \u00een Israel p\u00e2n\u0103 c\u00e2nd nu a devenit \u00eemp\u0103rat. C\u00e2nd conducem, identitatea noastr\u0103 schimb\u0103 lumea din jur sau lumea cuiva. Pentru a produce schimb\u0103ri, trebuie s\u0103 conducem. Primim misiuni mai mari atunci c\u00e2nd ne abord\u0103m provoc\u0103rile actuale. At\u00e2ta timp c\u00e2t tr\u0103im \u2013 f\u0103r\u0103 s\u0103 \u00eencet\u0103m s\u0103 conducem, s\u0103 vis\u0103m \u0219i s\u0103 iubim \u2013 tr\u0103im aventura lui Dumnezeu pentru vie\u021bile noastre.<\/p>\n<p>\u201eConducerea noastr\u0103 este accelerat\u0103 atunci c\u00e2nd suntem a\u0219eza\u021bi \u00een locurile cere\u0219ti \u00een Hristos Isus \u0219i \u00eemp\u0103r\u0103\u021bim de pe tronul lui David pe p\u0103m\u00e2nt.\u201d \u2013 Dr. Bill Hamon<\/p>\n<p>\u201eIntimitatea cu Tat\u0103l ceresc este cheia care \u00ee\u021bi permite s\u0103 te pozi\u021bionezi pentru a opera de pe tronul lui David pentru gloria Sa.\u201d \u2013 Rick Marshall, <a href=\"mailto:GOD@WORK\">GOD@WORK<\/a><\/p>\n<p>\u201eAceast\u0103 revela\u021bie cu privire la conducere \u0219i autoritate va schimba modul \u00een care Biserica \u00ee\u0219i desf\u0103\u0219oar\u0103 afacerile.\u201d &#8211; Episcop Anne Gimenez<\/p>\n<p>\u201e\u00cen cartea Tronul lui David te vei vedea pe tine \u00eensu\u021bi cum nu te-ai mai v\u0103zut niciodat\u0103.\u201d &#8211; Episcop Tommy Reid<\/p>\n<p>\u201eCartea de fa\u021b\u0103 este cu adev\u0103rat una dintre cele mai bune c\u0103r\u021bi pe care le-am citit vreodat\u0103!\u201d \u2013 Dr. Rocky Tannehill, Antreprenor<\/p>\n<p>&nbsp;<\/p>\n","protected":false},"excerpt":{"rendered":"<p>Pe p\u0103m\u00e2nt, totul at\u00e2rn\u0103 de conducere<\/p>\n","protected":false},"featured_media":7445,"template":"","meta":{"_acf_changed":false},"product_brand":[],"product_cat":[21],"product_tag":[],"class_list":{"0":"post-35781","1":"product","2":"type-product","3":"status-publish","4":"has-post-thumbnail","6":"product_cat-identitate-crestere-spirituala-revelatie","7":"pa_autori-dale-l-mast","8":"pa_format-carte-tiparita","9":"pa_format-carte-electronica","11":"first","12":"instock","13":"shipping-taxable","14":"purchasable","15":"product-type-variable"},"acf":[],"_links":{"self":[{"href":"https:\/\/alfaomega.tv\/librarie\/wp-json\/wp\/v2\/product\/35781","targetHints":{"allow":["GET"]}}],"collection":[{"href":"https:\/\/alfaomega.tv\/librarie\/wp-json\/wp\/v2\/product"}],"about":[{"href":"https:\/\/alfaomega.tv\/librarie\/wp-json\/wp\/v2\/types\/product"}],"wp:featuredmedia":[{"embeddable":true,"href":"https:\/\/alfaomega.tv\/librarie\/wp-json\/wp\/v2\/media\/7445"}],"wp:attachment":[{"href":"https:\/\/alfaomega.tv\/librarie\/wp-json\/wp\/v2\/media?parent=35781"}],"wp:term":[{"taxonomy":"product_brand","embeddable":true,"href":"https:\/\/alfaomega.tv\/librarie\/wp-json\/wp\/v2\/product_brand?post=35781"},{"taxonomy":"product_cat","embeddable":true,"href":"https:\/\/alfaomega.tv\/librarie\/wp-json\/wp\/v2\/product_cat?post=35781"},{"taxonomy":"product_tag","embeddable":true,"href":"https:\/\/alfaomega.tv\/librarie\/wp-json\/wp\/v2\/product_tag?post=35781"}],"curies":[{"name":"wp","href":"https:\/\/api.w.org\/{rel}","templated":true}]}}