{"id":35783,"date":"2025-08-29T12:59:02","date_gmt":"2025-08-29T12:59:02","guid":{"rendered":"https:\/\/alfaomega.tv\/librarie\/?post_type=product&#038;p=35783"},"modified":"2025-08-29T12:59:12","modified_gmt":"2025-08-29T12:59:12","slug":"prima-mila","status":"publish","type":"product","link":"https:\/\/alfaomega.tv\/librarie\/produse\/derek-prince\/prima-mila\/","title":{"rendered":"Prima mil\u0103"},"content":{"rendered":"<p>Pe vremea Domnului nostru, conform legii, soldatul roman putea obliga o persoan\u0103 s\u0103-i care echipamentul pentru o mil\u0103, \u00eens\u0103 Hristos a mers un pas mai departe, spun\u00e2ndu-le ucenicilor S\u0103i c\u0103 ei trebuie s\u0103 fie dispu\u0219i s\u0103 mearg\u0103 nu doar o singur\u0103 mil\u0103, ci dou\u0103! \u00cen societatea contemporan\u0103, axat\u0103 pe satisfacerea sinelui, disponibilitatea de \u201ea merge mila \u00een plus\u201d nu a fost niciodat\u0103 mai necesar\u0103.<\/p>\n<p>\u00cen acest apel la un standard ridicat de excelen\u021b\u0103, Derek Prince subliniaz\u0103 c\u0103:<\/p>\n<ul>\n<li>\u2013 dragostea \u201eacoper\u0103\u201d, nu \u201eascunde\u201d;<\/li>\n<li>\u2013 eficien\u021ba este o virtute cre\u0219tin\u0103;<\/li>\n<li>\u2013 obliga\u021biile de familie sunt pe primul loc.<\/li>\n<\/ul>\n<p>Cite\u015fte \u201ePrima mil\u0103\u201d \u0219i s\u0103 dedice-te s\u0103 duci o via\u021b\u0103 plin\u0103 de integritate.<\/p>\n<\/p>\n<p>Nr. pagini: 30<\/p>\n","protected":false},"excerpt":{"rendered":"<p>Nu po\u021bi merge a doua mil\u0103 dac\u0103 nu ai parcurs prima mil\u0103<\/p>\n","protected":false},"featured_media":7447,"template":"","meta":{"_acf_changed":false},"product_brand":[],"product_cat":[42],"product_tag":[],"class_list":{"0":"post-35783","1":"product","2":"type-product","3":"status-publish","4":"has-post-thumbnail","6":"product_cat-derek-prince","7":"pa_autori-derek-prince","8":"pa_format-carte-tiparita","10":"first","11":"outofstock","12":"shipping-taxable","13":"purchasable","14":"product-type-variable","15":"has-default-attributes"},"acf":[],"_links":{"self":[{"href":"https:\/\/alfaomega.tv\/librarie\/wp-json\/wp\/v2\/product\/35783","targetHints":{"allow":["GET"]}}],"collection":[{"href":"https:\/\/alfaomega.tv\/librarie\/wp-json\/wp\/v2\/product"}],"about":[{"href":"https:\/\/alfaomega.tv\/librarie\/wp-json\/wp\/v2\/types\/product"}],"wp:featuredmedia":[{"embeddable":true,"href":"https:\/\/alfaomega.tv\/librarie\/wp-json\/wp\/v2\/media\/7447"}],"wp:attachment":[{"href":"https:\/\/alfaomega.tv\/librarie\/wp-json\/wp\/v2\/media?parent=35783"}],"wp:term":[{"taxonomy":"product_brand","embeddable":true,"href":"https:\/\/alfaomega.tv\/librarie\/wp-json\/wp\/v2\/product_brand?post=35783"},{"taxonomy":"product_cat","embeddable":true,"href":"https:\/\/alfaomega.tv\/librarie\/wp-json\/wp\/v2\/product_cat?post=35783"},{"taxonomy":"product_tag","embeddable":true,"href":"https:\/\/alfaomega.tv\/librarie\/wp-json\/wp\/v2\/product_tag?post=35783"}],"curies":[{"name":"wp","href":"https:\/\/api.w.org\/{rel}","templated":true}]}}