{"id":35785,"date":"2025-08-29T12:59:02","date_gmt":"2025-08-29T12:59:02","guid":{"rendered":"https:\/\/alfaomega.tv\/librarie\/?post_type=product&#038;p=35785"},"modified":"2025-09-02T11:52:19","modified_gmt":"2025-09-02T11:52:19","slug":"cum-sa-l-auzi-pe-dumnezeu","status":"publish","type":"product","link":"https:\/\/alfaomega.tv\/librarie\/produse\/identitate-crestere-spirituala-revelatie\/cum-sa-l-auzi-pe-dumnezeu\/","title":{"rendered":"Cum sa-L auzi pe Dumnezeu"},"content":{"rendered":"<p>Exist\u0103 c\u00e2teva modalit\u0103\u021bi de a-\u021bi \u00eembun\u0103t\u0103\u021bi \u0219i spori abilitatea de a auzi cuvintele lui Dumnezeu d\u0103t\u0103toare de via\u021b\u0103 pe care \u021bi le spune Dumnezeu. \u00cen cartea sa, Terry Moore va vorbi despre cinci principii-cheie prin care s\u0103-\u021bi ascu\u021bi \u0219i s\u0103-\u021bi \u00eembog\u0103\u021be\u0219ti practica de a-L auzi pe Dumnezeu. Va dezv\u0103lui, de asemenea, numeroasele c\u0103i prin care Dumnezeu comunic\u0103 \u00een ziua de azi cu poporul S\u0103u. Vei examina \u0219i vei explora prin intermediul c\u0103r\u021bii de fa\u021b\u0103 cum s\u0103 \u00ee\u021bi dai seama c\u00e2nd vorbe\u0219te Dumnezeu \u0219i ce anume dore\u0219te El s\u0103 transmit\u0103.<\/p>\n<p>Cartea \u201eCum s\u0103-L auzi pe Dumnezeu\u201d te va purta \u00eentr-o c\u0103l\u0103torie fascinant\u0103 \u00een urma c\u0103reia vei cre\u0219te \u00een p\u0103rt\u0103\u0219ie cu El \u0219i vei umbla \u00een c\u0103ile Lui pe m\u0103sur\u0103 ce vei r\u0103spunde glasului S\u0103u.<\/p>\n<p>&nbsp;<\/p>\n","protected":false},"excerpt":{"rendered":"<p>Nu mai \u00eencape \u00eendoial\u0103 c\u0103 Dumnezeu ne vorbe\u0219te. \u00cens\u0103 ascult\u0103m noi ce ne spune?<\/p>\n","protected":false},"featured_media":7449,"template":"","meta":{"_acf_changed":false},"product_brand":[],"product_cat":[21],"product_tag":[],"class_list":{"0":"post-35785","1":"product","2":"type-product","3":"status-publish","4":"has-post-thumbnail","6":"product_cat-identitate-crestere-spirituala-revelatie","7":"pa_autori-terry-moore","8":"pa_format-carte-tiparita","9":"pa_format-carte-electronica","11":"first","12":"instock","13":"shipping-taxable","14":"purchasable","15":"product-type-variable"},"acf":[],"_links":{"self":[{"href":"https:\/\/alfaomega.tv\/librarie\/wp-json\/wp\/v2\/product\/35785","targetHints":{"allow":["GET"]}}],"collection":[{"href":"https:\/\/alfaomega.tv\/librarie\/wp-json\/wp\/v2\/product"}],"about":[{"href":"https:\/\/alfaomega.tv\/librarie\/wp-json\/wp\/v2\/types\/product"}],"wp:featuredmedia":[{"embeddable":true,"href":"https:\/\/alfaomega.tv\/librarie\/wp-json\/wp\/v2\/media\/7449"}],"wp:attachment":[{"href":"https:\/\/alfaomega.tv\/librarie\/wp-json\/wp\/v2\/media?parent=35785"}],"wp:term":[{"taxonomy":"product_brand","embeddable":true,"href":"https:\/\/alfaomega.tv\/librarie\/wp-json\/wp\/v2\/product_brand?post=35785"},{"taxonomy":"product_cat","embeddable":true,"href":"https:\/\/alfaomega.tv\/librarie\/wp-json\/wp\/v2\/product_cat?post=35785"},{"taxonomy":"product_tag","embeddable":true,"href":"https:\/\/alfaomega.tv\/librarie\/wp-json\/wp\/v2\/product_tag?post=35785"}],"curies":[{"name":"wp","href":"https:\/\/api.w.org\/{rel}","templated":true}]}}