{"id":35787,"date":"2025-08-29T12:59:03","date_gmt":"2025-08-29T12:59:03","guid":{"rendered":"https:\/\/alfaomega.tv\/librarie\/?post_type=product&#038;p=35787"},"modified":"2025-10-23T11:52:21","modified_gmt":"2025-10-23T11:52:21","slug":"uneori-avem-nevoie-de-incercari","status":"publish","type":"product","link":"https:\/\/alfaomega.tv\/librarie\/produse\/slujind-trupul-lui-hristos\/uneori-avem-nevoie-de-incercari\/","title":{"rendered":"Uneori avem nevoie de \u00eencerc\u0103ri"},"content":{"rendered":"<p>Isus a spus ucenicilor Lui c\u0103 era necesar ca El s\u0103 mearg\u0103 pe cruce. Mai t\u00e2rziu, Petru a scris c\u0103 \u00eencerc\u0103rile noastre arz\u0103toare sunt, de asemenea, necesare uneori. Dar de ce? Aceasta este marea \u00eentrebare pe care o exploreaz\u0103 aceast\u0103 carte!<\/p>\n<p>Dac\u0103 Isus a avut nevoie de \u00eencerc\u0103ri, dac\u0103 Iosif a avut nevoie de \u00eenchisoare \u0219i dac\u0103 David a avut nevoie de pe\u0219ter\u0103, atunci poate c\u0103 \u0219i tu ai nevoie de o \u00eencercare arz\u0103toare.<\/p>\n<p>C\u00e2nd vezi ce face Dumnezeu prin \u00eencercarea ta, vei fi \u00eem- puternicit ca s\u0103 termini cursa.<\/p>\n<p>\u201eCu revela\u021bie \u0219i claritate proasp\u0103t\u0103, aceast\u0103 carte va vorbi celor mai profunde \u201ede ce?\u201d- uri ale tale.\u201d <em><strong>Karen Wheaton The Ramp, Hamilton, AL<\/strong><\/em><\/p>\n<p>\u201eOb\u021bine o perspectiv\u0103 mai \u00eenalt\u0103 a modului \u00een care Dumnezeu Se ocup\u0103 de via\u021ba ta!\u201d <em><strong>Corey Russel, Autorul c\u0103r\u021bii \u201eTeach us to pray\u201d<\/strong><\/em><\/p>\n<p>\u201eConcis\u0103, profund\u0103 spiritual, o carte care \u00cel \u00eenal\u021b\u0103 pe Hristos, dar care este, totodat\u0103, at\u00e2t de practic\u0103. \u00cemi place!\u201d <em><strong>Mike Bickle Int&#8217;l House of Prayer, Kansas City<\/strong><\/em><\/p>\n<p>Nr. pagini:\u00a0 66<\/p>\n","protected":false},"excerpt":{"rendered":"<p>E\u0219ti pe cale s\u0103 fii \u00eent\u0103rit \u00een credin\u021b\u0103!<\/p>\n","protected":false},"featured_media":7451,"template":"","meta":{"_acf_changed":false},"product_brand":[],"product_cat":[19],"product_tag":[],"class_list":{"0":"post-35787","1":"product","2":"type-product","3":"status-publish","4":"has-post-thumbnail","6":"product_cat-slujind-trupul-lui-hristos","7":"pa_autori-bob-sorge","8":"pa_format-carte-tiparita","9":"pa_format-carte-electronica","11":"first","12":"instock","13":"shipping-taxable","14":"purchasable","15":"product-type-variable"},"acf":[],"_links":{"self":[{"href":"https:\/\/alfaomega.tv\/librarie\/wp-json\/wp\/v2\/product\/35787","targetHints":{"allow":["GET"]}}],"collection":[{"href":"https:\/\/alfaomega.tv\/librarie\/wp-json\/wp\/v2\/product"}],"about":[{"href":"https:\/\/alfaomega.tv\/librarie\/wp-json\/wp\/v2\/types\/product"}],"wp:featuredmedia":[{"embeddable":true,"href":"https:\/\/alfaomega.tv\/librarie\/wp-json\/wp\/v2\/media\/7451"}],"wp:attachment":[{"href":"https:\/\/alfaomega.tv\/librarie\/wp-json\/wp\/v2\/media?parent=35787"}],"wp:term":[{"taxonomy":"product_brand","embeddable":true,"href":"https:\/\/alfaomega.tv\/librarie\/wp-json\/wp\/v2\/product_brand?post=35787"},{"taxonomy":"product_cat","embeddable":true,"href":"https:\/\/alfaomega.tv\/librarie\/wp-json\/wp\/v2\/product_cat?post=35787"},{"taxonomy":"product_tag","embeddable":true,"href":"https:\/\/alfaomega.tv\/librarie\/wp-json\/wp\/v2\/product_tag?post=35787"}],"curies":[{"name":"wp","href":"https:\/\/api.w.org\/{rel}","templated":true}]}}