{"id":35791,"date":"2025-08-29T12:59:03","date_gmt":"2025-08-29T12:59:03","guid":{"rendered":"https:\/\/alfaomega.tv\/librarie\/?post_type=product&#038;p=35791"},"modified":"2025-09-01T09:00:06","modified_gmt":"2025-09-01T09:00:06","slug":"traind-viata-formata-de-duhul-sfant","status":"publish","type":"product","link":"https:\/\/alfaomega.tv\/librarie\/produse\/rugaciune-mijlocire\/traind-viata-formata-de-duhul-sfant\/","title":{"rendered":"Tr\u0103ind via\u021ba format\u0103 de Duhul Sf\u00e2nt"},"content":{"rendered":"<p>\u00cen vie\u021bile noastre agitate, supuse at\u00e2tor preocup\u0103ri, adesea omitem lucrarea bogat\u0103 \u0219i \u00eemplinitoare a \u00eengrijirii sufletelor noastre \u2013 descoperirea unei semnifica\u021bii profunde \u0219i a unei satisfac\u021bii de durat\u0103.<\/p>\n<p>Devenind un clasic contemporan, autorul de mare succes \u0219i mult \u00eendr\u0103gitul pastor, Jack Hayford, ne arat\u0103 cum ne putem hr\u0103ni cele mai ad\u00e2nci locuri \u00een mijlocul unei culturi a vitezei. Cu c\u0103ldur\u0103 \u0219i \u00een\u021belepciune, el ne arat\u0103 cum ne putem conecta sufletele la practicile \u0219i principiile eterne ale Scripturii \u0219i ne invit\u0103 s\u0103 redescoperim puterea \u0219i binecuv\u00e2nt\u0103rile acestor discipline umplute de Duhul Sf\u00e2nt.<\/p>\n<p>Mai mult, pastorul Jack ne arat\u0103 cum sunt relevante \u00een ziua de ast\u0103zi aceste discipline spirituale \u0219i cum le putem pune \u00een aplicare aici \u0219i acum. C\u00e2nd alegem s\u0103 postim \u0219i s\u0103 ne rug\u0103m, s\u0103 ne \u00eenchin\u0103m zilnic, s\u0103 ne hr\u0103nim din Cuv\u00e2ntul lui Dumnezeu, putem tr\u0103i o via\u021b\u0103 plin\u0103 de pasiune, putere \u0219i pace a adev\u0103ratei \u00eempliniri a Duhului Sf\u00e2nt.<\/p>\n<\/p>\n<p>Nr. pagini: 224<\/p>\n","protected":false},"excerpt":{"rendered":"<p>O chemare spre o via\u021b\u0103 format\u0103 \u0219i umplut\u0103 de duhul sf\u00e2nt<\/p>\n","protected":false},"featured_media":7455,"template":"","meta":{"_acf_changed":false},"product_brand":[],"product_cat":[22],"product_tag":[],"class_list":{"0":"post-35791","1":"product","2":"type-product","3":"status-publish","4":"has-post-thumbnail","6":"product_cat-rugaciune-mijlocire","7":"pa_autori-jack-hayford","8":"pa_format-carte-tiparita","10":"first","11":"instock","12":"shipping-taxable","13":"purchasable","14":"product-type-variable","15":"has-default-attributes"},"acf":[],"_links":{"self":[{"href":"https:\/\/alfaomega.tv\/librarie\/wp-json\/wp\/v2\/product\/35791","targetHints":{"allow":["GET"]}}],"collection":[{"href":"https:\/\/alfaomega.tv\/librarie\/wp-json\/wp\/v2\/product"}],"about":[{"href":"https:\/\/alfaomega.tv\/librarie\/wp-json\/wp\/v2\/types\/product"}],"wp:featuredmedia":[{"embeddable":true,"href":"https:\/\/alfaomega.tv\/librarie\/wp-json\/wp\/v2\/media\/7455"}],"wp:attachment":[{"href":"https:\/\/alfaomega.tv\/librarie\/wp-json\/wp\/v2\/media?parent=35791"}],"wp:term":[{"taxonomy":"product_brand","embeddable":true,"href":"https:\/\/alfaomega.tv\/librarie\/wp-json\/wp\/v2\/product_brand?post=35791"},{"taxonomy":"product_cat","embeddable":true,"href":"https:\/\/alfaomega.tv\/librarie\/wp-json\/wp\/v2\/product_cat?post=35791"},{"taxonomy":"product_tag","embeddable":true,"href":"https:\/\/alfaomega.tv\/librarie\/wp-json\/wp\/v2\/product_tag?post=35791"}],"curies":[{"name":"wp","href":"https:\/\/api.w.org\/{rel}","templated":true}]}}