{"id":35803,"date":"2025-08-29T12:59:14","date_gmt":"2025-08-29T12:59:14","guid":{"rendered":"https:\/\/alfaomega.tv\/librarie\/?post_type=product&#038;p=35803"},"modified":"2025-08-29T12:59:26","modified_gmt":"2025-08-29T12:59:26","slug":"primind-mantale-din-instantele-cerului","status":"publish","type":"product","link":"https:\/\/alfaomega.tv\/librarie\/produse\/identitate-crestere-spirituala-revelatie\/primind-mantale-din-instantele-cerului\/","title":{"rendered":"Primind mantale din Instan\u021bele Cerului"},"content":{"rendered":"<p>Cartea &#8222;Primind mantale din Instan\u021bele Cerului&#8221;, scris\u0103 de Robert Henderson, te invit\u0103 \u00eentr-o c\u0103l\u0103torie spiritual\u0103 profund\u0103, unde vei explora ad\u00e2ncimile rela\u021biei tale cu Dumnezeu \u0219i vei descoperi puterea supranatural\u0103 care \u00ee\u021bi este oferit\u0103 pentru a \u00eemplini chemarea Sa \u00een via\u021ba ta. Aceast\u0103 lucrare este pentru tine dac\u0103 sim\u021bi c\u0103 exist\u0103 mai mult \u00een spatele realit\u0103\u021bii vizibile \u0219i dac\u0103 e\u0219ti \u00een c\u0103utarea unei conexiuni autentice cu Creatorul.<\/p>\n<p>Titlul c\u0103r\u021bii te face s\u0103 te g\u00e2nde\u0219ti la ideea de a primi un dar special, direct din ceruri. Mantalele, \u00een acest context, nu sunt doar simple ve\u0219minte, ci simbolizeaz\u0103 binecuv\u00e2nt\u0103rile \u0219i darurile pe care Dumnezeu le ofer\u0103 celor ca tine, credincio\u0219ilor S\u0103i. Ele sunt semne ale protec\u021biei, \u00eendrum\u0103rii \u0219i puterii divine, acordate celor care sunt gata s\u0103 le primeasc\u0103 \u0219i s\u0103 le foloseasc\u0103 \u00een slujba Lui.<\/p>\n<p>Robert Henderson te va ghida printr-o c\u0103l\u0103torie de descoperire a modului \u00een care po\u021bi intra \u00een prezen\u021ba lui Dumnezeu, cum s\u0103 te apropii de El \u0219i cum s\u0103 prime\u0219ti mantalele care \u00ee\u021bi sunt destinate. El te va \u00eenv\u0103\u021ba cum s\u0103 \u00ee\u021bi preg\u0103te\u0219ti inima \u0219i mintea pentru a fi receptiv la vocea \u0219i \u00eendrumarea Sa.<\/p>\n<p>Fiecare pagin\u0103 a acestei c\u0103r\u021bi \u00ee\u021bi va oferi revela\u021bii \u0219i \u00een\u021belepciune, d\u00e2ndu-\u021bi instrumentele necesare pentru a naviga prin provoc\u0103rile vie\u021bii cu credin\u021b\u0103 \u0219i curaj. Este o invita\u021bie la transformare, la a deveni cea mai bun\u0103 versiune a ta sub \u00eendrumarea lui Dumnezeu.<\/p>\n<p>Dac\u0103 sim\u021bi c\u0103 e\u0219ti la o r\u0103scruce \u00een via\u021ba ta spiritual\u0103 sau dac\u0103 pur \u0219i simplu vrei s\u0103 \u00ee\u021bi aprofundezi rela\u021bia cu Dumnezeu, &#8222;Primind mantale din Instan\u021bele Cerului&#8221; este cartea pe care ar trebui s\u0103 o ai \u00een bibliotec\u0103. Ea va fi sursa ta de inspira\u021bie \u0219i ghidul care \u00ee\u021bi va lumina calea c\u0103tre o via\u021b\u0103 plin\u0103 de semnifica\u021bie \u0219i propunere divin\u0103.<\/p>\n<\/p>\n<p>Nr. pagini: 159<\/p>\n","protected":false},"excerpt":{"rendered":"<p>\u00cemputernicire supranatural\u0103 pentru a \u00eendeplini chemarea lui Dumnezeu pentru via\u021ba ta<\/p>\n","protected":false},"featured_media":7467,"template":"","meta":{"_acf_changed":false},"product_brand":[],"product_cat":[21],"product_tag":[],"class_list":{"0":"post-35803","1":"product","2":"type-product","3":"status-publish","4":"has-post-thumbnail","6":"product_cat-identitate-crestere-spirituala-revelatie","7":"pa_autori-robert-henderson","8":"pa_format-carte-tiparita","10":"first","11":"instock","12":"shipping-taxable","13":"purchasable","14":"product-type-variable","15":"has-default-attributes"},"acf":[],"_links":{"self":[{"href":"https:\/\/alfaomega.tv\/librarie\/wp-json\/wp\/v2\/product\/35803","targetHints":{"allow":["GET"]}}],"collection":[{"href":"https:\/\/alfaomega.tv\/librarie\/wp-json\/wp\/v2\/product"}],"about":[{"href":"https:\/\/alfaomega.tv\/librarie\/wp-json\/wp\/v2\/types\/product"}],"wp:featuredmedia":[{"embeddable":true,"href":"https:\/\/alfaomega.tv\/librarie\/wp-json\/wp\/v2\/media\/7467"}],"wp:attachment":[{"href":"https:\/\/alfaomega.tv\/librarie\/wp-json\/wp\/v2\/media?parent=35803"}],"wp:term":[{"taxonomy":"product_brand","embeddable":true,"href":"https:\/\/alfaomega.tv\/librarie\/wp-json\/wp\/v2\/product_brand?post=35803"},{"taxonomy":"product_cat","embeddable":true,"href":"https:\/\/alfaomega.tv\/librarie\/wp-json\/wp\/v2\/product_cat?post=35803"},{"taxonomy":"product_tag","embeddable":true,"href":"https:\/\/alfaomega.tv\/librarie\/wp-json\/wp\/v2\/product_tag?post=35803"}],"curies":[{"name":"wp","href":"https:\/\/api.w.org\/{rel}","templated":true}]}}