{"id":35805,"date":"2025-08-29T12:59:14","date_gmt":"2025-08-29T12:59:14","guid":{"rendered":"https:\/\/alfaomega.tv\/librarie\/?post_type=product&#038;p=35805"},"modified":"2025-08-29T12:59:26","modified_gmt":"2025-08-29T12:59:26","slug":"petitii-aduse-in-instantele-cerului-in-timp-de-criza","status":"publish","type":"product","link":"https:\/\/alfaomega.tv\/librarie\/produse\/identitate-crestere-spirituala-revelatie\/petitii-aduse-in-instantele-cerului-in-timp-de-criza\/","title":{"rendered":"Peti\u021bii aduse \u00een instan\u021bele cerului \u00een timp de criz\u0103"},"content":{"rendered":"<p>Petitii aduse in instantele cerului in timp de criza este o carte scris\u0103 de Robert Henderson, care ofer\u0103 solu\u021bii profetice pentru situa\u021biile de criz\u0103 cu care ne confrunt\u0103m \u00een via\u021b\u0103. De la boli incurabile, la probleme financiare grave, de la conflicte \u00een rela\u021biile personale, la incertitudinea global\u0103, crizele afecteaz\u0103 pe toat\u0103 lumea.<\/p>\n<p>Henderson ne \u00eendrum\u0103 s\u0103 venim \u00een fa\u021ba Cur\u021bilor Cerului pentru a primi victoria asupra crizelor cu care ne confrunt\u0103m. Prin intermediul \u00eenv\u0103\u021b\u0103turilor sale revelatoare \u0219i rug\u0103ciunilor unse, ne ajut\u0103 s\u0103:<\/p>\n<p>&#8211; \u00cel zdrobim pe Satan sub picioarele noastre prin mersul \u00een pacea perfect\u0103.<br \/>&#8211; Acces\u0103m 4 sfere ale rug\u0103ciunii puternice care \u00eenving anxietatea.<br \/>&#8211; Descoperim secretul rug\u0103ciunii persistente care asigur\u0103 rezultate.<br \/>&#8211; Debloc\u0103m puterea supranatural\u0103 a recuno\u0219tin\u021bei cu Cina Domnului.<br \/>&#8211; \u00cenv\u0103\u021b\u0103m cum s\u0103 \u00eel rug\u0103m corect pe Dumnezeu atunci c\u00e2nd st\u0103m \u00een cur\u021bile Lui.<\/p>\n<p>Crizele nu au fost niciodat\u0103 menite s\u0103 cople\u0219easc\u0103 sau s\u0103 \u00eenving\u0103 credincio\u0219ii. Descoper\u0103 cum s\u0103 te ridici \u00een mijlocul oric\u0103rei crize pe care o \u00eent\u00e2mpini, s\u0103 \u00eenvingi frica, s\u0103 \u00eenfr\u00e2ngi anxietatea \u0219i s\u0103 \u00eel zdrobe\u0219ti pe Satan sub picioarele tale!<\/p>\n<p>\u00a0<\/p>\n<p>Nr. pagini: 67<\/p>\n","protected":false},"excerpt":{"rendered":"<p>Rug\u0103ciuni care primesc ajutor \u00een timp de necaz<\/p>\n","protected":false},"featured_media":7469,"template":"","meta":{"_acf_changed":false},"product_brand":[],"product_cat":[21],"product_tag":[],"class_list":{"0":"post-35805","1":"product","2":"type-product","3":"status-publish","4":"has-post-thumbnail","6":"product_cat-identitate-crestere-spirituala-revelatie","7":"pa_autori-robert-henderson","8":"pa_format-carte-tiparita","10":"first","11":"instock","12":"shipping-taxable","13":"purchasable","14":"product-type-variable","15":"has-default-attributes"},"acf":[],"_links":{"self":[{"href":"https:\/\/alfaomega.tv\/librarie\/wp-json\/wp\/v2\/product\/35805","targetHints":{"allow":["GET"]}}],"collection":[{"href":"https:\/\/alfaomega.tv\/librarie\/wp-json\/wp\/v2\/product"}],"about":[{"href":"https:\/\/alfaomega.tv\/librarie\/wp-json\/wp\/v2\/types\/product"}],"wp:featuredmedia":[{"embeddable":true,"href":"https:\/\/alfaomega.tv\/librarie\/wp-json\/wp\/v2\/media\/7469"}],"wp:attachment":[{"href":"https:\/\/alfaomega.tv\/librarie\/wp-json\/wp\/v2\/media?parent=35805"}],"wp:term":[{"taxonomy":"product_brand","embeddable":true,"href":"https:\/\/alfaomega.tv\/librarie\/wp-json\/wp\/v2\/product_brand?post=35805"},{"taxonomy":"product_cat","embeddable":true,"href":"https:\/\/alfaomega.tv\/librarie\/wp-json\/wp\/v2\/product_cat?post=35805"},{"taxonomy":"product_tag","embeddable":true,"href":"https:\/\/alfaomega.tv\/librarie\/wp-json\/wp\/v2\/product_tag?post=35805"}],"curies":[{"name":"wp","href":"https:\/\/api.w.org\/{rel}","templated":true}]}}