{"id":35807,"date":"2025-08-29T12:59:14","date_gmt":"2025-08-29T12:59:14","guid":{"rendered":"https:\/\/alfaomega.tv\/librarie\/?post_type=product&#038;p=35807"},"modified":"2025-12-17T11:17:55","modified_gmt":"2025-12-17T11:17:55","slug":"liber-cu-adevarat","status":"publish","type":"product","link":"https:\/\/alfaomega.tv\/librarie\/produse\/restaurare-vindecare-eliberare\/liber-cu-adevarat\/","title":{"rendered":"Liber cu-adev\u0103rat"},"content":{"rendered":"<p>\u00cen \u00eentreaga lume, oamenii caut\u0103 o via\u021b\u0103 cu scop, dragoste \u0219i speran\u021ba libert\u0103\u021bii de a fi ceea ce au fost crea\u021bi s\u0103 fie. C\u0103l\u0103toria spre plenitudine \u0219i vindecare \u021bi se poate p\u0103rea prea dificil\u0103 &#8211; r\u0103ni, dureri din trecut, tipare familiale \u0219i genera\u021bii de disfunc\u021bionalit\u0103\u021bi, \u00eendoial\u0103 de sine chinuitoare \u0219i vorbire negativ\u0103 despre propria persoan\u0103, necredin\u021b\u0103, rela\u021bii fr\u00e2nte \u0219i neiertare. De unde s\u0103 \u00eencepi?<\/p>\n<p>Terry Moore te invit\u0103 s\u0103 explorezi dragostea Tat\u0103lui, lucrarea lui Hristos de la Cruce, puterea Duhului Sf\u00e2nt \u0219i adev\u0103rurile Scripturii, \u00een timp ce \u00ee\u021bi pune la dispozi\u021bie o hart\u0103 rutier\u0103 pentru a descoperi \u0219i a \u00een\u021belege obstacolele care te-au \u00eempiedicat s\u0103 duci o via\u021b\u0103 \u00eemplinit\u0103, din abunden\u021b\u0103.<\/p>\n<p>Al\u0103tur\u0103-te lui \u00een aceast\u0103 carte perspicace, care \u00ee\u021bi poate schimba via\u021ba, \u0219i descoper\u0103 ce \u00eenseamn\u0103 s\u0103 fii&#8230; LIBER CU-ADEV\u0102RAT!<\/p>\n<p>&nbsp;<\/p>\n","protected":false},"excerpt":{"rendered":"<p>Descoper\u0103 plenitudinea \u0219i victoria \u00een Hristos<\/p>\n","protected":false},"featured_media":7471,"template":"","meta":{"_acf_changed":false},"product_brand":[],"product_cat":[25],"product_tag":[],"class_list":{"0":"post-35807","1":"product","2":"type-product","3":"status-publish","4":"has-post-thumbnail","6":"product_cat-restaurare-vindecare-eliberare","7":"pa_autori-terry-moore","8":"pa_format-carte-tiparita","9":"pa_format-carte-electronica","11":"first","12":"instock","13":"shipping-taxable","14":"purchasable","15":"product-type-variable"},"acf":[],"_links":{"self":[{"href":"https:\/\/alfaomega.tv\/librarie\/wp-json\/wp\/v2\/product\/35807","targetHints":{"allow":["GET"]}}],"collection":[{"href":"https:\/\/alfaomega.tv\/librarie\/wp-json\/wp\/v2\/product"}],"about":[{"href":"https:\/\/alfaomega.tv\/librarie\/wp-json\/wp\/v2\/types\/product"}],"wp:featuredmedia":[{"embeddable":true,"href":"https:\/\/alfaomega.tv\/librarie\/wp-json\/wp\/v2\/media\/7471"}],"wp:attachment":[{"href":"https:\/\/alfaomega.tv\/librarie\/wp-json\/wp\/v2\/media?parent=35807"}],"wp:term":[{"taxonomy":"product_brand","embeddable":true,"href":"https:\/\/alfaomega.tv\/librarie\/wp-json\/wp\/v2\/product_brand?post=35807"},{"taxonomy":"product_cat","embeddable":true,"href":"https:\/\/alfaomega.tv\/librarie\/wp-json\/wp\/v2\/product_cat?post=35807"},{"taxonomy":"product_tag","embeddable":true,"href":"https:\/\/alfaomega.tv\/librarie\/wp-json\/wp\/v2\/product_tag?post=35807"}],"curies":[{"name":"wp","href":"https:\/\/api.w.org\/{rel}","templated":true}]}}