{"id":35811,"date":"2025-08-29T12:59:15","date_gmt":"2025-08-29T12:59:15","guid":{"rendered":"https:\/\/alfaomega.tv\/librarie\/?post_type=product&#038;p=35811"},"modified":"2025-09-03T10:44:37","modified_gmt":"2025-09-03T10:44:37","slug":"pe-calea-amagirii","status":"publish","type":"product","link":"https:\/\/alfaomega.tv\/librarie\/produse\/intelegerea-vremurilor-israel\/pe-calea-amagirii\/","title":{"rendered":"Pe calea am\u0103girii"},"content":{"rendered":"<p>Mossadul a descoperit planurile Iranului de a introduce ilegal \u00een Israel arme de distrugere \u00een mas\u0103 imposibil de detectat. Ceasul tic\u0103ie \u0219i agen\u021bii Nir Tavor \u0219i Nicole le Roux trebuie s\u0103 ac\u021bioneze rapid.<\/p>\n<p>Nir \u0219i Nicole se pomenesc prin\u0219i \u00eentr-un v\u00e2rtej de comploturi, asasinate, spionaj \u0219i misiuni de recunoa\u0219tere sub acoperire, lupt\u00e2nd contracronometru pentru anihilarea acestei amenin\u021b\u0103ri \u00eempotriva Orientului Mijlociu. Pe m\u0103sur\u0103 ce se apropie de pericol \u2013 \u0219i unul de cel\u0103lalt \u2013 sunt ademeni\u021bi \u00eentr-o p\u00e2nz\u0103 letal\u0103 de secrete. Li se va cere s\u0103 \u00ee\u0219i sacrifice propriile vie\u021bi pentru a salva milioane?<\/p>\n<p>Inspir\u00e2ndu-se din evenimente reale, autorii Amir Tsarfati \u0219i Steve Yohn \u00ee\u0219i unesc \u00eenc\u0103 o dat\u0103 for\u021bele creatoare \u00een scrierea acestei continu\u0103ri pline de suspans a popularului roman Opera\u021biunea Joktan. \u00cen\u021besat de primejdii, romantism \u0219i intrigi interna\u021bionale, acest thriller din seria Nir Tavor ne dezv\u0103luie adev\u0103ruri inedite din vie\u021bile \u0219i \u00eendatoririle agen\u021bilor din Mossad, \u00eentr-o poveste care ne \u021bine cu sufletul la gur\u0103.<\/p>\n<p>\u00a0<\/p>\n<p>Nr. pagini: 446<\/p>\n","protected":false},"excerpt":{"rendered":"<p>Un thriller din seria Nir Tavor din Mossad<\/p>\n","protected":false},"featured_media":7475,"template":"","meta":{"_acf_changed":false},"product_brand":[],"product_cat":[24],"product_tag":[],"class_list":{"0":"post-35811","1":"product","2":"type-product","3":"status-publish","4":"has-post-thumbnail","6":"product_cat-intelegerea-vremurilor-israel","7":"pa_autori-amir-tsarfati","8":"pa_format-carte-tiparita","10":"first","11":"instock","12":"shipping-taxable","13":"purchasable","14":"product-type-variable","15":"has-default-attributes"},"acf":[],"_links":{"self":[{"href":"https:\/\/alfaomega.tv\/librarie\/wp-json\/wp\/v2\/product\/35811","targetHints":{"allow":["GET"]}}],"collection":[{"href":"https:\/\/alfaomega.tv\/librarie\/wp-json\/wp\/v2\/product"}],"about":[{"href":"https:\/\/alfaomega.tv\/librarie\/wp-json\/wp\/v2\/types\/product"}],"wp:featuredmedia":[{"embeddable":true,"href":"https:\/\/alfaomega.tv\/librarie\/wp-json\/wp\/v2\/media\/7475"}],"wp:attachment":[{"href":"https:\/\/alfaomega.tv\/librarie\/wp-json\/wp\/v2\/media?parent=35811"}],"wp:term":[{"taxonomy":"product_brand","embeddable":true,"href":"https:\/\/alfaomega.tv\/librarie\/wp-json\/wp\/v2\/product_brand?post=35811"},{"taxonomy":"product_cat","embeddable":true,"href":"https:\/\/alfaomega.tv\/librarie\/wp-json\/wp\/v2\/product_cat?post=35811"},{"taxonomy":"product_tag","embeddable":true,"href":"https:\/\/alfaomega.tv\/librarie\/wp-json\/wp\/v2\/product_tag?post=35811"}],"curies":[{"name":"wp","href":"https:\/\/api.w.org\/{rel}","templated":true}]}}