{"id":35829,"date":"2025-08-29T12:59:27","date_gmt":"2025-08-29T12:59:27","guid":{"rendered":"https:\/\/alfaomega.tv\/librarie\/?post_type=product&#038;p=35829"},"modified":"2025-08-29T12:59:42","modified_gmt":"2025-08-29T12:59:42","slug":"biblie-mica-047-zti-pu-albastra","status":"publish","type":"product","link":"https:\/\/alfaomega.tv\/librarie\/produse\/biblii\/biblie-mica-047-zti-pu-albastra\/","title":{"rendered":"Biblie mic\u0103 047 ZTI PU albastr\u0103"},"content":{"rendered":"<div class=\"col-md-8 col-xs-12\">\n<div class=\"des-section\">\n<div class=\"p-des\">Biblia sau Sf\u00e2nta Scriptur\u0103 a Vechiului \u0219i Noului Testament cu trimiteri. Biblie mic\u0103, edi\u021bie de buzunar, copert\u0103 imita\u021bie piele \u0219i fermoar, cu marginii aurii \u0219i index. Con\u021bine urm\u0103toarele materiale ajut\u0103toare: Plan de citire a Bibliei \u00eentr-un an Dic\u021bionar de cuvinte Lista de cuvinte care au fost corectate conform normelor ortografice actuale Minunile Domnului Isus Pildele Domnului Isus Unit\u0103\u021bi de m\u0103sur\u0103 \u00een Biblie<\/div>\n<\/div>\n<\/div>\n","protected":false},"excerpt":{"rendered":"<p>Biblia sau Sf\u00e2nta Scriptur\u0103 a Vechiului \u0219i Noului Testament cu trimiteri. Biblie mic\u0103, edi\u021bie de buzunar, copert\u0103 imita\u021bie piele \u0219i fermoar, cu marginii aurii \u0219i index. Con\u021bine urm\u0103toarele materiale ajut\u0103toare: Plan de citire a Bibliei \u00eentr-un an Dic\u021bionar de cuvinte Lista de cuvinte care au fost corectate conform normelor ortografice actuale Minunile Domnului Isus Pildele [&hellip;]<\/p>\n","protected":false},"featured_media":7499,"template":"","meta":{"_acf_changed":false},"product_brand":[],"product_cat":[29],"product_tag":[],"class_list":{"0":"post-35829","1":"product","2":"type-product","3":"status-publish","4":"has-post-thumbnail","6":"product_cat-biblii","7":"pa_format-carte-tiparita","9":"first","10":"instock","11":"shipping-taxable","12":"purchasable","13":"product-type-variable"},"acf":[],"_links":{"self":[{"href":"https:\/\/alfaomega.tv\/librarie\/wp-json\/wp\/v2\/product\/35829","targetHints":{"allow":["GET"]}}],"collection":[{"href":"https:\/\/alfaomega.tv\/librarie\/wp-json\/wp\/v2\/product"}],"about":[{"href":"https:\/\/alfaomega.tv\/librarie\/wp-json\/wp\/v2\/types\/product"}],"wp:featuredmedia":[{"embeddable":true,"href":"https:\/\/alfaomega.tv\/librarie\/wp-json\/wp\/v2\/media\/7499"}],"wp:attachment":[{"href":"https:\/\/alfaomega.tv\/librarie\/wp-json\/wp\/v2\/media?parent=35829"}],"wp:term":[{"taxonomy":"product_brand","embeddable":true,"href":"https:\/\/alfaomega.tv\/librarie\/wp-json\/wp\/v2\/product_brand?post=35829"},{"taxonomy":"product_cat","embeddable":true,"href":"https:\/\/alfaomega.tv\/librarie\/wp-json\/wp\/v2\/product_cat?post=35829"},{"taxonomy":"product_tag","embeddable":true,"href":"https:\/\/alfaomega.tv\/librarie\/wp-json\/wp\/v2\/product_tag?post=35829"}],"curies":[{"name":"wp","href":"https:\/\/api.w.org\/{rel}","templated":true}]}}