{"id":35839,"date":"2025-08-29T12:59:29","date_gmt":"2025-08-29T12:59:29","guid":{"rendered":"https:\/\/alfaomega.tv\/librarie\/?post_type=product&#038;p=35839"},"modified":"2026-02-23T10:09:28","modified_gmt":"2026-02-23T10:09:28","slug":"biruind-duhurile-familiale","status":"publish","type":"product","link":"https:\/\/alfaomega.tv\/librarie\/produse\/restaurare-vindecare-eliberare\/biruind-duhurile-familiale\/","title":{"rendered":"Biruind duhurile familiale"},"content":{"rendered":"<p>AI INVITAT F\u0102R\u0102 S\u0102 \u0218TII DU\u0218MANI DEMONICI \u00ceN VIA\u021aA TA?<\/p>\n<p>Mul\u021bi cre\u0219tini sunt chinui\u021bi de puteri demonice nev\u0103zute numite \u201eduhuri familiare\u201d care opereaz\u0103 neobservate \u00een structura g\u00e2ndurilor, emo\u021biilor \u0219i mentalit\u0103\u021bii oamenilor lucr\u00e2nd at\u00e2t de secret, \u00eenc\u00e2t, de obicei, r\u0103m\u00e2n nedetectate. Aceste duhuri demonice pot fi ata\u0219ate anumitor persoane, familii sau genealogii.<\/p>\n<p>Duhurile familiare \u00eengreuneaz\u0103 via\u021ba credincio\u0219ilor \u00een numeroase moduri, diminu\u00e2ndu-le viziunea spiritual\u0103 \u0219i c\u0103ut\u00e2nd s\u0103-i \u00eempiedice s\u0103-\u0219i \u00eemplineasc\u0103 destinele. Ele pot bloca capacitatea oamenilor de a dep\u0103\u0219i tiparele negative, de a ob\u021bine un succes de durat\u0103 \u0219i chiar de a se c\u0103s\u0103tori \u0219i concepe copii.<\/p>\n<p>F\u0103r\u0103 s\u0103 ne d\u0103m seama, putem invita astfel de du\u0219mani nev\u0103zu\u021bi \u00een via\u021ba noastr\u0103. Este posibil s\u0103 fi l\u0103sat deschis\u0103 o u\u0219\u0103 influen\u021bei lor din cauza traumelor personale, neiert\u0103rii, am\u0103r\u0103ciunii sau g\u00e2ndirii false. Apoi devenim prin\u0219i \u00eentr-un tip de datorie spiritual\u0103. Suntem restric\u021biona\u021bi s\u0103 fim pe deplin liberi \u00een Hristos, astfel \u00eenc\u00e2t tr\u0103im \u00een mod constant cu frustrare, \u00eengrijorare, m\u00e2nie sau un sentiment de dezn\u0103dejde.<\/p>\n<p>Cartea \u201eBiruind duhurile familiare\u201d de pastorul \u0219i profesorul Dr. Kynan Bridges, expune cu putere agenda demonic\u0103 a Satanei, astfel \u00eenc\u00e2t s\u0103 po\u021bi fi eliberat. Vei \u00eenv\u0103\u021ba s\u0103 detectezi prezen\u021ba duhurilor familiare, cum ar fi duhurile de sabotaj, calamitate, respingere, gelozie, fric\u0103, infirmitate, asuprire, moarte prematur\u0103, \u00eempotrivire, perversiune \u0219i multe altele. Vei dob\u00e2ndi o nou\u0103 revela\u021bie despre cine e\u0219ti \u00een Hristos \u0219i autoritatea ta ca \u0219i credincios \u0219i vei fi echipat cu instrumentele necesare pentru a te bucura de o libertate de durat\u0103.<\/p>\n<p>Prin c\u0103r\u021bile sale, predicarea \u0219i consilierea sa, Dr. Bridges le-a ar\u0103tat miilor de credincio\u0219i cum s\u0103 abordeze obstacolele din via\u021ba lor. Descoper\u0103 cum s\u0103 eradichezi duhurile familiare nev\u0103zute \u0219i s\u0103 fii eliberat de robia \u0219i datoriile spirituale!<\/p>\n<\/p>\n<p>Nr. pagini: 240<\/p>\n","protected":false},"excerpt":{"rendered":"<p>Eliberarea de du\u0219mani demonici nev\u0103zu\u021bi \u0219i datorii spirituale<\/p>\n","protected":false},"featured_media":7511,"template":"","meta":{"_acf_changed":false},"product_brand":[],"product_cat":[25],"product_tag":[],"class_list":{"0":"post-35839","1":"product","2":"type-product","3":"status-publish","4":"has-post-thumbnail","6":"product_cat-restaurare-vindecare-eliberare","7":"pa_autori-kynan-bridges","8":"pa_format-carte-tiparita","10":"first","11":"instock","12":"shipping-taxable","13":"purchasable","14":"product-type-variable","15":"has-default-attributes"},"acf":[],"_links":{"self":[{"href":"https:\/\/alfaomega.tv\/librarie\/wp-json\/wp\/v2\/product\/35839","targetHints":{"allow":["GET"]}}],"collection":[{"href":"https:\/\/alfaomega.tv\/librarie\/wp-json\/wp\/v2\/product"}],"about":[{"href":"https:\/\/alfaomega.tv\/librarie\/wp-json\/wp\/v2\/types\/product"}],"wp:featuredmedia":[{"embeddable":true,"href":"https:\/\/alfaomega.tv\/librarie\/wp-json\/wp\/v2\/media\/7511"}],"wp:attachment":[{"href":"https:\/\/alfaomega.tv\/librarie\/wp-json\/wp\/v2\/media?parent=35839"}],"wp:term":[{"taxonomy":"product_brand","embeddable":true,"href":"https:\/\/alfaomega.tv\/librarie\/wp-json\/wp\/v2\/product_brand?post=35839"},{"taxonomy":"product_cat","embeddable":true,"href":"https:\/\/alfaomega.tv\/librarie\/wp-json\/wp\/v2\/product_cat?post=35839"},{"taxonomy":"product_tag","embeddable":true,"href":"https:\/\/alfaomega.tv\/librarie\/wp-json\/wp\/v2\/product_tag?post=35839"}],"curies":[{"name":"wp","href":"https:\/\/api.w.org\/{rel}","templated":true}]}}