{"id":35841,"date":"2025-08-29T12:59:29","date_gmt":"2025-08-29T12:59:29","guid":{"rendered":"https:\/\/alfaomega.tv\/librarie\/?post_type=product&#038;p=35841"},"modified":"2025-08-29T12:59:43","modified_gmt":"2025-08-29T12:59:43","slug":"limite","status":"publish","type":"product","link":"https:\/\/alfaomega.tv\/librarie\/produse\/restaurare-vindecare-eliberare\/limite\/","title":{"rendered":"Limite"},"content":{"rendered":"<p>In cartea de fata castigatoare a premiului Gold Medallion, dr. Henry Cloud \u0219i dr. John Townsend iti ofera raspunsuri biblice la intrebarile de mai sus, precum si la multe alte intrebari dificile, aratandu-ti cum sa stabilesti limite sanatoase in relatiile cu parintii, partenerul de viata, copiii, prietenii, colegii de munca si chiar cu tine insuti.<\/p>\n<p>Dezvoltand cele 10 legi ale limitelor, autorii Cloud si Townsend iti arata cum sa-ti insanatosesti relatiile. Vei descoperi direct de la sursa ca limitele sanatoase iti dau libertatea de a fi un om plin de iubire, altruist si implinit, dupa cum te-a creat Dumnezeu sa fii.<\/p>\n<p>Limitele sunt liniile de demarca\u0163ie personal\u0103 care definesc cine e\u015fti tu \u015fi cine nu e\u015fti. Ele \u00ee\u0163i influen\u0163eaz\u0103 toate domeniile vie\u0163ii.<\/p>\n<p>Limitele fizice te ajut\u0103 s\u0103 stabile\u015fti cine te poate atinge \u015fi \u00een ce circumstan\u0163e.<\/p>\n<p>Limitele mintale \u00ee\u0163i dau libertatea de a avea propriile tale g\u00e2nduri \u015fi opinii.<\/p>\n<p>Limitele emo\u0163ionale te ajut\u0103 s\u0103-\u0163i gestionezi propriile tale emo\u0163ii \u015fi s\u0103 te deta\u015fezi de emo\u0163iile distructive \u015fi manipulatoare ale altora.<\/p>\n<p>Limitele spirituale te ajut\u0103 s\u0103 deosebe\u015fti voia lui Dumnezeu de propria ta voin\u0163\u0103 \u015fi \u00ee\u0163i trezesc admira\u0163ia fa\u0163\u0103 de Creatorul t\u0103u.<\/p>\n<p>\u00a0<\/p>\n","protected":false},"excerpt":{"rendered":"<p>C\u00e2nd s\u0103 spui DA \u0219i cum s\u0103 spui NU, pentru a prelua controlul asupra vie\u021bii tale.<\/p>\n","protected":false},"featured_media":7513,"template":"","meta":{"_acf_changed":false},"product_brand":[],"product_cat":[25],"product_tag":[],"class_list":{"0":"post-35841","1":"product","2":"type-product","3":"status-publish","4":"has-post-thumbnail","6":"product_cat-restaurare-vindecare-eliberare","7":"pa_autori-henry-cloud","8":"pa_format-carte-tiparita","10":"first","11":"outofstock","12":"shipping-taxable","13":"purchasable","14":"product-type-variable","15":"has-default-attributes"},"acf":[],"_links":{"self":[{"href":"https:\/\/alfaomega.tv\/librarie\/wp-json\/wp\/v2\/product\/35841","targetHints":{"allow":["GET"]}}],"collection":[{"href":"https:\/\/alfaomega.tv\/librarie\/wp-json\/wp\/v2\/product"}],"about":[{"href":"https:\/\/alfaomega.tv\/librarie\/wp-json\/wp\/v2\/types\/product"}],"wp:featuredmedia":[{"embeddable":true,"href":"https:\/\/alfaomega.tv\/librarie\/wp-json\/wp\/v2\/media\/7513"}],"wp:attachment":[{"href":"https:\/\/alfaomega.tv\/librarie\/wp-json\/wp\/v2\/media?parent=35841"}],"wp:term":[{"taxonomy":"product_brand","embeddable":true,"href":"https:\/\/alfaomega.tv\/librarie\/wp-json\/wp\/v2\/product_brand?post=35841"},{"taxonomy":"product_cat","embeddable":true,"href":"https:\/\/alfaomega.tv\/librarie\/wp-json\/wp\/v2\/product_cat?post=35841"},{"taxonomy":"product_tag","embeddable":true,"href":"https:\/\/alfaomega.tv\/librarie\/wp-json\/wp\/v2\/product_tag?post=35841"}],"curies":[{"name":"wp","href":"https:\/\/api.w.org\/{rel}","templated":true}]}}