{"id":35853,"date":"2025-08-29T12:59:31","date_gmt":"2025-08-29T12:59:31","guid":{"rendered":"https:\/\/alfaomega.tv\/librarie\/?post_type=product&#038;p=35853"},"modified":"2025-10-20T11:15:14","modified_gmt":"2025-10-20T11:15:14","slug":"sala-de-consiliu-a-domnului-cum-sa-ti-accesezi-darul-profetic","status":"publish","type":"product","link":"https:\/\/alfaomega.tv\/librarie\/produse\/identitate-crestere-spirituala-revelatie\/sala-de-consiliu-a-domnului-cum-sa-ti-accesezi-darul-profetic\/","title":{"rendered":"Sala de consiliu a Domnului: Cum s\u0103-\u021bi accesezi darul profetic"},"content":{"rendered":"<p>Percepi o chemare profetic\u0103 din partea Domnului?<\/p>\n<p>Ai primit mantaua pentru misiunea ta profetic\u0103?<\/p>\n<p>Exist\u0103 situa\u021bii \u00een care ai avut de-a face cu un duh izabelic?<\/p>\n<p>\u00cen cartea de fa\u021b\u0103, Barbara Wentroble, o voce profetic\u0103 puternic\u0103, \u00eei conduce pe cititori pe o cale spre un nou nivel de accesare a darului lor profetic. Ea \u00eei \u00eemputernice\u0219te pentru a fi capabili pentru ca s\u0103 intre \u00een sala de consiliu a Domnului pentru a avea succes \u00een misiunea lor profetic\u0103. Profe\u021bii \u0219i oamenii profetici duc b\u0103t\u0103lii cr\u00e2ncene. Ei merg pe teritoriul inamic pentru a instaura domnia lui Isus \u00een acele locuri. Pentru a aduce voia lui Dumnezeu pe p\u0103m\u00e2nt, ei au nevoie de un nivel mai \u00eenalt de autoritate spiritual\u0103 din sala de consiliu. Duhul izabelic este o reprezentare a Izabelei din Scripturi. Acest duh poate ac\u021biona \u00een oricine este dispus s\u0103 fie folosit de vr\u0103jma\u0219. Izabela are putere, dar nu la fel de mult\u0103 ca Domnul \u0219i profe\u021bii un\u0219i de El! Vremurile s-au schimbat! A avut loc o schimbare! E\u0219ti gata s\u0103 intri \u00een sala de consiliu a Domnului \u0219i s\u0103-\u021bi accesezi darul profetic?<\/p>\n<p>Nr. pagini: 108<\/p>\n","protected":false},"excerpt":{"rendered":"<p>Vremurile s-au schimbat!<\/p>\n","protected":false},"featured_media":7525,"template":"","meta":{"_acf_changed":false},"product_brand":[],"product_cat":[21],"product_tag":[],"class_list":{"0":"post-35853","1":"product","2":"type-product","3":"status-publish","4":"has-post-thumbnail","6":"product_cat-identitate-crestere-spirituala-revelatie","7":"pa_autori-barbara-wentroble","8":"pa_format-carte-tiparita","9":"pa_format-carte-electronica","11":"first","12":"instock","13":"shipping-taxable","14":"purchasable","15":"product-type-variable"},"acf":[],"_links":{"self":[{"href":"https:\/\/alfaomega.tv\/librarie\/wp-json\/wp\/v2\/product\/35853","targetHints":{"allow":["GET"]}}],"collection":[{"href":"https:\/\/alfaomega.tv\/librarie\/wp-json\/wp\/v2\/product"}],"about":[{"href":"https:\/\/alfaomega.tv\/librarie\/wp-json\/wp\/v2\/types\/product"}],"wp:featuredmedia":[{"embeddable":true,"href":"https:\/\/alfaomega.tv\/librarie\/wp-json\/wp\/v2\/media\/7525"}],"wp:attachment":[{"href":"https:\/\/alfaomega.tv\/librarie\/wp-json\/wp\/v2\/media?parent=35853"}],"wp:term":[{"taxonomy":"product_brand","embeddable":true,"href":"https:\/\/alfaomega.tv\/librarie\/wp-json\/wp\/v2\/product_brand?post=35853"},{"taxonomy":"product_cat","embeddable":true,"href":"https:\/\/alfaomega.tv\/librarie\/wp-json\/wp\/v2\/product_cat?post=35853"},{"taxonomy":"product_tag","embeddable":true,"href":"https:\/\/alfaomega.tv\/librarie\/wp-json\/wp\/v2\/product_tag?post=35853"}],"curies":[{"name":"wp","href":"https:\/\/api.w.org\/{rel}","templated":true}]}}