{"id":35857,"date":"2025-08-29T12:59:32","date_gmt":"2025-08-29T12:59:32","guid":{"rendered":"https:\/\/alfaomega.tv\/librarie\/?post_type=product&#038;p=35857"},"modified":"2025-10-23T07:43:05","modified_gmt":"2025-10-23T07:43:05","slug":"vocea-celui-care-striga","status":"publish","type":"product","link":"https:\/\/alfaomega.tv\/librarie\/produse\/slujind-trupul-lui-hristos\/vocea-celui-care-striga\/","title":{"rendered":"Vocea celui care strig\u0103"},"content":{"rendered":"<p>Atunci c\u00e2nd te d\u0103ruie\u0219ti pe deplin lui Dumnezeu, \u00eenseamn\u0103 c\u0103 \u00cel accep\u021bi, iar atunci c\u00e2nd \u00cel accep\u021bi pe El, trebuie s\u0103 \u00ee\u021bi spui \u201enu\u201d \u021bie \u00eensu\u021bi, aceasta fiind, de fapt, disciplina. El te va \u00eent\u0103ri \u00een fiecare zi s\u0103 r\u0103m\u00e2i dedicat. \u00cens\u0103 exist\u0103 un singur lucru care se reg\u0103se\u0219te \u00een \u00eentreaga Scriptur\u0103, \u0219i anume faptul c\u0103, atunci c\u00e2nd sacrifici ceva \u00een umblarea ta dup\u0103 Dumnezeu, El Se asigur\u0103 mereu c\u0103 vei avea parte de binecuv\u00e2nt\u0103ri spirituale care s\u0103-\u021bi \u00eembog\u0103\u021beasc\u0103 caracterul; acestea sunt binecuv\u00e2nt\u0103ri pe care nu \u021bi le poate lua nimeni!<\/p>\n<p>Acesta este un manual de preg\u0103tire. Un cre\u0219tin nu e chemat s\u0103 fie doar un \u201eTrup\u201d sau o \u201eMireas\u0103\u201d, ori o \u201eBiseric\u0103\u201d, ci \u0219i o Armat\u0103.<\/p>\n<\/p>\n<p>Nr. pagini: 54<\/p>\n","protected":false},"excerpt":{"rendered":"<p>Manual de preg\u0103tire<\/p>\n","protected":false},"featured_media":7529,"template":"","meta":{"_acf_changed":false},"product_brand":[],"product_cat":[19],"product_tag":[],"class_list":{"0":"post-35857","1":"product","2":"type-product","3":"status-publish","4":"has-post-thumbnail","6":"product_cat-slujind-trupul-lui-hristos","7":"pa_autori-carl-wesley-anderson","8":"pa_format-carte-tiparita","9":"pa_format-carte-electronica","11":"first","12":"instock","13":"shipping-taxable","14":"purchasable","15":"product-type-variable"},"acf":[],"_links":{"self":[{"href":"https:\/\/alfaomega.tv\/librarie\/wp-json\/wp\/v2\/product\/35857","targetHints":{"allow":["GET"]}}],"collection":[{"href":"https:\/\/alfaomega.tv\/librarie\/wp-json\/wp\/v2\/product"}],"about":[{"href":"https:\/\/alfaomega.tv\/librarie\/wp-json\/wp\/v2\/types\/product"}],"wp:featuredmedia":[{"embeddable":true,"href":"https:\/\/alfaomega.tv\/librarie\/wp-json\/wp\/v2\/media\/7529"}],"wp:attachment":[{"href":"https:\/\/alfaomega.tv\/librarie\/wp-json\/wp\/v2\/media?parent=35857"}],"wp:term":[{"taxonomy":"product_brand","embeddable":true,"href":"https:\/\/alfaomega.tv\/librarie\/wp-json\/wp\/v2\/product_brand?post=35857"},{"taxonomy":"product_cat","embeddable":true,"href":"https:\/\/alfaomega.tv\/librarie\/wp-json\/wp\/v2\/product_cat?post=35857"},{"taxonomy":"product_tag","embeddable":true,"href":"https:\/\/alfaomega.tv\/librarie\/wp-json\/wp\/v2\/product_tag?post=35857"}],"curies":[{"name":"wp","href":"https:\/\/api.w.org\/{rel}","templated":true}]}}