{"id":35859,"date":"2025-08-29T12:59:44","date_gmt":"2025-08-29T12:59:44","guid":{"rendered":"https:\/\/alfaomega.tv\/librarie\/?post_type=product&#038;p=35859"},"modified":"2025-09-02T11:36:32","modified_gmt":"2025-09-02T11:36:32","slug":"judecata-peste-casa-lui-dumnezeu","status":"publish","type":"product","link":"https:\/\/alfaomega.tv\/librarie\/produse\/slujind-trupul-lui-hristos\/judecata-peste-casa-lui-dumnezeu\/","title":{"rendered":"Judecata peste casa lui Dumnezeu"},"content":{"rendered":"<p>Suntem noi preg\u0103ti\u021bi pentru gloria \u0219i cur\u0103\u021birea care urmeaz\u0103 s\u0103 vin\u0103?<\/p>\n<p>Biblia ne promite c\u0103 judecata \u00eencepe \u00een Casa lui Dumnezeu. Mul\u021bi oameni evit\u0103, din cauza fricii, cuv\u00e2ntul judecat\u0103. Ca \u0219i credincio\u0219i ai Noului Leg\u0103m\u00e2nt, ne putem \u00eencuraja \u00een convingerea c\u0103 aceast\u0103 judecat\u0103 aduce via\u021b\u0103 printr-o fric\u0103 s\u0103n\u0103toas\u0103 de Domnul. \u00cen loc de avertismente cu privire la fl\u0103c\u0103rile iadului \u0219i condamnare, aceast\u0103 judecat\u0103 aduce o cur\u0103\u021bare care va elibera terenul pentru o mare rev\u0103rsare a gloriei, a profe\u021biilor \u0219i a unei puteri supranaturale pe care lumea nu le-a cunoscut vreodat\u0103.<\/p>\n<p>Dumnezeu caut\u0103 pur \u0219i simplu un popor preg\u0103tit \u2013 o cas\u0103 care s\u0103 fie compatibil\u0103 cu gloria cu care El dore\u0219te s\u0103 o umple.<\/p>\n<p>Jeremiah Johnson este un plantator de biserici, pionier al Maranatha Ministry School, autor de succes \u0219i profet recunoscut la nivel global. \u00cen Judecata peste Casa lui Dumnezeu, Jeremiah prezint\u0103 un cuv\u00e2nt profetic \u00eenfl\u0103c\u0103rat care provoac\u0103 cre\u0219tinii s\u0103 tr\u0103iasc\u0103 f\u0103r\u0103 impuritate \u0219i compromis, nu prin robia legalismului, dar cu inimi pline de \u00eenfl\u0103c\u0103rare \u0219i pasiune pentru Domnul.<\/p>\n<p>N\u0103scut\u0103 datorit\u0103 unei vizite angelice, Judecata peste Casa lui Dumnezeu include \u00een\u021belegeri revelatoare despre:<\/p>\n<ul>\n<li>Fiii lui \u021aadoc \u2013 cum s\u0103 devii unul care \u201esluje\u0219te \u00eenaintea Domnului\u201d.<\/li>\n<li>Demascarea dependen\u021bei de slujire \u2013 \u201eextazul\u201d spiritual al zilei.<\/li>\n<li>Duhul persversiunii \u2013 confrunt\u00e2nd acest\u0103 \u00eent\u0103ritur\u0103 demonic\u0103 care afecteaz\u0103 liderii.<\/li>\n<li>Judecata Noului Leg\u0103m\u00e2nt \u2013 cum arat\u0103 \u0219i cum po\u021bi s\u0103 \u00ee\u021bi dai seama c\u0103 are loc.<\/li>\n<li>Abordarea p\u0103catelor lui Eli \u2013 dezv\u0103luirea compromisul, a impurit\u0103\u021bii \u0219i a amestecului spiritual.<\/li>\n<li>Duhul \u0219i puterea lui Ilie \u2013 apari\u021bia focurilor \u0219i a profe\u021bilor mesageri.<\/li>\n<\/ul>\n<p>O rev\u0103rsare mare \u0219i minunat\u0103 se apropie. Acum este timpul s\u0103 a\u0219ezi lucrurile \u00een ordine ca s\u0103 po\u021bi fii un vas pur \u00een care s\u0103 poat\u0103 curge puterea \u0219i prezen\u021ba lui Dumnezeu!<\/p>\n<\/p>\n<p>Nr. pagini: 134<\/p>\n","protected":false},"excerpt":{"rendered":"<p>Cur\u0103\u021bia \u0219i Gloria vin \u00eempreun\u0103<\/p>\n","protected":false},"featured_media":7531,"template":"","meta":{"_acf_changed":false},"product_brand":[],"product_cat":[19],"product_tag":[],"class_list":{"0":"post-35859","1":"product","2":"type-product","3":"status-publish","4":"has-post-thumbnail","6":"product_cat-slujind-trupul-lui-hristos","7":"pa_autori-jeremiah-johnson","8":"pa_format-carte-tiparita","10":"first","11":"instock","12":"shipping-taxable","13":"purchasable","14":"product-type-variable","15":"has-default-attributes"},"acf":[],"_links":{"self":[{"href":"https:\/\/alfaomega.tv\/librarie\/wp-json\/wp\/v2\/product\/35859","targetHints":{"allow":["GET"]}}],"collection":[{"href":"https:\/\/alfaomega.tv\/librarie\/wp-json\/wp\/v2\/product"}],"about":[{"href":"https:\/\/alfaomega.tv\/librarie\/wp-json\/wp\/v2\/types\/product"}],"wp:featuredmedia":[{"embeddable":true,"href":"https:\/\/alfaomega.tv\/librarie\/wp-json\/wp\/v2\/media\/7531"}],"wp:attachment":[{"href":"https:\/\/alfaomega.tv\/librarie\/wp-json\/wp\/v2\/media?parent=35859"}],"wp:term":[{"taxonomy":"product_brand","embeddable":true,"href":"https:\/\/alfaomega.tv\/librarie\/wp-json\/wp\/v2\/product_brand?post=35859"},{"taxonomy":"product_cat","embeddable":true,"href":"https:\/\/alfaomega.tv\/librarie\/wp-json\/wp\/v2\/product_cat?post=35859"},{"taxonomy":"product_tag","embeddable":true,"href":"https:\/\/alfaomega.tv\/librarie\/wp-json\/wp\/v2\/product_tag?post=35859"}],"curies":[{"name":"wp","href":"https:\/\/api.w.org\/{rel}","templated":true}]}}