{"id":35861,"date":"2025-08-29T12:59:44","date_gmt":"2025-08-29T12:59:44","guid":{"rendered":"https:\/\/alfaomega.tv\/librarie\/?post_type=product&#038;p=35861"},"modified":"2025-10-20T11:14:35","modified_gmt":"2025-10-20T11:14:35","slug":"sala-de-consiliu-a-domnului-cum-sa-accesezi-gloria-vindecatoare-a-lui-dumnezeu","status":"publish","type":"product","link":"https:\/\/alfaomega.tv\/librarie\/produse\/identitate-crestere-spirituala-revelatie\/sala-de-consiliu-a-domnului-cum-sa-accesezi-gloria-vindecatoare-a-lui-dumnezeu\/","title":{"rendered":"Sala de consiliu a Domnului: Cum s\u0103 accesezi gloria vindec\u0103toare a lui Dumnezeu"},"content":{"rendered":"<p>Trupul lui Hristos intr\u0103 \u00eentr-o nou\u0103 er\u0103! Dumnezeu \u00ce\u0219i restaureaz\u0103 gloria \u00een poporul S\u0103u. Gloria restaurat\u0103 transform\u0103 acum nu doar oamenii, ci fiecare sfer\u0103 a vie\u021bii. Gloria vindec\u0103toare este suficient de puternic\u0103 c\u00e2t s\u0103 vindece trupuri, emo\u021bii, chiar \u0219i teritorii! Tu ai acces la aceast\u0103 glorie atunci c\u00e2nd intri \u00een sala de consiliu a Domnului.<\/p>\n<p>Domnul a f\u0103cut o cale s\u0103 fii vindecat de traumele, r\u0103nile \u0219i durerea trecutului. El \u00ee\u021bi d\u0103 har s\u0103-i ier\u021bi pe ceilal\u021bi atunci c\u00e2nd nu sim\u021bi s\u0103 o faci. Las\u0103 ca aceast\u0103 glorie s\u0103 fie o binecuv\u00e2ntare nu numai pentru tine, ci \u0219i la locul de munc\u0103, \u00een familia ta sau oriunde te pozi\u021bioneaz\u0103 Dumnezeu. Fii gata s\u0103 te la\u0219i folosit de El ca instrument de vindecare pe acest p\u0103m\u00e2nt! Aceasta este mo\u0219tenirea ta \u00een calitate de copil al S\u0103u!<\/p>\n<\/p>\n<p>Nr. pagini: 128<\/p>\n","protected":false},"excerpt":{"rendered":"<p>Mai vindec\u0103 Dumnezeu oamenii \u00een mod supranatural?<\/p>\n","protected":false},"featured_media":7533,"template":"","meta":{"_acf_changed":false},"product_brand":[],"product_cat":[21],"product_tag":[],"class_list":{"0":"post-35861","1":"product","2":"type-product","3":"status-publish","4":"has-post-thumbnail","6":"product_cat-identitate-crestere-spirituala-revelatie","7":"pa_autori-barbara-wentroble","8":"pa_format-carte-tiparita","9":"pa_format-carte-electronica","11":"first","12":"instock","13":"shipping-taxable","14":"purchasable","15":"product-type-variable"},"acf":[],"_links":{"self":[{"href":"https:\/\/alfaomega.tv\/librarie\/wp-json\/wp\/v2\/product\/35861","targetHints":{"allow":["GET"]}}],"collection":[{"href":"https:\/\/alfaomega.tv\/librarie\/wp-json\/wp\/v2\/product"}],"about":[{"href":"https:\/\/alfaomega.tv\/librarie\/wp-json\/wp\/v2\/types\/product"}],"wp:featuredmedia":[{"embeddable":true,"href":"https:\/\/alfaomega.tv\/librarie\/wp-json\/wp\/v2\/media\/7533"}],"wp:attachment":[{"href":"https:\/\/alfaomega.tv\/librarie\/wp-json\/wp\/v2\/media?parent=35861"}],"wp:term":[{"taxonomy":"product_brand","embeddable":true,"href":"https:\/\/alfaomega.tv\/librarie\/wp-json\/wp\/v2\/product_brand?post=35861"},{"taxonomy":"product_cat","embeddable":true,"href":"https:\/\/alfaomega.tv\/librarie\/wp-json\/wp\/v2\/product_cat?post=35861"},{"taxonomy":"product_tag","embeddable":true,"href":"https:\/\/alfaomega.tv\/librarie\/wp-json\/wp\/v2\/product_tag?post=35861"}],"curies":[{"name":"wp","href":"https:\/\/api.w.org\/{rel}","templated":true}]}}