{"id":35863,"date":"2025-08-29T12:59:44","date_gmt":"2025-08-29T12:59:44","guid":{"rendered":"https:\/\/alfaomega.tv\/librarie\/?post_type=product&#038;p=35863"},"modified":"2025-10-20T11:12:11","modified_gmt":"2025-10-20T11:12:11","slug":"devenind-un-creator-de-bogatie","status":"publish","type":"product","link":"https:\/\/alfaomega.tv\/librarie\/produse\/identitate-crestere-spirituala-revelatie\/devenind-un-creator-de-bogatie\/","title":{"rendered":"Devenind un creator de bog\u0103\u021bie"},"content":{"rendered":"<p>Chei care te vor duce din locul \u00een care e\u0219ti la locul \u00een care vrei s\u0103 ajungi.<\/p>\n<p>Ar trebui cre\u0219tinii s\u0103 \u00ee\u0219i doreasc\u0103 bani?<\/p>\n<p>Perspectiv\u0103 biblic\u0103 asupra socialismului, comunismului \u0219i capitalismului.<\/p>\n<p>Pentru ca oamenii s\u0103 asculte poruncile lui Dumnezeu, banii sunt esen\u021biali. Finan\u021bele sunt necesare pentru a reducere criminalitatea, traficul uman, drogurile, bolile \u0219i multe alte rele din lume. Poate c\u0103 ai o viziune despre cum ar dori Dumnezeu s\u0103 te foloseasc\u0103 pentru a-\u0218i atinge scopul. Realizarea acestei viziuni necesit\u0103 resurse financiare.<\/p>\n<p>Pentru a deveni un Creator de Bog\u0103\u021bie \u00een \u00cemp\u0103r\u0103\u021bia lui Dumnezeu, o persoan\u0103 trebuie s\u0103 \u00eenlocuiasc\u0103 o mentalitate veche bazat\u0103 pe g\u00e2ndirea s\u0103r\u0103ciei. Azi poate s\u0103 fie sezonul t\u0103u ca s\u0103 te eliberezi de orice mentalitate a s\u0103r\u0103ciei care te \u00eempiedic\u0103 s\u0103 cre\u0219ti \u0219i s\u0103 te \u00eenmul\u021be\u0219ti. Realizeaz\u0103 c\u0103 exist\u0103 r\u0103zboaie \u00een lumea natural\u0103 \u0219i r\u0103zboaie \u00een lumea spiritual\u0103. Pentru ca o persoan\u0103 s\u0103 devin\u0103 Creator de Bog\u0103\u021bie, r\u0103zboaiele trebuiesc c\u00e2\u0219tigate. Permite-I Domnului s\u0103 te \u00eemputerniceasc\u0103 s\u0103 c\u00e2\u0219tigi r\u0103zboiul t\u0103u \u0219i s\u0103 treci dintr-un loc al lipsurilor \u00eentru-unul al bog\u0103\u021biei \u0219i al abunden\u021bei.<\/p>\n<p>Nr. pagini: 146<\/p>\n","protected":false},"excerpt":{"rendered":"<p>Avans\u00e2nd \u00een binecuv\u00e2ntarea \u00eemp\u0103r\u0103\u021biei<\/p>\n","protected":false},"featured_media":7535,"template":"","meta":{"_acf_changed":false},"product_brand":[],"product_cat":[21],"product_tag":[],"class_list":{"0":"post-35863","1":"product","2":"type-product","3":"status-publish","4":"has-post-thumbnail","6":"product_cat-identitate-crestere-spirituala-revelatie","7":"pa_autori-barbara-wentroble","8":"pa_format-carte-tiparita","9":"pa_format-carte-electronica","11":"first","12":"instock","13":"shipping-taxable","14":"purchasable","15":"product-type-variable"},"acf":[],"_links":{"self":[{"href":"https:\/\/alfaomega.tv\/librarie\/wp-json\/wp\/v2\/product\/35863","targetHints":{"allow":["GET"]}}],"collection":[{"href":"https:\/\/alfaomega.tv\/librarie\/wp-json\/wp\/v2\/product"}],"about":[{"href":"https:\/\/alfaomega.tv\/librarie\/wp-json\/wp\/v2\/types\/product"}],"wp:featuredmedia":[{"embeddable":true,"href":"https:\/\/alfaomega.tv\/librarie\/wp-json\/wp\/v2\/media\/7535"}],"wp:attachment":[{"href":"https:\/\/alfaomega.tv\/librarie\/wp-json\/wp\/v2\/media?parent=35863"}],"wp:term":[{"taxonomy":"product_brand","embeddable":true,"href":"https:\/\/alfaomega.tv\/librarie\/wp-json\/wp\/v2\/product_brand?post=35863"},{"taxonomy":"product_cat","embeddable":true,"href":"https:\/\/alfaomega.tv\/librarie\/wp-json\/wp\/v2\/product_cat?post=35863"},{"taxonomy":"product_tag","embeddable":true,"href":"https:\/\/alfaomega.tv\/librarie\/wp-json\/wp\/v2\/product_tag?post=35863"}],"curies":[{"name":"wp","href":"https:\/\/api.w.org\/{rel}","templated":true}]}}