{"id":35865,"date":"2025-08-29T12:59:45","date_gmt":"2025-08-29T12:59:45","guid":{"rendered":"https:\/\/alfaomega.tv\/librarie\/?post_type=product&#038;p=35865"},"modified":"2025-09-03T10:44:52","modified_gmt":"2025-09-03T10:44:52","slug":"dinspre-nordul-indepartat","status":"publish","type":"product","link":"https:\/\/alfaomega.tv\/librarie\/produse\/intelegerea-vremurilor-israel\/dinspre-nordul-indepartat\/","title":{"rendered":"Dinspre nordul \u00eendep\u0103rtat"},"content":{"rendered":"<p>Tensiunile sunt pe punctul de a ceda. Pie\u021bele occidentale care se bazau c\u00e2ndva pe gazul rusesc s-au \u00eentors spre Israel pentru nevoile lor energetice. Furioas\u0103, Rusia ia m\u0103suri pe furi\u0219 pentru a-\u0219i proteja interesele folosindu-se de noul ei aliat, Iranul, \u0219i mili\u021biile de \u00eemputernici\u021bi ale Iranului.<\/p>\n<p>\u00cen timp ce for\u021bele de lupt\u0103 de elit\u0103 ale Israelului \u0219i Mossad-ul lucreaz\u0103 sub acoperire, ei detecteaz\u0103 c\u0103 Kremlinul pl\u0103nuie\u0219te un atac major \u00eempotriva Israelului. C\u0103ut\u00e2nd indicii, agen\u021bii Mossad, Nir Tavor \u0219i Nicole le Roux, se afund\u0103 \u00een lumea interlop\u0103 perfid\u0103 a banilor, puterii \u0219i decaden\u021bei oligarhului rus.<\/p>\n<p>Cu fiecare pericol cu care se confrunt\u0103, noua credin\u021b\u0103 cre\u0219tin\u0103 a lui le Roux devine mai puternic\u0103. Iar Tavor obosit de lupt\u0103 \u2014 b\u00e2ntuit de vise din trecutul s\u0103u \u2014 trebuie s\u0103 se confrunte cu amintirile \u0219i durerea pe care a c\u0103utat s\u0103 le \u00eengroape.<\/p>\n<p>\u00cen acest thriller electrizant, ostilit\u0103\u021bile explodeaz\u0103 \u00een timp ce Tavor \u0219i le Roux lupt\u0103 pentru a preveni un conflict devastator. Vor fi mai de\u0219tep\u021bi dec\u00e2t du\u0219manii lor sau vor avea ac\u021biunile lor consecin\u021be catastrofale? \u0218i cum poate supravie\u021bui echipa Kidon a lui Tavor c\u00e2nd for\u021be dincolo de controlul Mossad-ului intervin \u0219i \u00eentorc \u00eentreaga opera\u021biune cu susul \u00een jos?<\/p>\n<\/p>\n<p>Nr. pagini: 436<\/p>\n","protected":false},"excerpt":{"rendered":"<p>Moscova este furioas\u0103<br \/>\n\u0219i pune la cale r\u0103zbunarea<\/p>\n","protected":false},"featured_media":7537,"template":"","meta":{"_acf_changed":false},"product_brand":[],"product_cat":[24],"product_tag":[],"class_list":{"0":"post-35865","1":"product","2":"type-product","3":"status-publish","4":"has-post-thumbnail","6":"product_cat-intelegerea-vremurilor-israel","7":"pa_autori-amir-tsarfati","8":"pa_format-carte-tiparita","10":"first","11":"instock","12":"shipping-taxable","13":"purchasable","14":"product-type-variable","15":"has-default-attributes"},"acf":[],"_links":{"self":[{"href":"https:\/\/alfaomega.tv\/librarie\/wp-json\/wp\/v2\/product\/35865","targetHints":{"allow":["GET"]}}],"collection":[{"href":"https:\/\/alfaomega.tv\/librarie\/wp-json\/wp\/v2\/product"}],"about":[{"href":"https:\/\/alfaomega.tv\/librarie\/wp-json\/wp\/v2\/types\/product"}],"wp:featuredmedia":[{"embeddable":true,"href":"https:\/\/alfaomega.tv\/librarie\/wp-json\/wp\/v2\/media\/7537"}],"wp:attachment":[{"href":"https:\/\/alfaomega.tv\/librarie\/wp-json\/wp\/v2\/media?parent=35865"}],"wp:term":[{"taxonomy":"product_brand","embeddable":true,"href":"https:\/\/alfaomega.tv\/librarie\/wp-json\/wp\/v2\/product_brand?post=35865"},{"taxonomy":"product_cat","embeddable":true,"href":"https:\/\/alfaomega.tv\/librarie\/wp-json\/wp\/v2\/product_cat?post=35865"},{"taxonomy":"product_tag","embeddable":true,"href":"https:\/\/alfaomega.tv\/librarie\/wp-json\/wp\/v2\/product_tag?post=35865"}],"curies":[{"name":"wp","href":"https:\/\/api.w.org\/{rel}","templated":true}]}}