{"id":35867,"date":"2025-08-29T12:59:45","date_gmt":"2025-08-29T12:59:45","guid":{"rendered":"https:\/\/alfaomega.tv\/librarie\/?post_type=product&#038;p=35867"},"modified":"2025-10-24T13:46:08","modified_gmt":"2025-10-24T13:46:08","slug":"strapungere-pentru-descoperire","status":"publish","type":"product","link":"https:\/\/alfaomega.tv\/librarie\/produse\/rugaciune-mijlocire\/strapungere-pentru-descoperire\/","title":{"rendered":"Str\u0103pungere pentru descoperire"},"content":{"rendered":"<p>O carte-cheie pentru acest sezon. Aceasta este vremea str\u0103pungerii tale! <strong>Dr. Chuck D. Pierce, pre\u0219edinte al Global Sphere, Inc.<\/strong><\/p>\n<p>Cartea \u201eStr\u0103pungere pentru descoperire\u201d este exact a\u0219a cum spune.  \u00ce\u021bi schimb\u0103 via\u021ba! <strong>Cindy Jacobs, cofondatoare a Generals Intercession<\/strong><\/p>\n<p>Cum s\u0103 \u00eencepi bine, s\u0103 mergi drept \u0219i s\u0103 termini bine. Aceast\u0103 carte este instructiv\u0103 \u0219i inspiratoare. <strong>Dutch Sheets, fondator al Dutch Sheets Ministries<\/strong><\/p>\n<p>Am pl\u00e2ns \u00een timp ce am citit cartea. Nu am putut s\u0103 o las din m\u00e2n\u0103, \u0219i nici tu nu o vei putea face. <strong>Dr. Howard Brant, SIM International<\/strong><\/p>\n<p>Cite\u0219te aceast\u0103 carte \u0219i las\u0103-L pe Dumnezeu s\u0103 \u00ee\u021bi vorbeasc\u0103 pe m\u0103sur\u0103 ce \u00ee\u021bi parcurgi c\u0103l\u0103toria personal\u0103. <strong>Mark Yeadon, vicepre\u0219edinte principal la Compassion International<\/strong><\/p>\n<\/p>\n<p>Nr. pagini: 192<\/p>\n","protected":false},"excerpt":{"rendered":"<p>C\u0103l\u0103toria c\u0103tre destinul profetic<\/p>\n","protected":false},"featured_media":7539,"template":"","meta":{"_acf_changed":false},"product_brand":[],"product_cat":[22],"product_tag":[],"class_list":{"0":"post-35867","1":"product","2":"type-product","3":"status-publish","4":"has-post-thumbnail","6":"product_cat-rugaciune-mijlocire","7":"pa_autori-alemu-beeftu","8":"pa_format-carte-tiparita","9":"pa_format-carte-electronica","11":"first","12":"instock","13":"shipping-taxable","14":"purchasable","15":"product-type-variable"},"acf":[],"_links":{"self":[{"href":"https:\/\/alfaomega.tv\/librarie\/wp-json\/wp\/v2\/product\/35867","targetHints":{"allow":["GET"]}}],"collection":[{"href":"https:\/\/alfaomega.tv\/librarie\/wp-json\/wp\/v2\/product"}],"about":[{"href":"https:\/\/alfaomega.tv\/librarie\/wp-json\/wp\/v2\/types\/product"}],"wp:featuredmedia":[{"embeddable":true,"href":"https:\/\/alfaomega.tv\/librarie\/wp-json\/wp\/v2\/media\/7539"}],"wp:attachment":[{"href":"https:\/\/alfaomega.tv\/librarie\/wp-json\/wp\/v2\/media?parent=35867"}],"wp:term":[{"taxonomy":"product_brand","embeddable":true,"href":"https:\/\/alfaomega.tv\/librarie\/wp-json\/wp\/v2\/product_brand?post=35867"},{"taxonomy":"product_cat","embeddable":true,"href":"https:\/\/alfaomega.tv\/librarie\/wp-json\/wp\/v2\/product_cat?post=35867"},{"taxonomy":"product_tag","embeddable":true,"href":"https:\/\/alfaomega.tv\/librarie\/wp-json\/wp\/v2\/product_tag?post=35867"}],"curies":[{"name":"wp","href":"https:\/\/api.w.org\/{rel}","templated":true}]}}