{"id":35869,"date":"2025-08-29T12:59:45","date_gmt":"2025-08-29T12:59:45","guid":{"rendered":"https:\/\/alfaomega.tv\/librarie\/?post_type=product&#038;p=35869"},"modified":"2025-10-23T11:25:52","modified_gmt":"2025-10-23T11:25:52","slug":"reset","status":"publish","type":"product","link":"https:\/\/alfaomega.tv\/librarie\/produse\/rugaciune-mijlocire\/reset\/","title":{"rendered":"Reset"},"content":{"rendered":"<p>Cartea de fa\u021b\u0103 te va ajuta s\u0103 \u00ee\u021bi reactivezi via\u021ba devo\u021bional\u0103.<\/p>\n<ul>\n<li>Accept\u0103 provocarea 20\/20 \u2013 dedic\u0103 timp de 20 de zile c\u00e2te 20 de minute pe zi rug\u0103ciunii.<\/li>\n<li>St\u0103p\u00e2ne\u0219te no\u021biunile de baz\u0103 pentru zidirea vie\u021bii tale de rug\u0103ciune.<\/li>\n<li>Descoper\u0103 desf\u0103tarea din cadrul unei rela\u021bii sus\u021binute cu Isus.<\/li>\n<\/ul>\n<p>&nbsp;<\/p>\n","protected":false},"excerpt":{"rendered":"<p>20 de c\u0103i pentru a avea o via\u021b\u0103 de rug\u0103ciune consecvent\u0103<\/p>\n","protected":false},"featured_media":7541,"template":"","meta":{"_acf_changed":false},"product_brand":[],"product_cat":[22],"product_tag":[],"class_list":{"0":"post-35869","1":"product","2":"type-product","3":"status-publish","4":"has-post-thumbnail","6":"product_cat-rugaciune-mijlocire","7":"pa_autori-bob-sorge","8":"pa_format-carte-tiparita","9":"pa_format-carte-electronica","11":"first","12":"instock","13":"shipping-taxable","14":"purchasable","15":"product-type-variable"},"acf":[],"_links":{"self":[{"href":"https:\/\/alfaomega.tv\/librarie\/wp-json\/wp\/v2\/product\/35869","targetHints":{"allow":["GET"]}}],"collection":[{"href":"https:\/\/alfaomega.tv\/librarie\/wp-json\/wp\/v2\/product"}],"about":[{"href":"https:\/\/alfaomega.tv\/librarie\/wp-json\/wp\/v2\/types\/product"}],"wp:featuredmedia":[{"embeddable":true,"href":"https:\/\/alfaomega.tv\/librarie\/wp-json\/wp\/v2\/media\/7541"}],"wp:attachment":[{"href":"https:\/\/alfaomega.tv\/librarie\/wp-json\/wp\/v2\/media?parent=35869"}],"wp:term":[{"taxonomy":"product_brand","embeddable":true,"href":"https:\/\/alfaomega.tv\/librarie\/wp-json\/wp\/v2\/product_brand?post=35869"},{"taxonomy":"product_cat","embeddable":true,"href":"https:\/\/alfaomega.tv\/librarie\/wp-json\/wp\/v2\/product_cat?post=35869"},{"taxonomy":"product_tag","embeddable":true,"href":"https:\/\/alfaomega.tv\/librarie\/wp-json\/wp\/v2\/product_tag?post=35869"}],"curies":[{"name":"wp","href":"https:\/\/api.w.org\/{rel}","templated":true}]}}