{"id":35877,"date":"2025-08-29T12:59:46","date_gmt":"2025-08-29T12:59:46","guid":{"rendered":"https:\/\/alfaomega.tv\/librarie\/?post_type=product&#038;p=35877"},"modified":"2025-09-02T09:24:25","modified_gmt":"2025-09-02T09:24:25","slug":"invadand-intariturile-vrajmasului","status":"publish","type":"product","link":"https:\/\/alfaomega.tv\/librarie\/produse\/identitate-crestere-spirituala-revelatie\/invadand-intariturile-vrajmasului\/","title":{"rendered":"Invad\u00e2nd \u00eent\u0103riturile vr\u0103jma\u0219ului"},"content":{"rendered":"<p>DISTRUGE AGENDA DEMONIC\u0102 PRINTR-UN PARTENERIAT CU LEGISLA\u021aIA CERULUI.<\/p>\n<p>\u00ce\u021bi fac \u0219tirile inima s\u0103 tremure de fric\u0103 \u0219i \u00eengrijorare? Te preocup\u0103 societatea \u00een care cresc copiii t\u0103i? C\u00e2nd vezi c\u00e2t de \u00eentunecate par s\u0103 devin\u0103 lucrurile, ai un sentiment tot mai intens de dezn\u0103dejde \u0219i neputin\u021b\u0103?<\/p>\n<p>Pentru mul\u021bi ani, profetul \u0219i liderul de r\u0103zboi spiritual, Cindy Jacobs, i-a echipat pe credincio\u0219i \u00een ceea ce prive\u0219te mijlocirea eficient\u0103. De-a lungul deceniilor, ea a fost martora multor rezultate importante \u0219i supranaturale, na\u021biuni \u00eentregi sim\u021bind impactul credincio\u0219ilor obi\u0219nui\u021bi care au pus \u00een practic\u0103 acele strategii de rug\u0103ciune dovedite. Tu ai acum acces la acelea\u0219i rug\u0103ciuni.<\/p>\n<p>\u00cen cartea \u201eInvad\u00e2nd \u00eent\u0103riturile vr\u0103jma\u0219ului\u201d, Cindy Jacobs \u00ee\u021bi actualizeaz\u0103 arsenalul de rug\u0103ciune, echip\u00e2ndu-te cu cheile necesare pentru a \u00eenvinge \u00eent\u0103riturile demonice. Tr\u0103im \u00een vremuri urgente, impregnate de posibilitatea trezirii \u00een biseric\u0103 \u0219i \u00eenafara ei \u0219i chiar a reformei \u00een societate. Pentru ca aceste rezultate dup\u0103 voia lui Dumnezeu s\u0103 aib\u0103 loc, trebuie s\u0103 te angajezi \u00een rug\u0103ciune cum nu ai mai f\u0103cut-o p\u00e2n\u0103 acum.<\/p>\n<p>Fii gata s\u0103:<\/p>\n<ul>\n<li>Identifici \u00eent\u0103riturile \u0219i por\u021bile pe care iadul caut\u0103 s\u0103 le influen\u021beze \u0219i s\u0103 le ocupe.<\/li>\n<li>\u00ce\u021bi direc\u021bionezi rug\u0103ciunile pentru a r\u0103sturna puterile \u00eentunericului.<\/li>\n<li>Te preg\u0103te\u0219ti pentru \u00eentoarcerea lui Isus ocup\u00e2nd, \u0219i nu ced\u00e2nd teren vr\u0103jma\u0219ului, p\u00e2n\u0103 c\u00e2nd El vine.<\/li>\n<li>Emi\u021bi legi \u00een ceruri prin practicarea mijlocirii pentru reform\u0103.<\/li>\n<\/ul>\n<p>Nu te mai sim\u021bi neputincios cu privire la direc\u021bia nedumnezeiasc\u0103 \u00een care se \u00eendrept\u0103 lumea! \u00centrerupe agenda vr\u0103jma\u0219ului \u0219i f\u0103 rug\u0103ciuni direc\u021bionate care \u00eemputernicesc spiritual voia lui Dumnezeu pentru distrugerea \u00eent\u0103riturilor demonice \u0219i pentru detronarea duhurilor r\u0103ut\u0103\u021bii care sunt \u00een locurile cere\u0219ti.<\/p>\n<\/p>\n<p>Nr. pagini: 202<\/p>\n","protected":false},"excerpt":{"rendered":"<p>Mijlocire direc\u021bionat\u0103 care declan\u0219eaz\u0103 trezirea \u00een biseric\u0103 \u0219i \u00eenafara ei \u0219i reforma \u00een societate.<\/p>\n","protected":false},"featured_media":7549,"template":"","meta":{"_acf_changed":false},"product_brand":[],"product_cat":[21],"product_tag":[],"class_list":{"0":"post-35877","1":"product","2":"type-product","3":"status-publish","4":"has-post-thumbnail","6":"product_cat-identitate-crestere-spirituala-revelatie","7":"pa_autori-cindy-jacobs","8":"pa_format-carte-tiparita","10":"first","11":"instock","12":"shipping-taxable","13":"purchasable","14":"product-type-variable","15":"has-default-attributes"},"acf":[],"_links":{"self":[{"href":"https:\/\/alfaomega.tv\/librarie\/wp-json\/wp\/v2\/product\/35877","targetHints":{"allow":["GET"]}}],"collection":[{"href":"https:\/\/alfaomega.tv\/librarie\/wp-json\/wp\/v2\/product"}],"about":[{"href":"https:\/\/alfaomega.tv\/librarie\/wp-json\/wp\/v2\/types\/product"}],"wp:featuredmedia":[{"embeddable":true,"href":"https:\/\/alfaomega.tv\/librarie\/wp-json\/wp\/v2\/media\/7549"}],"wp:attachment":[{"href":"https:\/\/alfaomega.tv\/librarie\/wp-json\/wp\/v2\/media?parent=35877"}],"wp:term":[{"taxonomy":"product_brand","embeddable":true,"href":"https:\/\/alfaomega.tv\/librarie\/wp-json\/wp\/v2\/product_brand?post=35877"},{"taxonomy":"product_cat","embeddable":true,"href":"https:\/\/alfaomega.tv\/librarie\/wp-json\/wp\/v2\/product_cat?post=35877"},{"taxonomy":"product_tag","embeddable":true,"href":"https:\/\/alfaomega.tv\/librarie\/wp-json\/wp\/v2\/product_tag?post=35877"}],"curies":[{"name":"wp","href":"https:\/\/api.w.org\/{rel}","templated":true}]}}