{"id":35881,"date":"2025-08-29T12:59:46","date_gmt":"2025-08-29T12:59:46","guid":{"rendered":"https:\/\/alfaomega.tv\/librarie\/?post_type=product&#038;p=35881"},"modified":"2025-09-02T11:36:43","modified_gmt":"2025-09-02T11:36:43","slug":"puterea-consacrarii","status":"publish","type":"product","link":"https:\/\/alfaomega.tv\/librarie\/produse\/identitate-crestere-spirituala-revelatie\/puterea-consacrarii\/","title":{"rendered":"Puterea consacr\u0103rii"},"content":{"rendered":"<p>AI FOST PUS DEOPARTE PENTRU O VREME CA ACEASTA<\/p>\n<p>Dumnezeu vrea s\u0103 fac\u0103 minuni \u0219i mari ispr\u0103vi printr-un popor sf\u00e2nt, pus deoparte. \u00centrebarea este: \u201e\u021ai-ai dedicat via\u021ba pe deplin Domnului \u0219i scopurilor Sale?\u201d Acest nivel de dedicare \u0219i consacrare vine numai \u00een urma unei perspective profetice cu privire la \u00eentoarcerea lui Isus.<\/p>\n<p>PE M\u0102SUR\u0102 CE OAMENII LUI DUMNEZEU I SE DEDIC\u0102 LUI \u0218I SCOPURILOR \u00ceMP\u0102R\u0102\u021aIEI SALE, ACE\u0218TIA VOR DEVENI CATALIZATOARE PRIN CARE TREZIREA \u0218I REFORMA PROFE\u021aITE S\u0102 SE PRODUC\u0102.<\/p>\n<p>Autor, profet \u0219i plantator de biserici, Jeremiah Johnson este convins c\u0103 acest mesaj este o perspectiv\u0103 profetic\u0103 cu privire la motivul din spatele a ceea ce suntem chema\u021bi s\u0103 facem. Mai mult dec\u00e2t s\u0103 se concentreze pur \u0219i simplu asupra comportamentelor \u0219i ac\u021biunilor cre\u0219tine, atunci c\u00e2nd un credincios \u00ee\u0219i a\u021binte\u0219te privirea asupra lui Isus \u0219i tr\u0103ie\u0219te ca o mireas\u0103 care-\u0219i a\u0219teapt\u0103 cu ner\u0103bdare mirele care se \u00eentoarce, totul se schimb\u0103!<\/p>\n<p>Prin cartea de fa\u021b\u0103, Jeremiah te ajut\u0103 s\u0103:<\/p>\n<ul>\n<li>\u0218ezi la \u201emasa \u00eent\u00e2lnirii\u201d cu Domnul.<\/li>\n<li>Descoperi cum consacrarea este o urmare a revela\u021biei pe care o ai cu privire la Isus.<\/li>\n<li>Intri \u00eentr-un \u201etip nou de post\u201d.<\/li>\n<li>Discerni cele 5 semne de avertizare ale \u201emiresei curve\u201d din vremurile din urm\u0103.<\/li>\n<li>Te \u00eempotrive\u0219ti capcanelor legalismului \u0219i religiei.<\/li>\n<\/ul>\n<p>Se poate ca Duhul Sf\u00e2nt s\u0103 \u00eei provoace pe cei care sunt \u00eenfometa\u021bi s\u0103 \u00cel caute \u00eentr-un mod nou? Pentru c\u0103, dac\u0103 noi suntem gata s\u0103 pl\u0103tim pre\u021bul \u0219i s\u0103 ne consacr\u0103m pe deplin Lui, El \u00ce\u0219i va manifesta pe deplin \u00cemp\u0103r\u0103\u021bia pe p\u0103m\u00e2nt.<\/p>\n<\/p>\n<p>Nr. pagini: 146<\/p>\n","protected":false},"excerpt":{"rendered":"<p>Un cuv\u00e2nt profetic pentru Biseric\u0103<\/p>\n","protected":false},"featured_media":7553,"template":"","meta":{"_acf_changed":false},"product_brand":[],"product_cat":[21],"product_tag":[],"class_list":{"0":"post-35881","1":"product","2":"type-product","3":"status-publish","4":"has-post-thumbnail","6":"product_cat-identitate-crestere-spirituala-revelatie","7":"pa_autori-jeremiah-johnson","8":"pa_format-carte-tiparita","10":"first","11":"instock","12":"shipping-taxable","13":"purchasable","14":"product-type-variable","15":"has-default-attributes"},"acf":[],"_links":{"self":[{"href":"https:\/\/alfaomega.tv\/librarie\/wp-json\/wp\/v2\/product\/35881","targetHints":{"allow":["GET"]}}],"collection":[{"href":"https:\/\/alfaomega.tv\/librarie\/wp-json\/wp\/v2\/product"}],"about":[{"href":"https:\/\/alfaomega.tv\/librarie\/wp-json\/wp\/v2\/types\/product"}],"wp:featuredmedia":[{"embeddable":true,"href":"https:\/\/alfaomega.tv\/librarie\/wp-json\/wp\/v2\/media\/7553"}],"wp:attachment":[{"href":"https:\/\/alfaomega.tv\/librarie\/wp-json\/wp\/v2\/media?parent=35881"}],"wp:term":[{"taxonomy":"product_brand","embeddable":true,"href":"https:\/\/alfaomega.tv\/librarie\/wp-json\/wp\/v2\/product_brand?post=35881"},{"taxonomy":"product_cat","embeddable":true,"href":"https:\/\/alfaomega.tv\/librarie\/wp-json\/wp\/v2\/product_cat?post=35881"},{"taxonomy":"product_tag","embeddable":true,"href":"https:\/\/alfaomega.tv\/librarie\/wp-json\/wp\/v2\/product_tag?post=35881"}],"curies":[{"name":"wp","href":"https:\/\/api.w.org\/{rel}","templated":true}]}}