{"id":35883,"date":"2025-08-29T12:59:47","date_gmt":"2025-08-29T12:59:47","guid":{"rendered":"https:\/\/alfaomega.tv\/librarie\/?post_type=product&#038;p=35883"},"modified":"2025-09-02T11:37:36","modified_gmt":"2025-09-02T11:37:36","slug":"mireasa-razboinica","status":"publish","type":"product","link":"https:\/\/alfaomega.tv\/librarie\/produse\/identitate-crestere-spirituala-revelatie\/mireasa-razboinica\/","title":{"rendered":"Mireasa r\u0103zboinic\u0103"},"content":{"rendered":"<p>ACESTE CINCI DUHURI \u00ceN\u0218EL\u0102TOARE TE-AU MARCAT PENTRU DISTRUGERE<\/p>\n<p>Sim\u021bi ca \u0219i cum o\u0219tirile iadului ar fi pornite s\u0103 te \u00eempiedice s\u0103 avansezi, s\u0103 p\u0103\u0219e\u0219ti \u00een destinul lui Dumnezeu pentru via\u021ba ta?<\/p>\n<p>Sunt \u2013 iar atacurile lor sunt planificate, pl\u0103nuite \u0219i direc\u021bionate de cinci duhuri \u00een\u0219el\u0103toare, hot\u0103r\u00e2te s\u0103 distrug\u0103 Trupul lui Hristos: Leviatanul, Izabela, Duhul de religiozitate, Depresia \u0219i De\u0219ert\u0103ciunea. Trimi\u0219i \u00een r\u0103zboi \u00eempotriva celor cinci slujiri \u2013 de apostoli, profe\u021bi, \u00eenv\u0103\u021b\u0103tori, pastori \u0219i evangheli\u0219ti &#8211; ace\u0219ti agen\u021bi demonici \u00ee\u0219i coordoneaz\u0103 atacurile nu doar \u00eempotriva liderilor, ci \u0219i \u00eempotriva fiec\u0103rui credincios care ocup\u0103 aceste func\u021bii \u00een orice sfer\u0103 de influen\u021b\u0103.<\/p>\n<p>Cu pasiune \u0219i o perspectiv\u0103 str\u0103pung\u0103toare, profetul interna\u021bional \u0219i autorul de bestselleruri, Jeremiah Johnson, expune aceste puteri demonice \u0219i tacticile lor, \u00eemputernicindu-te cu curaj s\u0103 ie\u0219i \u00eenving\u0103tor \u00eempotriva oric\u0103rui atac, oper\u00e2nd ca Biserica lui Isus din vremurile din urm\u0103 \u2013 Mireasa R\u0103zboinic\u0103.<\/p>\n<p>Aceast\u0103 carte de referin\u021b\u0103 te va preg\u0103ti s\u0103 devii \u00eenarmat \u0219i periculos pe plan spiritual, \u00eencredin\u021b\u00e2ndu-\u021bi unelte, strategii \u0219i arme cu care s\u0103:<\/p>\n<ul>\n<li>Identifici ce duh r\u0103u se r\u0103zboie\u0219te \u00een mod specific cu func\u021bia ta unic\u0103 din Trupul lui Hristos.<\/li>\n<li>Discerni influen\u021ba vr\u0103jma\u0219ului \u0219i strategiile str\u0103vechi active \u00een via\u021ba ta.<\/li>\n<li>R\u0103storni orice atac demonic \u00eempotriva ta.<\/li>\n<li>Avansezi \u00een destinul t\u0103u divin.<\/li>\n<\/ul>\n<p>A sosit vremea ta s\u0103 tr\u0103ie\u0219ti \u00een ofensiv\u0103, zdrobind asalturile vr\u0103jma\u0219ului de fiecare dat\u0103 c\u00e2nd vine \u00eempotriva ta!<\/p>\n<\/p>\n<p>Nr. pagini: 164<\/p>\n","protected":false},"excerpt":{"rendered":"<p>Cucerirea celor cinci duhuri demonice care se r\u0103zboiesc cu biserica vremurilor de pe urm\u0103<\/p>\n","protected":false},"featured_media":7555,"template":"","meta":{"_acf_changed":false},"product_brand":[],"product_cat":[21],"product_tag":[],"class_list":{"0":"post-35883","1":"product","2":"type-product","3":"status-publish","4":"has-post-thumbnail","6":"product_cat-identitate-crestere-spirituala-revelatie","7":"pa_autori-jeremiah-johnson","8":"pa_format-carte-tiparita","10":"first","11":"instock","12":"shipping-taxable","13":"purchasable","14":"product-type-variable","15":"has-default-attributes"},"acf":[],"_links":{"self":[{"href":"https:\/\/alfaomega.tv\/librarie\/wp-json\/wp\/v2\/product\/35883","targetHints":{"allow":["GET"]}}],"collection":[{"href":"https:\/\/alfaomega.tv\/librarie\/wp-json\/wp\/v2\/product"}],"about":[{"href":"https:\/\/alfaomega.tv\/librarie\/wp-json\/wp\/v2\/types\/product"}],"wp:featuredmedia":[{"embeddable":true,"href":"https:\/\/alfaomega.tv\/librarie\/wp-json\/wp\/v2\/media\/7555"}],"wp:attachment":[{"href":"https:\/\/alfaomega.tv\/librarie\/wp-json\/wp\/v2\/media?parent=35883"}],"wp:term":[{"taxonomy":"product_brand","embeddable":true,"href":"https:\/\/alfaomega.tv\/librarie\/wp-json\/wp\/v2\/product_brand?post=35883"},{"taxonomy":"product_cat","embeddable":true,"href":"https:\/\/alfaomega.tv\/librarie\/wp-json\/wp\/v2\/product_cat?post=35883"},{"taxonomy":"product_tag","embeddable":true,"href":"https:\/\/alfaomega.tv\/librarie\/wp-json\/wp\/v2\/product_tag?post=35883"}],"curies":[{"name":"wp","href":"https:\/\/api.w.org\/{rel}","templated":true}]}}