{"id":35887,"date":"2025-08-29T12:59:47","date_gmt":"2025-08-29T12:59:47","guid":{"rendered":"https:\/\/alfaomega.tv\/librarie\/?post_type=product&#038;p=35887"},"modified":"2026-01-26T09:34:06","modified_gmt":"2026-01-26T09:34:06","slug":"descoperirea-lui-daniel","status":"publish","type":"product","link":"https:\/\/alfaomega.tv\/librarie\/produse\/intelegerea-vremurilor-israel\/descoperirea-lui-daniel\/","title":{"rendered":"Descoperirea lui Daniel"},"content":{"rendered":"<p>Vie\u021bile noastre \u0219i viitorul sunt \u00een m\u00e2inile Lui.<\/p>\n<p>\u00cen timp ce lumea pare a fi \u00eentr-o situa\u021bie disperat\u0103, cartea Daniel ne prezint\u0103 o imagine vie a numeroaselor moduri \u00een care Dumnezeu ne ghideaz\u0103 vie\u021bile \u0219i evenimentele lumii, oferindu-ne un motiv mare de a spera.<\/p>\n<p>Folosind acela\u0219i stil profund, dar u\u0219or de \u00een\u021beles, pe care \u00eel reg\u0103sim \u00een cartea sa de succes \u201e\u00cen\u021beleg\u00e2nd Apocalipsa\u201d, autorul bestsellerului, Amir Tsarfati, dezv\u0103luie modul \u00een care profe\u021biile lui Daniel \u0219i credin\u021ba sa neclintit\u0103 \u00een mijlocul unei culturi controversate ne ofer\u0103 perspective vitale pentru a tr\u0103i aceste ultime zile cu speran\u021b\u0103 \u0219i \u00een\u021belepciune. Pe m\u0103sur\u0103 ce ve\u021bi explora leg\u0103tura profund\u0103 dintre Daniel \u0219i Apocalipsa, ve\u021bi afla cum:<\/p>\n<ul>\n<li>2.500 de ani de istorie viitoare s-au desf\u0103\u0219urat exact a\u0219a cum a spus Dumnezeu c\u0103 se va \u00eent\u00e2mpla, demonstr\u00e2nd cum toate lucrurile sunt \u00een m\u00e2inile Sale<\/li>\n<li>misterele profetice din Daniel dezv\u0103luie informa\u021bii cruciale despre semnele, cronologia \u0219i evenimentele vremurilor din urm\u0103<\/li>\n<li>capacitatea lui Dumnezeu de a folosi credin\u021ba lui Daniel \u00een moduri puternice ne arat\u0103 cum El poate s\u0103 lucreze \u0219i prin noi<\/li>\n<\/ul>\n<p>\u201eDescoperirea lui Daniel\u201d dezv\u0103luie modul \u00een care cuvintele, ac\u021biunile \u0219i viziunile profetului Daniel \u00ee\u021bi pot oferi un scop \u0219i speran\u021b\u0103 \u00een lumea haotic\u0103 de ast\u0103zi, \u00eencuraj\u00e2ndu-te s\u0103 tr\u0103ie\u0219ti cu \u00eencredere \u00een suveranitatea \u0219i dragostea suprem\u0103 a lui Dumnezeu \u00een timpul care ne-a mai r\u0103mas pe acest p\u0103m\u00e2nt.<\/p>\n<p>\u00a0<\/p>\n<p>Nr. pagini: 306<\/p>\n","protected":false},"excerpt":{"rendered":"<p>Speran\u021b\u0103 \u00een mijlocul haosului<\/p>\n","protected":false},"featured_media":7559,"template":"","meta":{"_acf_changed":false},"product_brand":[],"product_cat":[24],"product_tag":[],"class_list":{"0":"post-35887","1":"product","2":"type-product","3":"status-publish","4":"has-post-thumbnail","6":"product_cat-intelegerea-vremurilor-israel","7":"pa_autori-amir-tsarfati","8":"pa_format-carte-tiparita","10":"first","11":"instock","12":"shipping-taxable","13":"purchasable","14":"product-type-variable","15":"has-default-attributes"},"acf":[],"_links":{"self":[{"href":"https:\/\/alfaomega.tv\/librarie\/wp-json\/wp\/v2\/product\/35887","targetHints":{"allow":["GET"]}}],"collection":[{"href":"https:\/\/alfaomega.tv\/librarie\/wp-json\/wp\/v2\/product"}],"about":[{"href":"https:\/\/alfaomega.tv\/librarie\/wp-json\/wp\/v2\/types\/product"}],"wp:featuredmedia":[{"embeddable":true,"href":"https:\/\/alfaomega.tv\/librarie\/wp-json\/wp\/v2\/media\/7559"}],"wp:attachment":[{"href":"https:\/\/alfaomega.tv\/librarie\/wp-json\/wp\/v2\/media?parent=35887"}],"wp:term":[{"taxonomy":"product_brand","embeddable":true,"href":"https:\/\/alfaomega.tv\/librarie\/wp-json\/wp\/v2\/product_brand?post=35887"},{"taxonomy":"product_cat","embeddable":true,"href":"https:\/\/alfaomega.tv\/librarie\/wp-json\/wp\/v2\/product_cat?post=35887"},{"taxonomy":"product_tag","embeddable":true,"href":"https:\/\/alfaomega.tv\/librarie\/wp-json\/wp\/v2\/product_tag?post=35887"}],"curies":[{"name":"wp","href":"https:\/\/api.w.org\/{rel}","templated":true}]}}