{"id":35889,"date":"2025-08-29T12:59:57","date_gmt":"2025-08-29T12:59:57","guid":{"rendered":"https:\/\/alfaomega.tv\/librarie\/?post_type=product&#038;p=35889"},"modified":"2025-10-22T14:04:03","modified_gmt":"2025-10-22T14:04:03","slug":"antisemitism","status":"publish","type":"product","link":"https:\/\/alfaomega.tv\/librarie\/produse\/intelegerea-vremurilor-israel\/antisemitism\/","title":{"rendered":"Antisemitism"},"content":{"rendered":"<p>Antisemitismul cre\u0219te. \u00cel poate opri ceva?<\/p>\n<p>Istoria ne-a \u00eenv\u0103\u021bat c\u0103 antisemitismul ac\u021bioneaz\u0103 adesea ca un sistem de avertizare timpurie &#8211; un canar \u00een pu\u021bul de mine &#8211; care ne alerteaz\u0103 asupra mi\u0219c\u0103rilor pline de ur\u0103 care pot amenin\u021ba societatea. Acea alarm\u0103 sun\u0103 acum deoarece antisemitismul este \u00een cre\u0219tere \u00een \u00eentreaga lume, inclusiv \u00een Statele Unite. Demografia cre\u0219tin evanghelic\u0103 este singura care are greutatea politic\u0103 \u0219i moral\u0103 de a respinge acest r\u0103u \u00een societatea american\u0103.<\/p>\n<p>\u00cen aceast\u0103 bro\u0219ur\u0103 succint\u0103 ve\u021bi \u00eenv\u0103\u021ba:<\/p>\n<ul>\n<li>Ce este antisemitismul<\/li>\n<li>Unde se g\u0103se\u0219te<\/li>\n<li>Cum s\u0103 veni\u021bi \u00eempotriva influen\u021bei sale puternic \u0219i vocal<\/li>\n<li>\u0218i multe altele<\/li>\n<\/ul>\n<p>Dac\u0103 vrei s\u0103 \u00een\u021belegi mai bine antisemitismul \u2013 \u0219i ce po\u021bi face \u00een privin\u021ba lui \u2013 aceast\u0103 bro\u0219ur\u0103 este pentru tine.<\/p>\n<p>Nr. pagini: 48<\/p>\n","protected":false},"excerpt":{"rendered":"<p>Ce trebuie s\u0103 \u0219tie fiecare cre\u0219tin \u0219i cum poate fi acesta contracarat<\/p>\n","protected":false},"featured_media":7561,"template":"","meta":{"_acf_changed":false},"product_brand":[],"product_cat":[24],"product_tag":[],"class_list":{"0":"post-35889","1":"product","2":"type-product","3":"status-publish","4":"has-post-thumbnail","6":"product_cat-intelegerea-vremurilor-israel","7":"pa_autori-dr-susan-michael","8":"pa_format-carte-tiparita","9":"pa_format-carte-electronica","11":"first","12":"instock","13":"shipping-taxable","14":"purchasable","15":"product-type-variable"},"acf":[],"_links":{"self":[{"href":"https:\/\/alfaomega.tv\/librarie\/wp-json\/wp\/v2\/product\/35889","targetHints":{"allow":["GET"]}}],"collection":[{"href":"https:\/\/alfaomega.tv\/librarie\/wp-json\/wp\/v2\/product"}],"about":[{"href":"https:\/\/alfaomega.tv\/librarie\/wp-json\/wp\/v2\/types\/product"}],"wp:featuredmedia":[{"embeddable":true,"href":"https:\/\/alfaomega.tv\/librarie\/wp-json\/wp\/v2\/media\/7561"}],"wp:attachment":[{"href":"https:\/\/alfaomega.tv\/librarie\/wp-json\/wp\/v2\/media?parent=35889"}],"wp:term":[{"taxonomy":"product_brand","embeddable":true,"href":"https:\/\/alfaomega.tv\/librarie\/wp-json\/wp\/v2\/product_brand?post=35889"},{"taxonomy":"product_cat","embeddable":true,"href":"https:\/\/alfaomega.tv\/librarie\/wp-json\/wp\/v2\/product_cat?post=35889"},{"taxonomy":"product_tag","embeddable":true,"href":"https:\/\/alfaomega.tv\/librarie\/wp-json\/wp\/v2\/product_tag?post=35889"}],"curies":[{"name":"wp","href":"https:\/\/api.w.org\/{rel}","templated":true}]}}