{"id":35897,"date":"2025-08-29T12:59:58","date_gmt":"2025-08-29T12:59:58","guid":{"rendered":"https:\/\/alfaomega.tv\/librarie\/?post_type=product&#038;p=35897"},"modified":"2026-02-12T11:44:01","modified_gmt":"2026-02-12T11:44:01","slug":"case-ale-gloriei","status":"publish","type":"product","link":"https:\/\/alfaomega.tv\/librarie\/produse\/identitate-crestere-spirituala-revelatie\/case-ale-gloriei\/","title":{"rendered":"Case ale gloriei"},"content":{"rendered":"<p>Strategii supranaturale \u0219i planuri cere\u0219ti pentru a deveni un loc \u00een care gloria lui Dumnezeu s\u0103 se odihneasc\u0103.<\/p>\n<p>Pe m\u0103sur\u0103 ce crizele globale continu\u0103 s\u0103 zguduie p\u0103m\u00e2ntul, cei umplu\u021bi cu Duhul Sf\u00e2nt trebuie s\u0103 stea \u00een picioare \u00een lumea plin\u0103 de \u00eentuneric ca ni\u0219te faruri de neclintit ale gloriei lui Dumnezeu. E\u0219ti preg\u0103tit pentru aceast\u0103 responsabilitate?<\/p>\n<p>\u00cencredin\u021b\u00e2ndu-i-se misiunea de a rosti cuvinte profetice cu privire la faptul c\u0103 Dumnezeu Se va \u00eentoarce \u0219i lucrarea de cur\u0103\u021bire a Bisericii, respectatul profet \u0219i autor bine v\u00e2ndut, Jeremiah Johnson \u00ee\u021bi face o chemare provocatoare de a deveni tot ce ai fost creat s\u0103 devii \u2013 un vas care poart\u0103 gloria lui Dumnezeu \u00een lume!<\/p>\n<p>\u00cen ultima sa lucrare, vocea profetic\u0103 a lui Jeremiah \u0219i inima lui de pastor r\u0103sun\u0103 \u00eempreun\u0103, transmi\u021b\u00e2ndu-\u021bi \u021bie \u0219i \u00eentregii Biserici un mesaj provocator \u0219i plin de n\u0103dejde.<\/p>\n<p>Din acest cuv\u00e2nt profetic, venit exact la timp, vei \u00eenv\u0103\u021ba cum s\u0103:<\/p>\n<ul>\n<li>Treze\u0219ti duhul de pionierat din tine, pe care religia l-a adormit sau amu\u021bit.<\/li>\n<li>Cultivi un ADN al \u201ecamerei de sus\u201d \u00een via\u021ba, organiza\u021bia, familia \u0219i biserica ta. <\/li>\n<li>\u00ce\u021bi ocupi locul \u00een una din \u201ecele cinci slujiri\u201d, at\u00e2t \u00een Biseric\u0103, c\u00e2t \u0219i \u00een afara ei.<\/li>\n<li>Operezi \u00een strategiile Duhului Sf\u00e2nt din 1 Corinteni 14, de care avem nevoie acum mai mult ca oric\u00e2nd.<\/li>\n<li>Dob\u00e2nde\u0219ti o viziune profetic\u0103 cu privire la ce anume lucreaz\u0103 Dumnezeu pe p\u0103m\u00e2nt.<\/li>\n<\/ul>\n<p>Al\u0103tur\u0103-te proiectului supranatural de zidire al lui Dumnezeu \u0219i treze\u0219te-te la chemarea de a fi o cas\u0103 a gloriei Sale!<\/p>\n<\/p>\n<p>Nr. pagini: 146<\/p>\n","protected":false},"excerpt":{"rendered":"<p>Strategii profetice pentru a intra \u00eentr-o nou\u0103 er\u0103<\/p>\n","protected":false},"featured_media":7569,"template":"","meta":{"_acf_changed":false},"product_brand":[],"product_cat":[21],"product_tag":[],"class_list":{"0":"post-35897","1":"product","2":"type-product","3":"status-publish","4":"has-post-thumbnail","6":"product_cat-identitate-crestere-spirituala-revelatie","7":"pa_autori-jeremiah-johnson","8":"pa_format-carte-tiparita","10":"first","11":"instock","12":"shipping-taxable","13":"purchasable","14":"product-type-variable","15":"has-default-attributes"},"acf":[],"_links":{"self":[{"href":"https:\/\/alfaomega.tv\/librarie\/wp-json\/wp\/v2\/product\/35897","targetHints":{"allow":["GET"]}}],"collection":[{"href":"https:\/\/alfaomega.tv\/librarie\/wp-json\/wp\/v2\/product"}],"about":[{"href":"https:\/\/alfaomega.tv\/librarie\/wp-json\/wp\/v2\/types\/product"}],"wp:featuredmedia":[{"embeddable":true,"href":"https:\/\/alfaomega.tv\/librarie\/wp-json\/wp\/v2\/media\/7569"}],"wp:attachment":[{"href":"https:\/\/alfaomega.tv\/librarie\/wp-json\/wp\/v2\/media?parent=35897"}],"wp:term":[{"taxonomy":"product_brand","embeddable":true,"href":"https:\/\/alfaomega.tv\/librarie\/wp-json\/wp\/v2\/product_brand?post=35897"},{"taxonomy":"product_cat","embeddable":true,"href":"https:\/\/alfaomega.tv\/librarie\/wp-json\/wp\/v2\/product_cat?post=35897"},{"taxonomy":"product_tag","embeddable":true,"href":"https:\/\/alfaomega.tv\/librarie\/wp-json\/wp\/v2\/product_tag?post=35897"}],"curies":[{"name":"wp","href":"https:\/\/api.w.org\/{rel}","templated":true}]}}