{"id":35899,"date":"2025-08-29T12:59:58","date_gmt":"2025-08-29T12:59:58","guid":{"rendered":"https:\/\/alfaomega.tv\/librarie\/?post_type=product&#038;p=35899"},"modified":"2025-10-23T08:25:26","modified_gmt":"2025-10-23T08:25:26","slug":"instantele-de-judecata","status":"publish","type":"product","link":"https:\/\/alfaomega.tv\/librarie\/produse\/identitate-crestere-spirituala-revelatie\/instantele-de-judecata\/","title":{"rendered":"Instan\u021bele de judecat\u0103"},"content":{"rendered":"<p>O instan\u021b\u0103 este \u201eo curte de justi\u021bie sau orice alt loc \u00een care se face justi\u021bie\u201d. Instan\u021be de judecat\u0103 \u0219i cur\u021bi de justi\u021bie au \u00eenceput s\u0103 se formeze prin statul Texas pe m\u0103sur\u0103 ce Ekklesia a \u00eenceput s\u0103 p\u0103\u0219easc\u0103 \u00een autoritate ca regi \u0219i preo\u021bi. Fiii \u0219i fiicele Dumnezeului Celui Prea\u00eenalt sunt chema\u021bi s\u0103 legifereze decretele Sale pe p\u0103m\u00e2nt, dup\u0103 cum acestea au fost \u0219i sunt \u0219i acum decretate \u00een Cer.<\/p>\n<p>Noi trebuie s\u0103 ne pozi\u021bion\u0103m ca preo\u021bi pentru a auzi vocea lui Dumnezeu \u2013 s\u0103 fim alinia\u021bi cu inima Sa \u2013 \u0219i pentru a avansa \u00cemp\u0103r\u0103\u021bia Sa \u00een c\u0103l\u0103toria noastr\u0103 prin via\u021b\u0103. Dumnezeu ne comand\u0103 pa\u0219ii. Fie o credem, sau nu. Este chiar at\u00e2t de simplu. Dumnezeu ne comand\u0103 pa\u0219ii. Asta nu ne permite s\u0103 ne d\u0103m \u00eenapoi \u0219i s\u0103 spunem: \u201eDoamne, continu\u0103 \u0219i f\u0103-o. Eu nici nu trebuie s\u0103 particip.\u201d Nu. Dumnezeu caut\u0103 o rela\u021bie intim\u0103, de participare cu noi, \u00een calitate de preo\u021bi \u0219i regi, iar \u00een acea participare \u00eempreun\u0103 cu El, El ne elibereaz\u0103 \u0219i ne ghideaz\u0103 \u00een direc\u021bia \u00een care trebuie s\u0103 mergem. El \u00eemputernice\u0219te domnia \u0219i autoritatea \u00cemp\u0103r\u0103\u021biei Sale prin ascultarea noastr\u0103.<\/p>\n<p>Dup\u0103 cum ne-a spus Domnul aici, \u00een Texas, Instan\u021bele de judecat\u0103 sunt un aspect esen\u021bial al felului \u00een care El ne dore\u0219te ca mijlocitori \u00een Ekklesia Texasului pentru a elibera decretele \u0219i declara\u021biile Sale \u00een stat \u0219i, da, \u0219i \u00een \u021bar\u0103&#8230;<\/p>\n<p>\u201e\u0218i Eu \u00ee\u021bi spun: tu e\u0219ti Petru, \u0219i pe aceast\u0103 piatr\u0103 voi zidi Biserica Mea, \u0219i por\u021bile Locuin\u021bei mor\u021bilor nu o vor birui. \u00ce\u021bi voi da cheile \u00cemp\u0103r\u0103\u021biei cerurilor, \u0219i orice vei lega pe p\u0103m\u00e2nt va fi legat \u00een ceruri, \u0219i orice vei dezlega pe p\u0103m\u00e2nt va fi dezlegat \u00een ceruri.\u201d Matei 16:18-19<\/p>\n<p>Nr. pagini: 124<\/p>\n","protected":false},"excerpt":{"rendered":"<p>Autoritatea Ekklesiei de a legifera<\/p>\n","protected":false},"featured_media":7571,"template":"","meta":{"_acf_changed":false},"product_brand":[],"product_cat":[21],"product_tag":[],"class_list":{"0":"post-35899","1":"product","2":"type-product","3":"status-publish","4":"has-post-thumbnail","6":"product_cat-identitate-crestere-spirituala-revelatie","7":"pa_autori-dr-thomas-schlueter","8":"pa_format-carte-tiparita","9":"pa_format-carte-electronica","11":"first","12":"instock","13":"shipping-taxable","14":"purchasable","15":"product-type-variable"},"acf":[],"_links":{"self":[{"href":"https:\/\/alfaomega.tv\/librarie\/wp-json\/wp\/v2\/product\/35899","targetHints":{"allow":["GET"]}}],"collection":[{"href":"https:\/\/alfaomega.tv\/librarie\/wp-json\/wp\/v2\/product"}],"about":[{"href":"https:\/\/alfaomega.tv\/librarie\/wp-json\/wp\/v2\/types\/product"}],"wp:featuredmedia":[{"embeddable":true,"href":"https:\/\/alfaomega.tv\/librarie\/wp-json\/wp\/v2\/media\/7571"}],"wp:attachment":[{"href":"https:\/\/alfaomega.tv\/librarie\/wp-json\/wp\/v2\/media?parent=35899"}],"wp:term":[{"taxonomy":"product_brand","embeddable":true,"href":"https:\/\/alfaomega.tv\/librarie\/wp-json\/wp\/v2\/product_brand?post=35899"},{"taxonomy":"product_cat","embeddable":true,"href":"https:\/\/alfaomega.tv\/librarie\/wp-json\/wp\/v2\/product_cat?post=35899"},{"taxonomy":"product_tag","embeddable":true,"href":"https:\/\/alfaomega.tv\/librarie\/wp-json\/wp\/v2\/product_tag?post=35899"}],"curies":[{"name":"wp","href":"https:\/\/api.w.org\/{rel}","templated":true}]}}