{"id":35901,"date":"2025-08-29T12:59:58","date_gmt":"2025-08-29T12:59:58","guid":{"rendered":"https:\/\/alfaomega.tv\/librarie\/?post_type=product&#038;p=35901"},"modified":"2025-10-10T13:54:13","modified_gmt":"2025-10-10T13:54:13","slug":"crucea-este-cheia-ghidul-liderului","status":"publish","type":"product","link":"https:\/\/alfaomega.tv\/librarie\/produse\/resurse-pentru-copii\/crucea-este-cheia-ghidul-liderului\/","title":{"rendered":"Crucea este cheia &#8211; ghidul liderului"},"content":{"rendered":"<p>Crucea reprezint\u0103 mult mai mult dec\u00e2t iertarea p\u0103catelor. Pentru a descifra mesajul profund al crucii, copiii au nevoie s\u0103 fie ghida\u021bi pas cu pas \u00een cunoa\u0219terea lui Isus \u0219i a puterii crucii Sale.<\/p>\n<p>\u201eCrucea este cheia\u201d este o adaptare dup\u0103 manualul cu acela\u0219i titlu, din seria de echipare a liderilor scris\u0103 de pastorul Terry Moore. Ghidul con\u021bine lec\u021bii create special pentru lideri \u0219i \u00eenv\u0103\u021b\u0103tori, pentru a-i ajuta s\u0103-i \u00eenve\u021be pe copii despre semnifica\u021bia crucii lui Isus, dar \u0219i pentru a-i ajuta s\u0103 experimenteze puterea, pacea \u0219i bucuria care pot fi g\u0103site doar \u00een crucea lui Isus.<\/p>\n<p>Din aceea\u0219i serie:<br \/>\n<a href=\"librarie\/resurse-pentru-copii\/liber-cu-adev%C4%83rat-ghidul-liderului-produs\">Liber cu-adev\u0103rat<\/a><br \/>\n<a href=\"librarie\/resurse-pentru-copii\/dragoste,-identitate-%C8%99i-scop-ghidul-liderului-produs\">Dragoste, Identitate \u0219i Scop <\/a><\/p>\n","protected":false},"excerpt":{"rendered":"<p>Ghid de studiu pentru lideri, clasele I-III<\/p>\n","protected":false},"featured_media":7573,"template":"","meta":{"_acf_changed":false},"product_brand":[],"product_cat":[34],"product_tag":[],"class_list":{"0":"post-35901","1":"product","2":"type-product","3":"status-publish","4":"has-post-thumbnail","6":"product_cat-resurse-pentru-copii","7":"pa_autori-terry-moore","8":"pa_format-carte-tiparita","9":"pa_format-carte-electronica","11":"first","12":"instock","13":"shipping-taxable","14":"purchasable","15":"product-type-variable"},"acf":[],"_links":{"self":[{"href":"https:\/\/alfaomega.tv\/librarie\/wp-json\/wp\/v2\/product\/35901","targetHints":{"allow":["GET"]}}],"collection":[{"href":"https:\/\/alfaomega.tv\/librarie\/wp-json\/wp\/v2\/product"}],"about":[{"href":"https:\/\/alfaomega.tv\/librarie\/wp-json\/wp\/v2\/types\/product"}],"wp:featuredmedia":[{"embeddable":true,"href":"https:\/\/alfaomega.tv\/librarie\/wp-json\/wp\/v2\/media\/7573"}],"wp:attachment":[{"href":"https:\/\/alfaomega.tv\/librarie\/wp-json\/wp\/v2\/media?parent=35901"}],"wp:term":[{"taxonomy":"product_brand","embeddable":true,"href":"https:\/\/alfaomega.tv\/librarie\/wp-json\/wp\/v2\/product_brand?post=35901"},{"taxonomy":"product_cat","embeddable":true,"href":"https:\/\/alfaomega.tv\/librarie\/wp-json\/wp\/v2\/product_cat?post=35901"},{"taxonomy":"product_tag","embeddable":true,"href":"https:\/\/alfaomega.tv\/librarie\/wp-json\/wp\/v2\/product_tag?post=35901"}],"curies":[{"name":"wp","href":"https:\/\/api.w.org\/{rel}","templated":true}]}}