{"id":35903,"date":"2025-08-29T12:59:59","date_gmt":"2025-08-29T12:59:59","guid":{"rendered":"https:\/\/alfaomega.tv\/librarie\/?post_type=product&#038;p=35903"},"modified":"2025-10-10T13:58:21","modified_gmt":"2025-10-10T13:58:21","slug":"liber-cu-adevarat-ghidul-liderului","status":"publish","type":"product","link":"https:\/\/alfaomega.tv\/librarie\/produse\/resurse-pentru-copii\/liber-cu-adevarat-ghidul-liderului\/","title":{"rendered":"Liber cu-adev\u0103rat &#8211; ghidul liderului"},"content":{"rendered":"<p class=\"p1\">Isus a venit pe p\u0103m\u00e2nt pentru \u201ea elibera captivii\u201d &#8211; spiritual, mental, emo\u021bional \u0219i fizic. \u00cen calitate de ucenici ai lui Isus, suntem chema\u021bi s\u0103 facem \u0219i noi la fel.<\/p>\n<p class=\"p1\">Lec\u021biile din aceast\u0103 carte sunt adaptate dup\u0103 seria de echipare scris\u0103 de pastorul Terry Moore, adic\u0103 dup\u0103 manualul \u201eLiber cu-adev\u0103rat\u201d. Aceste lec\u021bii sunt astfel realizate \u00eenc\u00e2t s\u0103-i \u00eenve\u021be pe elevi despre libertatea \u00een care p\u0103\u0219im ca ucenici ai lui Isus Hristos, dar \u0219i despre cum s\u0103-i ajut\u0103m pe al\u021bii s\u0103 aib\u0103 parte de aceea\u0219i libertate.<\/p>\n<p>Nr. pagini: 138<\/p>\n","protected":false},"excerpt":{"rendered":"<p>Ghid de studiu pentru lideri pentru clasele I-III<\/p>\n","protected":false},"featured_media":7575,"template":"","meta":{"_acf_changed":false},"product_brand":[],"product_cat":[34],"product_tag":[],"class_list":{"0":"post-35903","1":"product","2":"type-product","3":"status-publish","4":"has-post-thumbnail","6":"product_cat-resurse-pentru-copii","7":"pa_autori-terry-moore","8":"pa_format-carte-tiparita","9":"pa_format-carte-electronica","11":"first","12":"instock","13":"shipping-taxable","14":"purchasable","15":"product-type-variable"},"acf":[],"_links":{"self":[{"href":"https:\/\/alfaomega.tv\/librarie\/wp-json\/wp\/v2\/product\/35903","targetHints":{"allow":["GET"]}}],"collection":[{"href":"https:\/\/alfaomega.tv\/librarie\/wp-json\/wp\/v2\/product"}],"about":[{"href":"https:\/\/alfaomega.tv\/librarie\/wp-json\/wp\/v2\/types\/product"}],"wp:featuredmedia":[{"embeddable":true,"href":"https:\/\/alfaomega.tv\/librarie\/wp-json\/wp\/v2\/media\/7575"}],"wp:attachment":[{"href":"https:\/\/alfaomega.tv\/librarie\/wp-json\/wp\/v2\/media?parent=35903"}],"wp:term":[{"taxonomy":"product_brand","embeddable":true,"href":"https:\/\/alfaomega.tv\/librarie\/wp-json\/wp\/v2\/product_brand?post=35903"},{"taxonomy":"product_cat","embeddable":true,"href":"https:\/\/alfaomega.tv\/librarie\/wp-json\/wp\/v2\/product_cat?post=35903"},{"taxonomy":"product_tag","embeddable":true,"href":"https:\/\/alfaomega.tv\/librarie\/wp-json\/wp\/v2\/product_tag?post=35903"}],"curies":[{"name":"wp","href":"https:\/\/api.w.org\/{rel}","templated":true}]}}