{"id":35909,"date":"2025-08-29T12:59:59","date_gmt":"2025-08-29T12:59:59","guid":{"rendered":"https:\/\/alfaomega.tv\/librarie\/?post_type=product&#038;p=35909"},"modified":"2025-10-20T09:01:42","modified_gmt":"2025-10-20T09:01:42","slug":"cum-sa-primim-si-sa-slujim-in-vederea-primirii-botezului-cu-duhul-sfant","status":"publish","type":"product","link":"https:\/\/alfaomega.tv\/librarie\/produse\/slujind-trupul-lui-hristos\/cum-sa-primim-si-sa-slujim-in-vederea-primirii-botezului-cu-duhul-sfant\/","title":{"rendered":"Cum s\u0103 primim \u0219i s\u0103 slujim \u00een vederea primirii botezului cu Duhul Sf\u00e2nt"},"content":{"rendered":"<p>Aceast\u0103 carte te va ajuta s\u0103 \u00eenvingi orice fric\u0103 sau \u00eengrijorare doctrinal\u0103 \u0219i s\u0103 accep\u021bi cea mai important\u0103 experien\u021b\u0103 pe care o poate avea fiecare cre\u0219tin dup\u0103 m\u00e2ntuire.<\/p>\n<p class=\"p1\">\u00ce\u021aI DORE\u0218TI MAI MULT DIN DUMNEZEU? Vrei s\u0103 experimentezi puterea lui Dumnezeu mai mult ca oric\u00e2nd \u00een via\u021ba ta? Roag\u0103-te s\u0103 prime\u0219ti botezul Duhului Sf\u00e2nt, fiindc\u0103 atunci a fost momentul c\u00e2nd puterea lui Dumnezeu a \u201elovit\u201d familia noastr\u0103. John Osteen a spus odat\u0103: \u201eDac\u0103 ave\u021bi o problem\u0103 cu vorbirea \u00een alte limbi, nu da\u021bi vina pe mine, da\u021bi vina pe Isus! El a fost Primul care a vorbit despre acest lucru!\u201d <\/p>\n<\/p>\n<p>Nr. pagini: 78<\/p>\n","protected":false},"excerpt":{"rendered":"<p>\u00ce\u021bi dore\u0219ti mai mult din Dumnezeu?<\/p>\n","protected":false},"featured_media":7581,"template":"","meta":{"_acf_changed":false},"product_brand":[],"product_cat":[19],"product_tag":[],"class_list":{"0":"post-35909","1":"product","2":"type-product","3":"status-publish","4":"has-post-thumbnail","6":"product_cat-slujind-trupul-lui-hristos","7":"pa_autori-joan-hunter","8":"pa_format-carte-tiparita","9":"pa_format-carte-electronica","11":"first","12":"instock","13":"shipping-taxable","14":"purchasable","15":"product-type-variable"},"acf":[],"_links":{"self":[{"href":"https:\/\/alfaomega.tv\/librarie\/wp-json\/wp\/v2\/product\/35909","targetHints":{"allow":["GET"]}}],"collection":[{"href":"https:\/\/alfaomega.tv\/librarie\/wp-json\/wp\/v2\/product"}],"about":[{"href":"https:\/\/alfaomega.tv\/librarie\/wp-json\/wp\/v2\/types\/product"}],"wp:featuredmedia":[{"embeddable":true,"href":"https:\/\/alfaomega.tv\/librarie\/wp-json\/wp\/v2\/media\/7581"}],"wp:attachment":[{"href":"https:\/\/alfaomega.tv\/librarie\/wp-json\/wp\/v2\/media?parent=35909"}],"wp:term":[{"taxonomy":"product_brand","embeddable":true,"href":"https:\/\/alfaomega.tv\/librarie\/wp-json\/wp\/v2\/product_brand?post=35909"},{"taxonomy":"product_cat","embeddable":true,"href":"https:\/\/alfaomega.tv\/librarie\/wp-json\/wp\/v2\/product_cat?post=35909"},{"taxonomy":"product_tag","embeddable":true,"href":"https:\/\/alfaomega.tv\/librarie\/wp-json\/wp\/v2\/product_tag?post=35909"}],"curies":[{"name":"wp","href":"https:\/\/api.w.org\/{rel}","templated":true}]}}