{"id":35911,"date":"2025-08-29T13:00:00","date_gmt":"2025-08-29T13:00:00","guid":{"rendered":"https:\/\/alfaomega.tv\/librarie\/?post_type=product&#038;p=35911"},"modified":"2026-01-28T08:47:48","modified_gmt":"2026-01-28T08:47:48","slug":"vazatorul","status":"publish","type":"product","link":"https:\/\/alfaomega.tv\/librarie\/produse\/identitate-crestere-spirituala-revelatie\/vazatorul\/","title":{"rendered":"V\u0103z\u0103torul"},"content":{"rendered":"<p>Satisface foamea din inima ta!<\/p>\n<p>Mi\u0219c\u0103rile profetice din istoria bisericii \u0219i \u00een via\u021ba contemporan\u0103 sunt alimentate de dou\u0103 izvoare puternice:<\/p>\n<ul>\n<li>Proorocul, a c\u0103rui revela\u021bie este \u00een principal verbal\u0103<\/li>\n<li>V\u0103z\u0103torul, a c\u0103rui revela\u021bie este mai vizionar\u0103<\/li>\n<\/ul>\n<p>\u00cen timp ce rolul proorocului este familiar, se \u0219tie mai pu\u021bin despre dimensiunea V\u0103z\u0103torului. Pentru mul\u021bi oameni, ace\u0219ti prooroci vizionari r\u0103m\u00e2n misterio\u0219i, din alt\u0103 lume \u0219i chiar ciuda\u021bi. Cunoa\u0219terea \u00eenl\u0103tur\u0103 ne\u00een\u021belegerea \u0219i vei descoperi puterea profetic\u0103 a viselor, viziunilor \u0219i vie\u021bii sub cerurile deschise.<\/p>\n<p>\u00centreb\u0103rile la care se r\u0103spunde, includ:<\/p>\n<ul>\n<li>Cum se \u00eent\u00e2mpl\u0103 revela\u021bia vizionar\u0103? Poate fi de \u00eencredere?<\/li>\n<li>Unde se \u00eencadreaz\u0103 \u00een via\u021ba ta \u0219i \u00een biserica de ast\u0103zi?<\/li>\n<li>Poate orice credincios s\u0103 devin\u0103 un v\u0103z\u0103tor? Este o dimensiune profetic\u0103 rezervat\u0103 celor \u00eenzestra\u021bi spiritual?<\/li>\n<\/ul>\n<p>Cartea ,,V\u0103z\u0103torul\u201d \u00ee\u021bi va mi\u0219ca inima \u0219i \u00ee\u021bi va st\u00e2rni foamea de intimitate cu Dumnezeu, deoarece scopul v\u0103z\u0103torului este s\u0103 \u00ee\u021bi dezv\u0103luie \u021bie, ast\u0103zi, persoana lui Hristos Isus.<\/p>\n<\/p>\n<p>Nr. pagini: 432<\/p>\n","protected":false},"excerpt":{"rendered":"<p>Puterea profetic\u0103 a viziunilor, viselor \u0219i cerurilor deschise<\/p>\n","protected":false},"featured_media":7583,"template":"","meta":{"_acf_changed":false},"product_brand":[],"product_cat":[21],"product_tag":[],"class_list":{"0":"post-35911","1":"product","2":"type-product","3":"status-publish","4":"has-post-thumbnail","6":"product_cat-identitate-crestere-spirituala-revelatie","7":"pa_autori-james-w-goll","8":"pa_format-carte-tiparita","10":"first","11":"instock","12":"shipping-taxable","13":"purchasable","14":"product-type-variable","15":"has-default-attributes"},"acf":[],"_links":{"self":[{"href":"https:\/\/alfaomega.tv\/librarie\/wp-json\/wp\/v2\/product\/35911","targetHints":{"allow":["GET"]}}],"collection":[{"href":"https:\/\/alfaomega.tv\/librarie\/wp-json\/wp\/v2\/product"}],"about":[{"href":"https:\/\/alfaomega.tv\/librarie\/wp-json\/wp\/v2\/types\/product"}],"wp:featuredmedia":[{"embeddable":true,"href":"https:\/\/alfaomega.tv\/librarie\/wp-json\/wp\/v2\/media\/7583"}],"wp:attachment":[{"href":"https:\/\/alfaomega.tv\/librarie\/wp-json\/wp\/v2\/media?parent=35911"}],"wp:term":[{"taxonomy":"product_brand","embeddable":true,"href":"https:\/\/alfaomega.tv\/librarie\/wp-json\/wp\/v2\/product_brand?post=35911"},{"taxonomy":"product_cat","embeddable":true,"href":"https:\/\/alfaomega.tv\/librarie\/wp-json\/wp\/v2\/product_cat?post=35911"},{"taxonomy":"product_tag","embeddable":true,"href":"https:\/\/alfaomega.tv\/librarie\/wp-json\/wp\/v2\/product_tag?post=35911"}],"curies":[{"name":"wp","href":"https:\/\/api.w.org\/{rel}","templated":true}]}}