{"id":35913,"date":"2025-08-29T13:00:00","date_gmt":"2025-08-29T13:00:00","guid":{"rendered":"https:\/\/alfaomega.tv\/librarie\/?post_type=product&#038;p=35913"},"modified":"2025-10-20T10:23:03","modified_gmt":"2025-10-20T10:23:03","slug":"ordine-in-curtile-domnului","status":"publish","type":"product","link":"https:\/\/alfaomega.tv\/librarie\/produse\/lauda-si-inchinare\/ordine-in-curtile-domnului\/","title":{"rendered":"Ordine \u00een cur\u021bile Domnului"},"content":{"rendered":"<p>\u0218ofare, tamburine, steaguri \u0219i dansatori\u2026 ce ar trebui s\u0103 facem cu toate aceste expresii de laud\u0103 \u0219i \u00eenchinare pe care oamenii le aduc \u00een biseric\u0103? Ca pastor, ar trebui s\u0103 le dau und\u0103 verde? Dac\u0103 o fac, ne-am expune haosului; dar dac\u0103 \u00eencerc s\u0103 aduc direc\u021bie, voi fi v\u0103zut ca nespiritual \u0219i obsedat de control! Chiar trebuie ca dansatorii \u0219i steagurile s\u0103 defileze prin sanctuar pentru a-\u0219i ar\u0103ta dragostea fa\u021b\u0103 de Dumnezeu?<\/p>\n<p>Aceste \u00eentreb\u0103ri, \u0219i mai multe, al\u0103turi de sfaturi practice care abordeaz\u0103 aceste probleme, reprezint\u0103 subiectul acestei lucr\u0103ri.<\/p>\n<ul>\n<li>Ce este un \u0219ofar \u0219i cum ar trebui folosit?<\/li>\n<li>Ar trebui permise tamburinele \u00een sanctuar?<\/li>\n<li>Ce s\u0103 fac cu dansatorii?<\/li>\n<li>Steagurile \u00een \u00eenchinare<\/li>\n<li>Lucrarea profetic\u0103<\/li>\n<li>Darurile spirituale \u00een \u00eenchinare<\/li>\n<li>Pastorii \u0219i liderii de \u00eenchinare<\/li>\n<\/ul>\n<p>Paul Wilbur de\u021bine o perspectiv\u0103 asupra mi\u0219c\u0103rii de \u00eenchinare care se \u00eentinde de-a lungul a trei decenii, pe mai toate continentele, \u0219i \u00eentr-o varietate de culturi \u0219i limbi. \u00cenchinarea sa la adresa Dumnezeului Viu \u0219i a Salvatorului plin de dragoste a cuprins inimile pierdute, zdrobite \u0219i r\u0103nite a genera\u021bii \u00eentregi. <em>&#8211; Pastor Russell Johnson; Fairfield Community Church, Fairfield, Ohio<\/em><\/p>\n<p>\u0218tiu c\u0103 fiecare \u00eenchin\u0103tor adev\u0103rat care dore\u0219te s\u0103 se apropie de Dumnezeu va fi extrem de binecuv\u00e2ntat \u0219i \u00eencurajat de aceast\u0103 capodoper\u0103. \u0218tiu c\u0103 eu am fost. <em>&#8211; Bishop Gaspar Anastasi; Biserica Word of Life; Fort Myers, FL., Freeport, N.Y.<\/em><\/p>\n<p>\u201ePaul este \u00een domeniul \u00eenchin\u0103rii echivalentul lui Starbucks \u00een industria cafelei!\u201d <em> &#8211; Pastor Larry Tomczak; Atlanta, Georgia<\/em><\/p>\n<p>Nr. pagini: 108<\/p>\n","protected":false},"excerpt":{"rendered":"<p>Cum s\u0103 aducem echilibru \u0219i perspectiv\u0103 \u00een lauda \u0219i \u00eenchinarea expresiv\u0103<\/p>\n","protected":false},"featured_media":7585,"template":"","meta":{"_acf_changed":false},"product_brand":[],"product_cat":[20],"product_tag":[],"class_list":{"0":"post-35913","1":"product","2":"type-product","3":"status-publish","4":"has-post-thumbnail","6":"product_cat-lauda-si-inchinare","7":"pa_autori-paul-wilbur","8":"pa_format-carte-tiparita","9":"pa_format-carte-electronica","11":"first","12":"instock","13":"shipping-taxable","14":"purchasable","15":"product-type-variable"},"acf":[],"_links":{"self":[{"href":"https:\/\/alfaomega.tv\/librarie\/wp-json\/wp\/v2\/product\/35913","targetHints":{"allow":["GET"]}}],"collection":[{"href":"https:\/\/alfaomega.tv\/librarie\/wp-json\/wp\/v2\/product"}],"about":[{"href":"https:\/\/alfaomega.tv\/librarie\/wp-json\/wp\/v2\/types\/product"}],"wp:featuredmedia":[{"embeddable":true,"href":"https:\/\/alfaomega.tv\/librarie\/wp-json\/wp\/v2\/media\/7585"}],"wp:attachment":[{"href":"https:\/\/alfaomega.tv\/librarie\/wp-json\/wp\/v2\/media?parent=35913"}],"wp:term":[{"taxonomy":"product_brand","embeddable":true,"href":"https:\/\/alfaomega.tv\/librarie\/wp-json\/wp\/v2\/product_brand?post=35913"},{"taxonomy":"product_cat","embeddable":true,"href":"https:\/\/alfaomega.tv\/librarie\/wp-json\/wp\/v2\/product_cat?post=35913"},{"taxonomy":"product_tag","embeddable":true,"href":"https:\/\/alfaomega.tv\/librarie\/wp-json\/wp\/v2\/product_tag?post=35913"}],"curies":[{"name":"wp","href":"https:\/\/api.w.org\/{rel}","templated":true}]}}