{"id":35915,"date":"2025-08-29T13:00:00","date_gmt":"2025-08-29T13:00:00","guid":{"rendered":"https:\/\/alfaomega.tv\/librarie\/?post_type=product&#038;p=35915"},"modified":"2025-10-23T08:17:20","modified_gmt":"2025-10-23T08:17:20","slug":"inarmat-cu-topor","status":"publish","type":"product","link":"https:\/\/alfaomega.tv\/librarie\/produse\/identitate-crestere-spirituala-revelatie\/inarmat-cu-topor\/","title":{"rendered":"\u00cenarmat cu topor"},"content":{"rendered":"<p>\u201e\u00centre coapsele tale zace o na\u021biune. Vei da na\u0219tere unei na\u021biuni. Dumnezeu \u00ee\u021bi d\u0103 autoritatea de a aborda uria\u0219ii care i se opun. \u00cen Texas se va porni, la nivel local, o mi\u0219care, care va fi observat\u0103 prin \u021bar\u0103. Uria\u0219ul va fi abordat. Se va \u0219ti c\u0103 din Texas s-a n\u0103scut o na\u021biune, c\u0103 o na\u021biune a plecat la r\u0103zboi \u0219i c\u0103 o na\u021biune a ob\u021binut victoria.\u201d &#8211; Chuck Pierce<\/p>\n<p>\u201eNoi trebuie s\u0103 fim o companie care lupt\u0103 bine. Peste Texas exist\u0103 o mantie care va aduce schimbare \u00een America, va legifera \u0219i va face ungeri. Cel mai mare an de r\u0103zboi va fi 2020. Va fi josnic. Reac\u021biile noastre trebuie s\u0103 fie la fel de puternice sau chiar mai puternice dec\u00e2t ale vr\u0103jma\u0219ului. Noi trebuie s\u0103 decret\u0103m ve\u0219nicie \u0219i s\u0103 o \u021binem tot \u00een decrete. Aceasta este o avertizare pentru na\u021biune. Anul 2020 va fi un asediu continuu, care va elibera ceea ce va face Dumnezeu. Fie ca vechii markeri ai fondatorilor no\u0219tri s\u0103 fie restaura\u021bi. Noi suntem o na\u021biune de leg\u0103m\u00e2nt. \u00cen consecin\u021b\u0103, urm\u0103toarea mi\u0219care a lui Dumnezeu va \u00eensemna mai mult dec\u00e2t simpla \u201em\u00e2ntuire\u201d a oamenilor. Va fi vorba de recapturarea \u021b\u0103rii. Au existat zone \u00een care leg\u0103m\u00e2ntul a fost implementat \u00een teritoriu. Vorbim despre locuri care marcheaz\u0103 scopul lui Dumnezeu. Texasul trebuie s\u0103 viziteze aceste locuri de leg\u0103m\u00e2nt&#8230; invoc\u00e2nd \u0219i pe mai departe aceste r\u0103d\u0103cini!\u201d &#8211; Dutch Sheets<\/p>\n<p>\u201ePortalurile sunt deschise. Toporul se ascute. Untdelemnul este preg\u0103tit. Vulturii au fost elibera\u021bi. Tr\u00e2mbi\u021ba a sunat. Texasul pleac\u0103 la r\u0103zboi. S-a dat trezirea. Este timpul s\u0103 ne mi\u0219c\u0103m. \u00cendreapt\u0103-\u021bi fa\u021ba spre Dumnezeu \u0219i preg\u0103te\u0219te-te s\u0103 p\u0103\u0219e\u0219ti \u00eenspre nou. Dutch Sheets a declarat: \u201eTrebuie s\u0103 fim o companie care lupt\u0103 bine. Peste Texas exist\u0103 o mantie care va aduce \u00een America schimbare, va legifera, va face ungeri, pentru a aduce toat\u0103 voia lui Dumnezeu \u00een leg\u0103m\u00e2nt de mil\u0103, purtare de grij\u0103, comunicare \u0219i destinul de a fi o voce a lui Dumnezeu. Cel mai mare an de r\u0103zboi va fi 2020. Va fi josnic. Reac\u021biile noastre trebuie s\u0103 fie la fel de puternice sau chiar mai puternice dec\u00e2t ale vr\u0103jma\u0219ului. Noi trebuie s\u0103 decret\u0103m ve\u0219nicie \u0219i s\u0103 o \u021binem tot \u00een decrete. Aceasta este o avertizare pentru na\u021biune. \u00cen vremuri nesigure, desigur! A\u0219tepta\u021bi nea\u0219teptatul! Am creat o mi\u0219care \u2013 ai fost lansat. Nu mai e\u0219ti o re\u021bea. E\u0219ti o mi\u0219care. Al\u0103tur\u0103-te mi\u0219c\u0103rii! Noi m\u00e2nuim toporul, iar Texasul pleac\u0103 la r\u0103zboi!\u201d &#8211; Tom Schlueter<\/p>\n<p>\u201eTexanii se mobilizeaz\u0103 la sunetul armelor. Ei sunt dispu\u0219i s\u0103 lupte pe front, ca v\u00e2rf de lance, atunci c\u00e2nd libertatea este amenin\u021bat\u0103.\u201d &#8211; Lct. Col. Allen West<\/p>\n<\/p>\n<p>Nr. pagini: 142<\/p>\n","protected":false},"excerpt":{"rendered":"<p>Un model at\u00e2t pentru a ne provoca, c\u00e2t \u0219i pentru a ne \u00eencuraja s\u0103 avans\u0103m \u00een scopurile lui Dumnezeu<\/p>\n","protected":false},"featured_media":7587,"template":"","meta":{"_acf_changed":false},"product_brand":[],"product_cat":[21],"product_tag":[],"class_list":{"0":"post-35915","1":"product","2":"type-product","3":"status-publish","4":"has-post-thumbnail","6":"product_cat-identitate-crestere-spirituala-revelatie","7":"pa_autori-dr-thomas-schlueter","8":"pa_format-carte-tiparita","9":"pa_format-carte-electronica","11":"first","12":"instock","13":"shipping-taxable","14":"purchasable","15":"product-type-variable"},"acf":[],"_links":{"self":[{"href":"https:\/\/alfaomega.tv\/librarie\/wp-json\/wp\/v2\/product\/35915","targetHints":{"allow":["GET"]}}],"collection":[{"href":"https:\/\/alfaomega.tv\/librarie\/wp-json\/wp\/v2\/product"}],"about":[{"href":"https:\/\/alfaomega.tv\/librarie\/wp-json\/wp\/v2\/types\/product"}],"wp:featuredmedia":[{"embeddable":true,"href":"https:\/\/alfaomega.tv\/librarie\/wp-json\/wp\/v2\/media\/7587"}],"wp:attachment":[{"href":"https:\/\/alfaomega.tv\/librarie\/wp-json\/wp\/v2\/media?parent=35915"}],"wp:term":[{"taxonomy":"product_brand","embeddable":true,"href":"https:\/\/alfaomega.tv\/librarie\/wp-json\/wp\/v2\/product_brand?post=35915"},{"taxonomy":"product_cat","embeddable":true,"href":"https:\/\/alfaomega.tv\/librarie\/wp-json\/wp\/v2\/product_cat?post=35915"},{"taxonomy":"product_tag","embeddable":true,"href":"https:\/\/alfaomega.tv\/librarie\/wp-json\/wp\/v2\/product_tag?post=35915"}],"curies":[{"name":"wp","href":"https:\/\/api.w.org\/{rel}","templated":true}]}}