{"id":35917,"date":"2025-08-29T13:00:00","date_gmt":"2025-08-29T13:00:00","guid":{"rendered":"https:\/\/alfaomega.tv\/librarie\/?post_type=product&#038;p=35917"},"modified":"2025-10-23T08:13:05","modified_gmt":"2025-10-23T08:13:05","slug":"intoarcerea-preotilor","status":"publish","type":"product","link":"https:\/\/alfaomega.tv\/librarie\/produse\/identitate-crestere-spirituala-revelatie\/intoarcerea-preotilor\/","title":{"rendered":"\u00centoarcerea preo\u021bilor"},"content":{"rendered":"<p>\u00cen acest ceas, Dumnezeu \u00eenal\u021b\u0103 un drapel \u0219i dore\u0219te ca \u00eentreaga Biseric\u0103 s\u0103 \u00ee\u0219i grupeze for\u021bele sub el. Drapelul reprezint\u0103 dorin\u021ba lui Dumnezeu de a restaura \u00een Biserica Lui preo\u021bia lui Melhisedec \u2013 chem\u00e2nd credincio\u0219ii s\u0103-I slujeasc\u0103 lui Dumnezeu \u0219i \u00een sferele lor de influen\u021b\u0103. Dac\u0103 aceast\u0103 chemare la preo\u021bie este standardul ridicat \u00eenaintea Bisericii, trebuie s\u0103 ne apuc\u0103m de definirea preo\u021biei \u0219i, mai important, s\u0103 \u00eencepem s\u0103 umbl\u0103m \u00een ea. \u00cen \u00centoarcerea preo\u021bilor, Thomas Schlueter define\u0219te preo\u021bia \u0219i, \u00eentr-o terminologie simpl\u0103, apel\u00e2nd la ilustra\u021bii din via\u021ba cotidian\u0103, explic\u0103 \u00een\u021belegerea pe care o are asupra faptului c\u0103 Dumnezeu ne vrea pe to\u021bi s\u0103 st\u0103m \u00eenaintea Lui ca preo\u021bi.<\/p>\n<p>Preo\u021bia este&#8230;<\/p>\n<ul>\n<li>o chemare ini\u021biat\u0103 \u0219i definit\u0103 de Dumnezeu;<\/li>\n<li>o invita\u021bie, \u00een virtutea leg\u0103m\u00e2ntului nostru de credin\u021b\u0103, la o p\u0103rt\u0103\u0219ie intim\u0103 cu Dumnezeu;<\/li>\n<li>desf\u0103\u0219urat\u0103 nu \u00een cadrul unui sistem religios, ci \u00een via\u021ba de fiecare zi;<\/li>\n<li>menit\u0103 tuturor celor chema\u021bi \u0219i r\u0103scump\u0103ra\u021bi prin voia suveran\u0103 \u0219i harul lui Dumnezeu, prin Isus Hristos;<\/li>\n<li>exprimat\u0103 prin vie\u021bile noastre, \u00een autoritatea care ne este dat\u0103 de Dumnezeu de a sluji \u00een \u00cemp\u0103r\u0103\u021bia Lui, ca r\u0103spuns la o rela\u021bie apropiat\u0103 cu El.<\/li>\n<\/ul>\n<p>Dumnezeu restaureaz\u0103 o \u00eemp\u0103r\u0103\u021bie de preo\u021bi \u00een genera\u021bia noastr\u0103 \u2013 nu una definit\u0103 de gulere clericale \u0219i ritualuri religioase \u2013, ci o preo\u021bie de oameni afla\u021bi zilnic \u00een intimitate cu Dumnezeu. Preo\u021bii de zi cu zi aud glasul Lui \u0219i transmit inima Lui, cu o autoritate care schimb\u0103 vie\u021bi, \u00een casele lor, \u00een cartierele lor \u0219i la locurile lor de munc\u0103.<\/p>\n<p>Pasiunea pentru \u00eenchinare \u0219i viziunea pentru mijlocirea cu autoritate p\u0103trund toat\u0103 \u00eenv\u0103\u021b\u0103tura \u0219i predicile pastorului Schlueter. Acesta apeleaz\u0103 cu m\u0103iestrie la experien\u021bele cotidiene pentru a ilustra principiile \u00cemp\u0103r\u0103\u021biei. Citind aceast\u0103 carte, vei c\u0103p\u0103ta o nou\u0103 \u00een\u021belegere asupra autorit\u0103\u021bii pe care Dumnezeu \u021bi-o d\u0103, precum \u0219i o foame mai ad\u00e2nc\u0103 dup\u0103 inimitatea cu Tat\u0103l.<\/p>\n<\/p>\n<p>Nr. pagini: 194<\/p>\n","protected":false},"excerpt":{"rendered":"<p>S\u0103 descoperim adev\u0103ratul plan al lui Dumnezeu pentru poporul Lui<\/p>\n","protected":false},"featured_media":7589,"template":"","meta":{"_acf_changed":false},"product_brand":[],"product_cat":[21],"product_tag":[],"class_list":{"0":"post-35917","1":"product","2":"type-product","3":"status-publish","4":"has-post-thumbnail","6":"product_cat-identitate-crestere-spirituala-revelatie","7":"pa_autori-dr-thomas-schlueter","8":"pa_format-carte-tiparita","9":"pa_format-carte-electronica","11":"first","12":"instock","13":"shipping-taxable","14":"purchasable","15":"product-type-variable"},"acf":[],"_links":{"self":[{"href":"https:\/\/alfaomega.tv\/librarie\/wp-json\/wp\/v2\/product\/35917","targetHints":{"allow":["GET"]}}],"collection":[{"href":"https:\/\/alfaomega.tv\/librarie\/wp-json\/wp\/v2\/product"}],"about":[{"href":"https:\/\/alfaomega.tv\/librarie\/wp-json\/wp\/v2\/types\/product"}],"wp:featuredmedia":[{"embeddable":true,"href":"https:\/\/alfaomega.tv\/librarie\/wp-json\/wp\/v2\/media\/7589"}],"wp:attachment":[{"href":"https:\/\/alfaomega.tv\/librarie\/wp-json\/wp\/v2\/media?parent=35917"}],"wp:term":[{"taxonomy":"product_brand","embeddable":true,"href":"https:\/\/alfaomega.tv\/librarie\/wp-json\/wp\/v2\/product_brand?post=35917"},{"taxonomy":"product_cat","embeddable":true,"href":"https:\/\/alfaomega.tv\/librarie\/wp-json\/wp\/v2\/product_cat?post=35917"},{"taxonomy":"product_tag","embeddable":true,"href":"https:\/\/alfaomega.tv\/librarie\/wp-json\/wp\/v2\/product_tag?post=35917"}],"curies":[{"name":"wp","href":"https:\/\/api.w.org\/{rel}","templated":true}]}}