{"id":35919,"date":"2025-08-29T13:00:11","date_gmt":"2025-08-29T13:00:11","guid":{"rendered":"https:\/\/alfaomega.tv\/librarie\/?post_type=product&#038;p=35919"},"modified":"2025-08-29T13:00:23","modified_gmt":"2025-08-29T13:00:23","slug":"biblie-foarte-mare-088-ctr","status":"publish","type":"product","link":"https:\/\/alfaomega.tv\/librarie\/produse\/biblii\/biblie-foarte-mare-088-ctr\/","title":{"rendered":"Biblie foarte mare 088 CTR"},"content":{"rendered":"<p>Biblia sau Sf\u00e2nta Scriptur\u0103 a Vechiului \u0219i Noului Testament cu trimiteri. Biblie foarte mare, copert\u0103 cartonat\u0103. Con\u021bine urm\u0103toarele materiale ajut\u0103toare: Plan de citire a Bibliei \u00eentr-un an Dic\u021bionar de cuvinte Minunile Domnului Isus Pildele Domnului Isus Unit\u0103\u021bi de m\u0103sur\u0103 \u00een Biblie H\u0103r\u021bi<\/p>\n","protected":false},"excerpt":{"rendered":"<p>Biblia sau Sf\u00e2nta Scriptur\u0103 a Vechiului \u0219i Noului Testament cu trimiteri. Biblie foarte mare, copert\u0103 cartonat\u0103. Con\u021bine urm\u0103toarele materiale ajut\u0103toare: Plan de citire a Bibliei \u00eentr-un an Dic\u021bionar de cuvinte Minunile Domnului Isus Pildele Domnului Isus Unit\u0103\u021bi de m\u0103sur\u0103 \u00een Biblie H\u0103r\u021bi<\/p>\n","protected":false},"featured_media":7591,"template":"","meta":{"_acf_changed":false},"product_brand":[],"product_cat":[29],"product_tag":[],"class_list":{"0":"post-35919","1":"product","2":"type-product","3":"status-publish","4":"has-post-thumbnail","6":"product_cat-biblii","7":"pa_format-carte-tiparita","9":"first","10":"outofstock","11":"shipping-taxable","12":"purchasable","13":"product-type-variable"},"acf":[],"_links":{"self":[{"href":"https:\/\/alfaomega.tv\/librarie\/wp-json\/wp\/v2\/product\/35919","targetHints":{"allow":["GET"]}}],"collection":[{"href":"https:\/\/alfaomega.tv\/librarie\/wp-json\/wp\/v2\/product"}],"about":[{"href":"https:\/\/alfaomega.tv\/librarie\/wp-json\/wp\/v2\/types\/product"}],"wp:featuredmedia":[{"embeddable":true,"href":"https:\/\/alfaomega.tv\/librarie\/wp-json\/wp\/v2\/media\/7591"}],"wp:attachment":[{"href":"https:\/\/alfaomega.tv\/librarie\/wp-json\/wp\/v2\/media?parent=35919"}],"wp:term":[{"taxonomy":"product_brand","embeddable":true,"href":"https:\/\/alfaomega.tv\/librarie\/wp-json\/wp\/v2\/product_brand?post=35919"},{"taxonomy":"product_cat","embeddable":true,"href":"https:\/\/alfaomega.tv\/librarie\/wp-json\/wp\/v2\/product_cat?post=35919"},{"taxonomy":"product_tag","embeddable":true,"href":"https:\/\/alfaomega.tv\/librarie\/wp-json\/wp\/v2\/product_tag?post=35919"}],"curies":[{"name":"wp","href":"https:\/\/api.w.org\/{rel}","templated":true}]}}